{"id":9312,"date":"2023-12-25T04:50:28","date_gmt":"2023-12-25T04:50:28","guid":{"rendered":"https:\/\/immico.vn\/?page_id=9312\/"},"modified":"2025-05-27T03:44:50","modified_gmt":"2025-05-27T03:44:50","slug":"dinh-cu-new-zealand","status":"publish","type":"page","link":"https:\/\/immico.vn\/vi\/dinh-cu-new-zealand\/","title":{"rendered":"\u0110\u1ecbnh c\u01b0 New Zealand"},"content":{"rendered":"<div class=\"wpb-content-wrapper\">[vc_row css=&#8221;.vc_custom_1748317480887{margin-top: -30px !important;}&#8221;][vc_column]<div class=\"shortcode-wrapper shortcode-title clearfix hb-animate-element hb-fade-in\"><p style=\"color:#9a4c3c!important;border-color:#9a4c3c\" class=\"hb-text-large aligncenter\">\u0110\u1ecbnh c\u01b0 New Zealand<\/p><\/div>[\/vc_column][\/vc_row][vc_row][vc_column][vc_column_text css=&#8221;&#8221;]\n<p style=\"text-align: justify;\">New Zealand l\u00e0 m\u1ed9t qu\u1ed1c \u0111\u1ea3o tuy\u1ec7t \u0111\u1eb9p \u1edf Th\u00e1i B\u00ecnh D\u01b0\u01a1ng, v\u1edbi nh\u1eefng h\u1ed3 n\u01b0\u1edbc m\u00e0u ng\u1ecdc lam, nh\u1eefng b\u00e3i bi\u1ec3n v\u00e0ng v\u00e0 nh\u1eefng khu r\u1eebng tuy\u1ec7t \u0111\u1eb9p. \u0110\u00e2y l\u00e0 \u0111i\u1ec3m \u0111\u1ebfn ph\u1ed5 bi\u1ebfn d\u00e0nh cho ng\u01b0\u1eddi n\u01b0\u1edbc ngo\u00e0i \u0111ang t\u00ecm ki\u1ebfm l\u1ed1i s\u1ed1ng \u0111\u1ed9c \u0111\u00e1o v\u00e0 ch\u1ea5t l\u01b0\u1ee3ng cu\u1ed9c s\u1ed1ng cao. Tr\u00ean th\u1ef1c t\u1ebf, \u0111\u1ea5t n\u01b0\u1edbc n\u00e0y \u0111\u01b0\u1ee3c x\u1ebfp h\u1ea1ng t\u1ed1t \u1edf nhi\u1ec1u l\u0129nh v\u1ef1c, bao g\u1ed3m thu nh\u1eadp, gi\u00e1o d\u1ee5c v\u00e0 y t\u1ebf. Ngo\u00e0i ra, c\u00f3 nhi\u1ec1u con \u0111\u01b0\u1eddng \u0111\u1ec3 tr\u1edf th\u00e0nh th\u01b0\u1eddng tr\u00fa nh\u00e2n \u1edf New Zealand.<br \/>\n<strong>1. C\u00f3 c\u1ea7n xin th\u1ecb th\u1ef1c \u0111\u1ec3 chuy\u1ec3n \u0111\u1ebfn New Zealand kh\u00f4ng?<\/strong><br \/>\nN\u1ebfu b\u1ea1n d\u1ef1 \u0111\u1ecbnh \u1edf l\u1ea1i trong th\u1eddi gian d\u00e0i h\u01a1n v\u00e0 c\u01b0 tr\u00fa t\u1ea1i New Zealand, b\u1ea1n c\u1ea7n ph\u1ea3i n\u1ed9p \u0111\u01a1n xin th\u1ecb th\u1ef1c d\u00e0i h\u1ea1n \u0111\u1ec3 \u0111\u1ecbnh c\u01b0. N\u1ebfu b\u1ea1n \u0111\u1ebfn New Zealand trong nh\u1eefng chuy\u1ebfn \u0111i ng\u1eafn ng\u00e0y, c\u00f3 kh\u1ea3 n\u0103ng b\u1ea1n s\u1ebd kh\u00f4ng c\u1ea7n th\u1ecb th\u1ef1c\u2014 \u0111i\u1ec1u n\u00e0y t\u00f9y thu\u1ed9c v\u00e0o qu\u1ed1c gia c\u01b0 tr\u00fa c\u1ee7a b\u1ea1n, h\u00e3y \u0111\u1ea3m b\u1ea3o ki\u1ec3m tra v\u1edbi \u0111\u1ea1i s\u1ee9 qu\u00e1n\/l\u00e3nh s\u1ef1 qu\u00e1n t\u01b0\u01a1ng \u1ee9ng.<br \/>\n<strong>2. C\u00f4ng d\u00e2n Hoa K\u1ef3 c\u00f3 c\u1ea7n Visa \u0111\u1ec3 chuy\u1ec3n \u0111\u1ebfn New Zealand kh\u00f4ng?<\/strong><br \/>\nC\u00f4ng d\u00e2n Hoa K\u1ef3 \u0111\u1ebfn New Zealand trong th\u1eddi gian d\u00e0i h\u01a1n (tr\u00ean 3 th\u00e1ng) s\u1ebd c\u1ea7n ph\u1ea3i xin th\u1ecb th\u1ef1c \u0111\u1ec3 \u0111\u01b0\u1ee3c ph\u00e9p \u1edf l\u1ea1i n\u01b0\u1edbc n\u00e0y. H\u1ecd kh\u00f4ng c\u1ea7n th\u1ecb th\u1ef1c ch\u1ec9 khi h\u1ecd \u1edf l\u1ea1i trong m\u1ed9t kho\u1ea3ng th\u1eddi gian ng\u1eafn. Trong tr\u01b0\u1eddng h\u1ee3p n\u00e0y, h\u1ecd c\u00f3 th\u1ec3 v\u00e0o New Zealand b\u1eb1ng NZeTA (C\u01a1 quan Du l\u1ecbch \u0110i\u1ec7n t\u1eed New Zealand) .<br \/>\nTuy nhi\u00ean, \u0111\u1ec3 \u1edf l\u1ea1i l\u00e2u h\u01a1n, c\u00f4ng d\u00e2n Hoa K\u1ef3 c\u1ea7n ph\u1ea3i n\u1ed9p \u0111\u01a1n xin th\u1ecb th\u1ef1c l\u01b0u tr\u00fa d\u00e0i h\u1ea1n th\u00edch h\u1ee3p.<br \/>\n<strong>3. L\u00e0m c\u00e1ch n\u00e0o \u0111\u1ec3 chuy\u1ec3n \u0111\u1ebfn New Zealand?<\/strong><br \/>\n\u0110\u00e2y l\u00e0 c\u00e1ch b\u1ea1n c\u00f3 th\u1ec3 chuy\u1ec3n \u0111\u1ebfn New Zealand trong th\u1eddi gian k\u00e9o d\u00e0i ba th\u00e1ng:<br \/>\n&#8211; Chuy\u1ec3n \u0111\u1ebfn New Zealand \u0111\u1ec3 l\u00e0m vi\u1ec7c.<br \/>\n&#8211; Chuy\u1ec3n \u0111\u1ebfn New Zealand \u0111\u1ec3 h\u1ecdc t\u1eadp.<br \/>\n&#8211; Chuy\u1ec3n \u0111\u1ebfn New Zealand \u0111\u1ec3 \u0111o\u00e0n t\u1ee5 gia \u0111\u00ecnh.<br \/>\n&#8211; Chuy\u1ec3n \u0111\u1ebfn New Zealand \u0111\u1ec3 \u0111\u1ea7u t\u01b0.<br \/>\n&#8211; Chuy\u1ec3n \u0111\u1ebfn New Zealand \u0111\u1ec3 ngh\u1ec9 h\u01b0u.<br \/>\nB\u1ea5t c\u1ee9 ai mu\u1ed1n chuy\u1ec3n \u0111\u1ebfn New Zealand v\u0129nh vi\u1ec5n s\u1ebd c\u1ea7n ph\u1ea3i c\u00f3 th\u1ecb th\u1ef1c c\u01b0 tr\u00fa. Nh\u01b0 \u0111\u00e3 \u0111\u1ec1 c\u1eadp \u1edf tr\u00ean, c\u00f3 nhi\u1ec1u c\u00e1ch kh\u00e1c nhau \u0111\u1ec3 b\u1ea1n c\u00f3 th\u1ec3 c\u00f3 \u0111\u01b0\u1ee3c th\u1ecb th\u1ef1c c\u01b0 tr\u00fa d\u00e0i h\u1ea1n \u1edf New Zealand, t\u00f9y thu\u1ed9c v\u00e0o l\u00fd do b\u1ea1n chuy\u1ec3n \u0111\u1ebfn \u0111\u1ea5t n\u01b0\u1edbc n\u00e0y.<br \/>\n\u0110i\u1ec1u n\u00e0y kh\u00f4ng \u00e1p d\u1ee5ng cho c\u00f4ng d\u00e2n New Zealand ho\u1eb7c c\u00f4ng d\u00e2n \u00dac.<br \/>\n<strong>Chuy\u1ec3n \u0111\u1ebfn New Zealand \u0111\u1ec3 l\u00e0m vi\u1ec7c<\/strong><br \/>\n\u0110\u1ec3 \u0111\u01b0\u1ee3c ph\u00e9p s\u1ed1ng \u1edf New Zealand v\u00f4 th\u1eddi h\u1ea1n ho\u1eb7c trong th\u1eddi gian d\u00e0i h\u01a1n 12 th\u00e1ng (m\u1ed9t n\u0103m), b\u1ea1n c\u1ea7n ph\u1ea3i xin visa l\u00e0m vi\u1ec7c. New Zealand c\u1ea5p h\u01a1n 80 lo\u1ea1i th\u1ecb th\u1ef1c kh\u00e1c nhau cho ph\u00e9p b\u1ea1n l\u00e0m vi\u1ec7c t\u1ea1i New Zealand.<br \/>\nM\u1ed9t s\u1ed1 th\u1ecb th\u1ef1c l\u00e0m vi\u1ec7c cho ph\u00e9p b\u1ea1n \u0111\u01b0\u1ee3c c\u01b0 tr\u00fa ngay l\u1eadp t\u1ee9c, cho ph\u00e9p b\u1ea1n s\u1ed1ng, h\u1ecdc t\u1eadp v\u00e0 l\u00e0m vi\u1ec7c \u1edf New Zealand v\u00f4 th\u1eddi h\u1ea1n. Tuy nhi\u00ean, \u0111\u1ec3 \u0111\u1ee7 \u0111i\u1ec1u ki\u1ec7n nh\u1eadn c\u00e1c lo\u1ea1i th\u1ecb th\u1ef1c n\u00e0y, b\u1ea1n ph\u1ea3i c\u00f3 k\u1ef9 n\u0103ng, kinh nghi\u1ec7m v\u00e0 tr\u00ecnh \u0111\u1ed9 c\u1ea7n thi\u1ebft cho l\u1ef1c l\u01b0\u1ee3ng lao \u0111\u1ed9ng New Zealand.<br \/>\nB\u1ea1n c\u00f3 th\u1ec3 n\u1ed9p \u0111\u01a1n tr\u1ef1c tuy\u1ebfn cho h\u1ea7u h\u1ebft c\u00e1c th\u1ecb th\u1ef1c l\u00e0m vi\u1ec7c \u1edf New Zealand b\u1eb1ng c\u00e1ch thi\u1ebft l\u1eadp t\u00e0i kho\u1ea3n RealMe c\u1ee7a Ch\u00ednh ph\u1ee7 New Zealand. \u0110\u1ed1i v\u1edbi m\u1ed9t s\u1ed1 th\u1ecb th\u1ef1c l\u00e0m vi\u1ec7c, b\u1ea1n c\u1ea7n ph\u1ea3i n\u1ed9p \u0111\u01a1n tr\u1ef1c ti\u1ebfp\u2014\u0111\u1ea3m b\u1ea3o ki\u1ec3m tra v\u1edbi v\u0103n ph\u00f2ng nh\u1eadp c\u01b0 tr\u01b0\u1edbc khi b\u1ea1n n\u1ed9p \u0111\u01a1n.<br \/>\nSau khi c\u00f3 \u0111\u01b0\u1ee3c th\u1ecb th\u1ef1c l\u00e0m vi\u1ec7c, b\u1ea1n n\u00ean n\u1ed9p \u0111\u01a1n xin s\u1ed1 IRD t\u1eeb C\u1ee5c Thu\u1ebf n\u1ed9i \u0111\u1ecba. Sau \u0111\u00f3, b\u1ea1n s\u1ebd cung c\u1ea5p s\u1ed1 n\u00e0y cho ng\u01b0\u1eddi s\u1eed d\u1ee5ng lao \u0111\u1ed9ng c\u1ee7a m\u00ecnh sau khi b\u1eaft \u0111\u1ea7u l\u00e0m vi\u1ec7c v\u00e0 s\u1eed d\u1ee5ng n\u00f3 cho t\u1ea5t c\u1ea3 c\u00e1c v\u1ea5n \u0111\u1ec1 v\u1ec1 thu\u1ebf \u1edf New Zealand.<br \/>\n<strong>Chuy\u1ec3n \u0111\u1ebfn New Zealand \u0111\u1ec3 h\u1ecdc t\u1eadp<\/strong><br \/>\nN\u1ebfu b\u1ea1n mu\u1ed1n chuy\u1ec3n \u0111\u1ebfn New Zealand \u0111\u1ec3 theo \u0111u\u1ed5i vi\u1ec7c h\u1ecdc l\u00e2u h\u01a1n ba th\u00e1ng, b\u1ea1n s\u1ebd c\u1ea7n c\u00f3 th\u1ecb th\u1ef1c du h\u1ecdc. \u0110\u1ec3 \u0111\u1ee7 \u0111i\u1ec1u ki\u1ec7n xin th\u1ecb th\u1ef1c du h\u1ecdc, b\u1ea1n c\u1ea7n ph\u1ea3i \u0111\u01b0\u1ee3c nh\u1eadn v\u00e0o m\u1ed9t c\u01a1 s\u1edf gi\u00e1o d\u1ee5c \u1edf New Zealand. Ch\u01b0\u01a1ng tr\u00ecnh h\u1ecdc m\u00e0 b\u1ea1n c\u00f3 th\u1ec3 h\u1ecdc t\u00f9y thu\u1ed9c v\u00e0o ch\u01b0\u01a1ng tr\u00ecnh m\u00e0 C\u01a1 quan Ch\u1ee9ng nh\u1eadn New Zealand (NZQA) \u0111\u00e3 ph\u00ea duy\u1ec7t.<br \/>\nB\u1ea1n c\u00f3 th\u1ec3 n\u1ed9p \u0111\u01a1n tr\u1ef1c tuy\u1ebfn tr\u00ean trang web nh\u1eadp c\u01b0 ch\u00ednh th\u1ee9c c\u1ee7a Ch\u00ednh ph\u1ee7 ho\u1eb7c t\u1ea1i \u0111\u1ea1i s\u1ee9 qu\u00e1n ho\u1eb7c l\u00e3nh s\u1ef1 qu\u00e1n New Zealand \u1edf n\u01b0\u1edbc b\u1ea1n.<br \/>\nTh\u00f4ng th\u01b0\u1eddng, b\u1ea1n c\u00f3 th\u1ec3 l\u00e0m vi\u1ec7c t\u1edbi 20 gi\u1edd m\u1ed9t tu\u1ea7n trong th\u1eddi gian h\u1ecdc v\u00e0 to\u00e0n th\u1eddi gian trong c\u00e1c k\u1ef3 ngh\u1ec9. Ngo\u00e0i ra, b\u1ea1n c\u00f3 th\u1ec3 mang theo nh\u1eefng ng\u01b0\u1eddi th\u00e2n trong gia \u0111\u00ecnh (v\u1ee3 ch\u1ed3ng v\u00e0 con c\u00e1i). Tuy nhi\u00ean, h\u00e3y nh\u1edb r\u1eb1ng kh\u00f4ng ph\u1ea3i m\u1ecdi th\u1ecb th\u1ef1c du h\u1ecdc \u0111\u1ec1u cho ph\u00e9p b\u1ea1n l\u00e0m vi\u1ec7c ho\u1eb7c mang theo c\u00e1c th\u00e0nh vi\u00ean gia \u0111\u00ecnh \u0111\u1ebfn New Zealand. V\u00ec v\u1eady, b\u1ea1n n\u00ean ki\u1ec3m tra tr\u01b0\u1edbc khi ch\u1ecdn lo\u1ea1i th\u1ecb th\u1ef1c du h\u1ecdc.<br \/>\n<strong>Chuy\u1ec3n \u0111\u1ebfn New Zealand \u0111\u1ec3 \u0111o\u00e0n t\u1ee5 gia \u0111\u00ecnh<\/strong><br \/>\nNh\u1eefng ng\u01b0\u1eddi kh\u00f4ng ph\u1ea3i l\u00e0 c\u00f4ng d\u00e2n mu\u1ed1n mang theo ho\u1eb7c tham gia c\u00f9ng c\u00e1c th\u00e0nh vi\u00ean gia \u0111\u00ecnh \u1edf New Zealand c\u00f3 th\u1ec3 l\u00e0m nh\u01b0 v\u1eady b\u1eb1ng c\u00e1ch n\u1ed9p \u0111\u01a1n xin th\u1ecb th\u1ef1c gia \u0111\u00ecnh New Zealand .<br \/>\nC\u00e1c th\u00e0nh vi\u00ean gia \u0111\u00ecnh \u0111\u1ee7 \u0111i\u1ec1u ki\u1ec7n tham gia c\u00f9ng b\u1ea1n \u1edf New Zealand l\u00e0:<br \/>\n&#8211; V\u1ee3 ch\u1ed3ng.<br \/>\n&#8211; Cha m\u1eb9.<br \/>\n&#8211; Tr\u1ebb em (con ru\u1ed9t ho\u1eb7c con nu\u00f4i).<br \/>\n&#8211; Con c\u00e1i ph\u1ee5 thu\u1ed9c t\u1eeb 24 tu\u1ed5i tr\u1edf xu\u1ed1ng.<br \/>\n&#8211; \u00d4ng b\u00e0 (b\u00e0 v\u00e0 \u00f4ng n\u1ed9i).<br \/>\nLo\u1ea1i th\u1ecb th\u1ef1c b\u1ea1n c\u1ea7n n\u1ed9p \u0111\u01a1n xin t\u00f9y thu\u1ed9c v\u00e0o m\u1ed1i quan h\u1ec7 c\u1ee7a b\u1ea1n v\u1edbi ng\u01b0\u1eddi c\u01b0 tr\u00fa t\u1ea1i New Zealand.<br \/>\n<strong>Chuy\u1ec3n \u0111\u1ebfn New Zealand \u0111\u1ec3 \u0111\u1ea7u t\u01b0<\/strong><br \/>\nNew Zealand c\u00f3 nhi\u1ec1u lo\u1ea1i th\u1ecb th\u1ef1c \u0111\u1ea7u t\u01b0 cho ph\u00e9p b\u1ea1n s\u1ed1ng \u1edf \u0111\u00f3 v\u0129nh vi\u1ec5n b\u1eb1ng c\u00e1ch \u0111\u1ea7u t\u01b0 v\u00e0o qu\u1ed1c gia n\u00e0y. Nh\u1eefng th\u1ecb th\u1ef1c \u0111\u1ea7u t\u01b0 n\u00e0y \u0111\u01b0\u1ee3c c\u1ea5p cho nh\u1eefng c\u00e1 nh\u00e2n gi\u00e0u c\u00f3 c\u00f3 \u0111\u1ee7 kh\u1ea3 n\u0103ng t\u00e0i ch\u00ednh c\u1ea7n thi\u1ebft \u0111\u1ec3 \u0111\u1ea7u t\u01b0 v\u00e0o New Zealand. \u0110\u1ec3 \u0111\u1ee7 \u0111i\u1ec1u ki\u1ec7n xin th\u1ecb th\u1ef1c \u0111\u1ea7u t\u01b0, b\u1ea1n ph\u1ea3i \u0111\u00e1p \u1ee9ng c\u00e1c y\u00eau c\u1ea7u v\u1ec1 t\u00e0i ch\u00ednh. C\u00e1c ti\u00eau ch\u00ed t\u00e0i ch\u00ednh thay \u0111\u1ed5i t\u00f9y thu\u1ed9c v\u00e0o lo\u1ea1i th\u1ecb th\u1ef1c b\u1ea1n \u0111ang n\u1ed9p \u0111\u01a1n.<br \/>\nH\u1ea7u h\u1ebft c\u00e1c th\u1ecb th\u1ef1c \u0111\u1ea7u t\u01b0 cho ph\u00e9p b\u1ea1n s\u1ed1ng v\u00f4 th\u1eddi h\u1ea1n \u1edf New Zealand nh\u01b0ng m\u1ed9t s\u1ed1 c\u00f3 th\u1ec3 c\u00f3 th\u1eddi h\u1ea1n hi\u1ec7u l\u1ef1c h\u1ea1n ch\u1ebf. \u0110\u00e2y l\u00e0 l\u00fd do t\u1ea1i sao b\u1ea1n ph\u1ea3i lu\u00f4n ki\u1ec3m tra k\u1ef9 c\u00e1c \u0111i\u1ec1u ki\u1ec7n c\u1ee7a th\u1ecb th\u1ef1c tr\u01b0\u1edbc khi n\u1ed9p \u0111\u01a1n.<br \/>\n<strong>Chuy\u1ec3n \u0111\u1ebfn New Zealand \u0111\u1ec3 ngh\u1ec9 h\u01b0u<\/strong><br \/>\nN\u1ebfu b\u1ea1n mu\u1ed1n chuy\u1ec3n \u0111\u1ebfn New Zealand \u0111\u1ec3 ti\u1ebfp t\u1ee5c ngh\u1ec9 h\u01b0u, b\u1ea1n s\u1ebd c\u1ea7n ph\u1ea3i n\u1ed9p \u0111\u01a1n xin th\u1ecb th\u1ef1c ngh\u1ec9 h\u01b0u \u1edf New Zealand. New Zealand cung c\u1ea5p hai con \u0111\u01b0\u1eddng ngh\u1ec9 h\u01b0u cho b\u1ea5t k\u1ef3 ai mu\u1ed1n ngh\u1ec9 h\u01b0u \u1edf n\u01b0\u1edbc n\u00e0y. Tuy nhi\u00ean, \u0111\u1ec3 \u0111\u1ee7 \u0111i\u1ec1u ki\u1ec7n xin th\u1ecb th\u1ef1c ngh\u1ec9 h\u01b0u \u1edf New Zealand, b\u1ea1n ph\u1ea3i \u0111\u00e1p \u1ee9ng c\u00e1c ti\u00eau ch\u00ed ngh\u1ec9 h\u01b0u, bao g\u1ed3m c\u1ea3 vi\u1ec7c kh\u00f4ng c\u00f3 con c\u00e1i ph\u1ee5 thu\u1ed9c. Nh\u01b0 v\u1eady, n\u1ebfu b\u1ea1n c\u00f3 con c\u00e1i ph\u1ee5 thu\u1ed9c, b\u1ea1n s\u1ebd kh\u00f4ng \u0111\u1ee7 \u0111i\u1ec1u ki\u1ec7n \u0111\u1ec3 \u0111\u01b0\u1ee3c c\u1ea5p th\u1ecb th\u1ef1c h\u01b0u tr\u00ed.<br \/>\n\u0110\u1ec3 ngh\u1ec9 h\u01b0u \u1edf New Zealand, b\u1ea1n c\u00f3 th\u1ec3 n\u1ed9p \u0111\u01a1n xin m\u1ed9t trong c\u00e1c lo\u1ea1i th\u1ecb th\u1ef1c ngh\u1ec9 h\u01b0u sau:<br \/>\n\u2022 Visa du l\u1ecbch ngh\u1ec9 h\u01b0u t\u1ea1m th\u1eddi \u1edf New Zealand \u2013 n\u1ebfu b\u1ea1n tr\u00ean 66 tu\u1ed5i v\u00e0 c\u00f3 750.000 \u0111\u00f4 la New Zealand \u0111\u1ec3 \u0111\u1ea7u t\u01b0 v\u00e0o New Zealand.<br \/>\n\u2022 Visa ngh\u1ec9 h\u01b0u d\u00e0nh cho cha m\u1eb9 th\u01b0\u1eddng tr\u00fa t\u1ea1i New Zealand &#8211; n\u1ebfu b\u1ea1n c\u00f3 con l\u00e0 c\u00f4ng d\u00e2n ho\u1eb7c c\u01b0 d\u00e2n New Zealand v\u00e0 \u0111\u00e1p \u1ee9ng c\u00e1c ti\u00eau ch\u00ed \u0111\u1ea7u t\u01b0<br \/>\nC\u00e1c \u0111\u01a1n xin th\u1ecb th\u1ef1c h\u01b0u tr\u00ed kh\u00e1c nhau t\u00f9y thu\u1ed9c v\u00e0o lo\u1ea1i th\u1ecb th\u1ef1c h\u01b0u tr\u00ed m\u00e0 b\u1ea1n \u0111ang n\u1ed9p \u0111\u01a1n.<br \/>\n<strong>4. T\u00f4i c\u1ea7n s\u1ed1ng \u1edf New Zealand bao l\u00e2u \u0111\u1ec3 c\u00f3 \u0111\u01b0\u1ee3c quy\u1ec1n c\u00f4ng d\u00e2n?<\/strong><br \/>\n\u0110\u1ec3 c\u00f3 \u0111\u01b0\u1ee3c quy\u1ec1n c\u00f4ng d\u00e2n \u1edf New Zealand v\u1edbi t\u01b0 c\u00e1ch l\u00e0 ng\u01b0\u1eddi n\u01b0\u1edbc ngo\u00e0i, b\u1ea1n ph\u1ea3i s\u1ed1ng \u1edf qu\u1ed1c gia n\u00e0y t\u1ed1i thi\u1ec3u 5 n\u0103m theo th\u1ecb th\u1ef1c c\u01b0 tr\u00fa . Trong 5 n\u0103m n\u00e0y, b\u1ea1n ph\u1ea3i c\u00f3 m\u1eb7t \u1edf New Zealand \u00edt nh\u1ea5t 1350 ng\u00e0y, v\u1edbi \u00edt nh\u1ea5t 240 ng\u00e0y trong m\u1ed7i n\u0103m \u0111\u00f3. Ngo\u00e0i ra, b\u1ea1n ph\u1ea3i th\u00f4ng th\u1ea1o ti\u1ebfng Anh v\u00e0 c\u00f3 ti\u1ec1n \u00e1n trong s\u1ea1ch. Xin l\u01b0u \u00fd r\u1eb1ng n\u1ebfu b\u1ea1n \u0111\u00e1p \u1ee9ng c\u00e1c ti\u00eau ch\u00ed v\u1ec1 quy\u1ec1n c\u00f4ng d\u00e2n, b\u1ea1n c\u00f3 th\u1ec3 n\u1ed9p \u0111\u01a1n xin nh\u1eadp qu\u1ed1c t\u1ecbch New Zealand. \u0110\u01a1n \u0111\u0103ng k\u00fd c\u00f3 th\u1ec3 \u0111\u01b0\u1ee3c ho\u00e0n th\u00e0nh tr\u1ef1c tuy\u1ebfn, tr\u1ef1c ti\u1ebfp ho\u1eb7c qua \u0111\u01b0\u1eddng b\u01b0u \u0111i\u1ec7n.<br \/>\nNh\u1eefng c\u00e1ch kh\u00e1c \u0111\u1ec3 b\u1ea1n c\u00f3 th\u1ec3 c\u00f3 \u0111\u01b0\u1ee3c quy\u1ec1n c\u00f4ng d\u00e2n \u1edf New Zealand bao g\u1ed3m:<br \/>\n&#8211; Quy\u1ec1n c\u00f4ng d\u00e2n khi sinh:<br \/>\n\u2022 N\u1ebfu b\u1ea1n sinh ra \u1edf New Zealand tr\u01b0\u1edbc ng\u00e0y 1 th\u00e1ng 1 n\u0103m 2006<br \/>\n&#8211; Quy\u1ec1n c\u00f4ng d\u00e2n theo d\u00f2ng d\u00f5i:<br \/>\n\u2022 N\u1ebfu b\u1ea1n sinh ra \u1edf n\u01b0\u1edbc ngo\u00e0i v\u00e0 c\u00f3 cha m\u1eb9 l\u00e0 c\u00f4ng d\u00e2n New Zealand khi sinh ra ho\u1eb7c \u0111\u01b0\u1ee3c c\u1ea5p qu\u1ed1c t\u1ecbch v\u00e0o th\u1eddi \u0111i\u1ec3m b\u1ea1n sinh ra<br \/>\n<strong>5. New Zealand c\u00f3 cho ph\u00e9p song t\u1ecbch kh\u00f4ng?<\/strong><br \/>\nNew Zealand cho ph\u00e9p c\u00f3 hai qu\u1ed1c t\u1ecbch ho\u1eb7c nhi\u1ec1u qu\u1ed1c t\u1ecbch. Tuy nhi\u00ean, nhi\u1ec1u qu\u1ed1c gia kh\u00f4ng c\u00f4ng nh\u1eadn hai qu\u1ed1c t\u1ecbch; do \u0111\u00f3, n\u1ebfu b\u1ea1n \u0111\u1ebfn t\u1eeb m\u1ed9t qu\u1ed1c gia kh\u00f4ng cho ph\u00e9p c\u00f3 hai qu\u1ed1c t\u1ecbch, b\u1ea1n ph\u1ea3i ch\u1ecdn qu\u1ed1c t\u1ecbch n\u00e0o b\u1ea1n mu\u1ed1n t\u1eeb b\u1ecf v\u00e0 qu\u1ed1c t\u1ecbch n\u00e0o b\u1ea1n mu\u1ed1n gi\u1eef. Tuy nhi\u00ean, n\u1ebfu b\u1ea1n mu\u1ed1n tr\u1edf th\u00e0nh c\u00f4ng d\u00e2n c\u1ee7a m\u1ed9t qu\u1ed1c gia kh\u00f4ng cho ph\u00e9p c\u00f3 hai qu\u1ed1c t\u1ecbch, b\u1ea1n c\u00f3 th\u1ec3 t\u1eeb b\u1ecf qu\u1ed1c t\u1ecbch New Zealand c\u1ee7a m\u00ecnh b\u1ea5t c\u1ee9 l\u00fac n\u00e0o.<br \/>\nB\u1ea1n c\u00f3 th\u1ec3 gi\u1eef c\u1ea3 hai qu\u1ed1c t\u1ecbch n\u1ebfu b\u1ea1n \u0111\u1ebfn t\u1eeb m\u1ed9t qu\u1ed1c gia cho ph\u00e9p c\u00f3 hai qu\u1ed1c t\u1ecbch.<br \/>\n<strong>6. T\u00f4i c\u00f3 th\u1ec3 b\u1ecb m\u1ea5t qu\u1ed1c t\u1ecbch New Zealand kh\u00f4ng?<\/strong><br \/>\nC\u00f3, B\u1ed9 tr\u01b0\u1edfng B\u1ed9 N\u1ed9i v\u1ee5 c\u00f3 th\u1ec3 t\u01b0\u1edbc quy\u1ec1n c\u00f4ng d\u00e2n New Zealand c\u1ee7a b\u1ea1n. \u0110i\u1ec1u n\u00e0y c\u00f3 ngh\u0129a l\u00e0 m\u1ed9t khi b\u1ea1n m\u1ea5t qu\u1ed1c t\u1ecbch New Zealand, b\u1ea1n s\u1ebd kh\u00f4ng th\u1ec3 s\u1eed d\u1ee5ng h\u1ed9 chi\u1ebfu New Zealand n\u1eefa v\u00e0 c\u00f3 th\u1ec3 ph\u1ea3i r\u1eddi kh\u1ecfi \u0111\u1ea5t n\u01b0\u1edbc.<br \/>\nB\u1ed9 tr\u01b0\u1edfng B\u1ed9 N\u1ed9i v\u1ee5 c\u00f3 th\u1ec3 thu h\u1ed3i qu\u1ed1c t\u1ecbch c\u1ee7a b\u1ea1n v\u00ec nhi\u1ec1u l\u00fd do kh\u00e1c nhau t\u00f9y thu\u1ed9c v\u00e0o c\u00e1ch b\u1ea1n c\u00f3 \u0111\u01b0\u1ee3c qu\u1ed1c t\u1ecbch New Zealand. V\u00ed d\u1ee5: n\u1ebfu b\u1ea1n nh\u1eadn \u0111\u01b0\u1ee3c New Zealand b\u1eb1ng tr\u1ee3 c\u1ea5p, b\u1ea1n c\u00f3 th\u1ec3 m\u1ea5t quy\u1ec1n c\u00f4ng d\u00e2n n\u1ebfu:<br \/>\n\u2022 B\u1ea1n c\u00f3 qu\u1ed1c t\u1ecbch \u1edf m\u1ed9t qu\u1ed1c gia kh\u00e1c v\u00e0 t\u1ef1 nguy\u1ec7n h\u00e0nh \u0111\u1ed9ng \u0111i ng\u01b0\u1ee3c l\u1ea1i l\u1ee3i \u00edch c\u1ee7a New Zealand.<br \/>\n\u2022 B\u1ea1n c\u00f3 \u0111\u01b0\u1ee3c qu\u1ed1c t\u1ecbch New Zealand b\u1eb1ng c\u00e1ch th\u1ef1c hi\u1ec7n h\u00e0nh vi gian l\u1eadn, che gi\u1ea5u ho\u1eb7c tr\u00ecnh b\u00e0y th\u00f4ng tin sai l\u1ec7ch, v.v.<br \/>\n<strong>7. Con t\u00f4i c\u00f3 th\u1ec3 c\u00f3 hai qu\u1ed1c t\u1ecbch \u1edf New Zealand kh\u00f4ng?<\/strong><br \/>\nCon c\u00e1i c\u1ee7a b\u1ea1n c\u00f3 th\u1ec3 c\u00f3 hai qu\u1ed1c t\u1ecbch \u1edf New Zealand; tuy nhi\u00ean, \u0111i\u1ec1u n\u00e0y ph\u1ee5 thu\u1ed9c v\u00e0o quy \u0111\u1ecbnh c\u1ee7a qu\u1ed1c gia kh\u00e1c (qu\u1ed1c gia c\u1ee7a b\u1ea1n). V\u00ed d\u1ee5: n\u1ebfu qu\u1ed1c gia qu\u00ea h\u01b0\u01a1ng c\u1ee7a b\u1ea1n cho ph\u00e9p c\u00f3 hai qu\u1ed1c t\u1ecbch, con b\u1ea1n c\u00f3 th\u1ec3 gi\u1eef qu\u1ed1c t\u1ecbch c\u1ee7a qu\u1ed1c gia kh\u00e1c v\u00e0 qu\u1ed1c t\u1ecbch New Zealand.<br \/>\nTuy nhi\u00ean, n\u1ebfu b\u1ea1n \u0111\u1ebfn t\u1eeb m\u1ed9t qu\u1ed1c gia kh\u00f4ng cho ph\u00e9p c\u00f3 hai qu\u1ed1c t\u1ecbch v\u00e0 con b\u1ea1n sinh ra \u1edf New Zealand, ch\u00fang c\u1ea7n \u0111\u1ee3i cho \u0111\u1ebfn khi \u0111\u1ee7 18 tu\u1ed5i \u0111\u1ec3 t\u1eeb b\u1ecf qu\u1ed1c t\u1ecbch New Zealand v\u00e0 tr\u1edf th\u00e0nh c\u00f4ng d\u00e2n c\u1ee7a n\u01b0\u1edbc b\u1ea1n.<br \/>\nCon b\u1ea1n s\u1ebd t\u1ef1 \u0111\u1ed9ng \u0111\u01b0\u1ee3c coi l\u00e0 c\u00f4ng d\u00e2n New Zealand n\u1ebfu:<br \/>\n\u2022 H\u1ecd sinh ra \u1edf New Zealand.<br \/>\n\u2022 \u00cdt nh\u1ea5t m\u1ed9t trong hai cha m\u1eb9 l\u00e0 c\u00f4ng d\u00e2n ho\u1eb7c th\u01b0\u1eddng tr\u00fa nh\u00e2n c\u1ee7a New Zealand v\u00e0o th\u1eddi \u0111i\u1ec3m sinh.<\/p>\n[\/vc_column_text][\/vc_column][\/vc_row]\n<\/div>","protected":false},"excerpt":{"rendered":"<p>[vc_row css=&#8221;.vc_custom_1748317480887{margin-top: -30px !important;}&#8221;][vc_column][\/vc_column][\/vc_row][vc_row][vc_column][vc_column_text css=&#8221;&#8221;] New Zealand l\u00e0 m\u1ed9t qu\u1ed1c \u0111\u1ea3o tuy\u1ec7t \u0111\u1eb9p \u1edf Th\u00e1i B\u00ecnh D\u01b0\u01a1ng, v\u1edbi nh\u1eefng h\u1ed3 n\u01b0\u1edbc m\u00e0u ng\u1ecdc lam, nh\u1eefng b\u00e3i bi\u1ec3n v\u00e0ng v\u00e0 nh\u1eefng khu r\u1eebng tuy\u1ec7t \u0111\u1eb9p. \u0110\u00e2y l\u00e0 \u0111i\u1ec3m \u0111\u1ebfn ph\u1ed5 bi\u1ebfn d\u00e0nh cho ng\u01b0\u1eddi n\u01b0\u1edbc ngo\u00e0i \u0111ang t\u00ecm ki\u1ebfm l\u1ed1i s\u1ed1ng \u0111\u1ed9c \u0111\u00e1o v\u00e0 ch\u1ea5t l\u01b0\u1ee3ng [&hellip;]<\/p>\n","protected":false},"author":4,"featured_media":0,"parent":0,"menu_order":0,"comment_status":"closed","ping_status":"closed","template":"","meta":{"footnotes":""},"class_list":["post-9312","page","type-page","status-publish","hentry"],"_links":{"self":[{"href":"https:\/\/immico.vn\/vi\/wp-json\/wp\/v2\/pages\/9312","targetHints":{"allow":["GET"]}}],"collection":[{"href":"https:\/\/immico.vn\/vi\/wp-json\/wp\/v2\/pages"}],"about":[{"href":"https:\/\/immico.vn\/vi\/wp-json\/wp\/v2\/types\/page"}],"author":[{"embeddable":true,"href":"https:\/\/immico.vn\/vi\/wp-json\/wp\/v2\/users\/4"}],"replies":[{"embeddable":true,"href":"https:\/\/immico.vn\/vi\/wp-json\/wp\/v2\/comments?post=9312"}],"version-history":[{"count":5,"href":"https:\/\/immico.vn\/vi\/wp-json\/wp\/v2\/pages\/9312\/revisions"}],"predecessor-version":[{"id":10553,"href":"https:\/\/immico.vn\/vi\/wp-json\/wp\/v2\/pages\/9312\/revisions\/10553"}],"wp:attachment":[{"href":"https:\/\/immico.vn\/vi\/wp-json\/wp\/v2\/media?parent=9312"}],"curies":[{"name":"wp","href":"https:\/\/api.w.org\/{rel}","templated":true}]}}