{"id":9314,"date":"2023-12-25T04:51:04","date_gmt":"2023-12-25T04:51:04","guid":{"rendered":"https:\/\/immico.vn\/?page_id=9314\/"},"modified":"2025-05-27T04:51:59","modified_gmt":"2025-05-27T04:51:59","slug":"dinh-cu-bi-belgium","status":"publish","type":"page","link":"https:\/\/immico.vn\/vi\/dinh-cu-bi-belgium\/","title":{"rendered":"\u0110\u1ecbnh c\u01b0 B\u1ec9 (Belgium)"},"content":{"rendered":"<div class=\"wpb-content-wrapper\">[vc_row css=&#8221;.vc_custom_1748318424098{margin-top: -30px !important;}&#8221;][vc_column]<div class=\"shortcode-wrapper shortcode-title clearfix hb-animate-element hb-fade-in\"><p style=\"color:#9a4c3c!important;border-color:#9a4c3c\" class=\"hb-text-large aligncenter\">\u0110\u1ecbnh c\u01b0 B\u1ec9 (Belgium)<\/p><\/div>[\/vc_column][\/vc_row][vc_row][vc_column][vc_column_text css=&#8221;&#8221;]\n<p style=\"text-align: justify;\">B\u1ec9 ch\u1eafc ch\u1eafn l\u00e0 m\u1ed9t trong nh\u1eefng vi\u00ean ng\u1ecdc ti\u1ec1m \u1ea9n c\u1ee7a ch\u00e2u \u00c2u;\u00a0N\u1eb1m \u1edf trung t\u00e2m ch\u00e2u \u00c2u v\u00e0 l\u00e0 n\u01a1i \u0111\u1eb7t tr\u1ee5 s\u1edf c\u1ee7a Li\u00ean minh ch\u00e2u \u00c2u v\u00e0 NATO, B\u1ec9 l\u00e0 n\u01a1i h\u1ed9i t\u1ee5 qu\u1ed1c t\u1ebf.\u00a0V\u00ec v\u1eady, n\u00f3 \u0111\u01b0\u1ee3c nhi\u1ec1u ng\u01b0\u1eddi coi l\u00e0 m\u1ed9t trong nh\u1eefng qu\u1ed1c gia h\u1ea5p d\u1eabn v\u00e0 \u0111a d\u1ea1ng nh\u1ea5t Ch\u00e2u \u00c2u.<\/p>\n<p style=\"text-align: justify;\">V\u1edbi s\u1ef1 \u0111a d\u1ea1ng v\u1ec1 con ng\u01b0\u1eddi, \u1ea9m th\u1ef1c, ki\u1ebfn \u200b\u200btr\u00fac h\u1ea5p d\u1eabn, m\u1ea1ng l\u01b0\u1edbi x\u00e3 h\u1ed9i r\u1ed9ng kh\u1eafp v\u00e0 nhi\u1ec1u ti\u1ec7n \u00edch c\u00f4ng c\u1ed9ng, B\u1ec9 ch\u00e0o \u0111\u00f3n b\u1ea5t k\u1ef3 ai mu\u1ed1n chuy\u1ec3n \u0111\u1ebfn \u0111\u00f3.<\/p>\n<p style=\"text-align: justify;\"><strong>1. Th\u00f4ng tin nhanh v\u1ec1 B\u1ec9<\/strong><\/p>\n<p style=\"text-align: justify;\">M\u1ed9t s\u1ed1 s\u1ef1 th\u1eadt v\u1ec1 B\u1ec9 l\u00e0:<\/p>\n<table width=\"643\">\n<tbody>\n<tr>\n<td width=\"205\">T\u00ean ch\u00ednh th\u1ee9c<\/td>\n<td width=\"432\">V\u01b0\u01a1ng qu\u1ed1c B\u1ec9<\/td>\n<\/tr>\n<tr>\n<td width=\"205\">Th\u1ee7 \u0111\u00f4<\/td>\n<td width=\"432\">Bruxelles<\/td>\n<\/tr>\n<tr>\n<td width=\"205\">H\u00ecnh th\u1ee9c ch\u00ednh ph\u1ee7<\/td>\n<td width=\"432\">D\u00e2n ch\u1ee7 ngh\u1ecb vi\u1ec7n li\u00ean bang d\u01b0\u1edbi ch\u1ebf \u0111\u1ed9 qu\u00e2n ch\u1ee7 l\u1eadp hi\u1ebfn<\/td>\n<\/tr>\n<tr>\n<td width=\"205\">D\u00e2n s\u1ed1<\/td>\n<td width=\"432\">11,5 tri\u1ec7u<\/td>\n<\/tr>\n<tr>\n<td width=\"205\">Ng\u00f4n ng\u1eef<\/td>\n<td width=\"432\">Ti\u1ebfng H\u00e0 Lan, ti\u1ebfng Ph\u00e1p v\u00e0 ti\u1ebfng \u0110\u1ee9c<\/td>\n<\/tr>\n<tr>\n<td width=\"205\">Ti\u1ec1n<\/td>\n<td width=\"432\">Euro (\u20ac)<\/td>\n<\/tr>\n<tr>\n<td width=\"205\">Di\u1ec7n t\u00edch<\/td>\n<td width=\"432\">30.528 km2<\/td>\n<\/tr>\n<\/tbody>\n<\/table>\n<p style=\"text-align: justify;\"><strong>2. B\u1ea1n c\u00f3 c\u1ea7n Visa \u0111\u1ec3 chuy\u1ec3n \u0111\u1ebfn B\u1ec9 kh\u00f4ng?<\/strong><\/p>\n<p style=\"text-align: justify;\">B\u1ea1n s\u1ebd kh\u00f4ng c\u1ea7n th\u1ecb th\u1ef1c \u0111\u1ec3 \u0111\u1ebfn B\u1ec9 n\u1ebfu b\u1ea1n thu\u1ed9c c\u00e1c qu\u1ed1c gia sau:<\/p>\n<p style=\"text-align: justify;\">&#8211; C\u00e1c n\u01b0\u1edbc thu\u1ed9c khu v\u1ef1c EU\/EEA v\u00e0 Schengen.<\/p>\n<p style=\"text-align: justify;\">&#8211; Hoa K\u1ef3, New Zealand, \u00dac, Monaco, C\u1ed9ng h\u00f2a Andorra, Nh\u1eadt B\u1ea3n ho\u1eb7c b\u1ea5t k\u1ef3 qu\u1ed1c gia n\u00e0o kh\u00e1c \u0111\u00e3 \u0111\u1ea1t \u0111\u01b0\u1ee3c th\u1ecfa thu\u1eadn mi\u1ec5n th\u1ecb th\u1ef1c v\u1edbi Schengen.<\/p>\n<p style=\"text-align: justify;\">N\u1ebfu b\u1ea1n \u0111\u1ebfn t\u1eeb qu\u1ed1c gia kh\u00f4ng thu\u1ed9c EU\/EEA, b\u1ea1n ph\u1ea3i xin th\u1ecb\u00a0th\u1ef1c d\u00e0i h\u1ea1n\u00a0\u0111\u1ec3 chuy\u1ec3n \u0111\u1ebfn B\u1ec9.<\/p>\n<p style=\"text-align: justify;\"><strong>3. Chuy\u1ec3n \u0111\u1ebfn B\u1ec9 v\u1edbi t\u01b0 c\u00e1ch l\u00e0 C\u00f4ng d\u00e2n EU\/EEA<\/strong><\/p>\n<p style=\"text-align: justify;\"><strong>C\u00f4ng d\u00e2n EU\/EEA v\u00e0 Th\u1ee5y S\u0129 kh\u00f4ng c\u1ea7n th\u1ecb th\u1ef1c B\u1ec9<\/strong>.\u00a0C\u00f4ng d\u00e2n EU\/EEA c\u00f3 th\u1ec3 t\u1ef1 do di chuy\u1ec3n \u0111\u1ebfn B\u1ec9 ch\u1ec9 b\u1eb1ng c\u00e1ch s\u1eed d\u1ee5ng gi\u1ea5y t\u1edd t\u00f9y th\u00e2n ho\u1eb7c h\u1ed9 chi\u1ebfu qu\u1ed1c gia c\u1ee7a h\u1ecd.\u00a0H\u1ecd c\u00f3 th\u1ec3 \u1edf l\u1ea1i \u0111\u1ea5t n\u01b0\u1edbc n\u00e0y t\u1ed1i \u0111a ba th\u00e1ng sau khi \u0111\u1ebfn, mi\u1ec5n l\u00e0 h\u1ecd \u0111\u0103ng k\u00fd s\u1ef1 hi\u1ec7n di\u1ec7n \u1edf \u0111\u00f3 ngay khi \u0111\u1ebfn n\u01a1i.<\/p>\n<p style=\"text-align: justify;\">Gi\u1ea3 s\u1eed b\u1ea1n d\u1ef1 \u0111\u1ecbnh \u1edf l\u1ea1i l\u00e2u h\u01a1n ba th\u00e1ng.\u00a0Trong tr\u01b0\u1eddng h\u1ee3p \u0111\u00f3, b\u1ea1n ph\u1ea3i \u0111\u0103ng k\u00fd t\u1ea1i t\u00f2a th\u1ecb ch\u00ednh \u0111\u1ecba ph\u01b0\u01a1ng (maison towne\/gemeentehuis) v\u00e0 cung c\u1ea5p b\u1eb1ng ch\u1ee9ng v\u1ec1 b\u1ea3o hi\u1ec3m v\u00e0 h\u1ed7 tr\u1ee3 t\u00e0i ch\u00ednh \u0111\u1ea7y \u0111\u1ee7.\u00a0H\u01a1n n\u1eefa, b\u1ea1n ph\u1ea3i c\u00f3 \u0111\u01b0\u1ee3c ch\u1ee9ng minh nh\u00e2n d\u00e2n c\u1ee7a ng\u01b0\u1eddi n\u01b0\u1edbc ngo\u00e0i.<\/p>\n<p style=\"text-align: justify;\"><strong>4. Chuy\u1ec3n \u0111\u1ebfn B\u1ec9 v\u1edbi t\u01b0 c\u00e1ch l\u00e0 C\u00f4ng d\u00e2n kh\u00f4ng thu\u1ed9c EU\/EEA<\/strong><\/p>\n<p style=\"text-align: justify;\">Chuy\u1ec3n \u0111\u1ebfn B\u1ec9 v\u1edbi t\u01b0 c\u00e1ch l\u00e0 c\u00f4ng d\u00e2n kh\u00f4ng thu\u1ed9c EU\/EEA y\u00eau c\u1ea7u ph\u1ea3i xin th\u1ecb th\u1ef1c d\u00e0i h\u1ea1n t\u1eeb \u0111\u1ea1i s\u1ee9 qu\u00e1n B\u1ec9 \u1edf n\u01b0\u1edbc b\u1ea1n.\u00a0Sau khi \u0111\u1ebfn B\u1ec9 b\u1eb1ng th\u1ecb th\u1ef1c d\u00e0i h\u1ea1n, b\u1ea1n ph\u1ea3i xin\u00a0gi\u1ea5y ph\u00e9p c\u01b0 tr\u00fa\u00a0\u0111\u1ec3 \u1edf l\u1ea1i l\u00e2u h\u01a1n ba th\u00e1ng.<\/p>\n<p style=\"text-align: justify;\">N\u1ebfu b\u1ea1n mu\u1ed1n \u1edf l\u1ea1i l\u00e2u h\u01a1n ba th\u00e1ng, b\u1ea1n ph\u1ea3i ch\u1ecdn m\u1ed9t trong c\u00e1c c\u00e1ch sau:<\/p>\n<p style=\"text-align: justify;\">&#8211; Chuy\u1ec3n \u0111\u1ebfn B\u1ec9 \u0111\u1ec3 l\u00e0m vi\u1ec7c.<\/p>\n<p style=\"text-align: justify;\">&#8211; Chuy\u1ec3n \u0111\u1ebfn B\u1ec9 \u0111\u1ec3 h\u1ecdc.<\/p>\n<p style=\"text-align: justify;\">&#8211; Chuy\u1ec3n \u0111\u1ebfn B\u1ec9 \u0111\u1ec3 \u0111o\u00e0n t\u1ee5 gia \u0111\u00ecnh.<\/p>\n<p style=\"text-align: justify;\"><strong>Chuy\u1ec3n \u0111\u1ebfn B\u1ec9 \u0111\u1ec3 l\u00e0m vi\u1ec7c<\/strong><\/p>\n<p style=\"text-align: justify;\">N\u1ebfu b\u1ea1n mu\u1ed1n chuy\u1ec3n \u0111\u1ebfn B\u1ec9 \u0111\u1ec3 l\u00e0m vi\u1ec7c, b\u1ea1n ph\u1ea3i xin th\u1ecb th\u1ef1c l\u00e0m vi\u1ec7c d\u00e0i h\u1ea1n. B\u1ec9 cung c\u1ea5p nhi\u1ec1u lo\u1ea1i gi\u1ea5y ph\u00e9p lao \u0111\u1ed9ng kh\u00e1c nhau. B\u1ea1n c\u00f3 th\u1ec3 ch\u1ecdn b\u1ea5t c\u1ee9 \u0111i\u1ec1u g\u00ec ph\u00f9 h\u1ee3p v\u1edbi b\u1ea1n. Th\u1ecb th\u1ef1c s\u1ebd c\u00f3 hi\u1ec7u l\u1ef1c trong m\u1ed9t n\u0103m, nh\u01b0ng b\u1ea1n c\u00f3 th\u1ec3 gia h\u1ea1n.<\/p>\n<p style=\"text-align: justify;\">N\u1ebfu b\u1ea1n l\u00e0 m\u1ed9t c\u00f4ng nh\u00e2n l\u00e0nh ngh\u1ec1 c\u00f3 tr\u00ecnh \u0111\u1ed9 chuy\u00ean m\u00f4n ph\u00f9 h\u1ee3p \u0111\u1ec3 l\u00e0m vi\u1ec7c t\u1ea1i B\u1ec9, b\u1ea1n c\u00f3 th\u1ec3 n\u1ed9p \u0111\u01a1n xin Th\u1ebb xanh EU. Th\u1ebb xanh EU c\u1ee7a B\u1ec9 c\u00f3 th\u1eddi h\u1ea1n hi\u1ec7u l\u1ef1c ti\u00eau chu\u1ea9n t\u1eeb m\u1ed9t \u0111\u1ebfn ba n\u0103m, t\u00f9y thu\u1ed9c v\u00e0o \u0111\u1ed9 d\u00e0i c\u1ee7a h\u1ee3p \u0111\u1ed3ng lao \u0111\u1ed9ng.<\/p>\n<p style=\"text-align: justify;\"><strong>Chuy\u1ec3n \u0111\u1ebfn B\u1ec9 \u0111\u1ec3 du h\u1ecdc<\/strong><\/p>\n<p style=\"text-align: justify;\">N\u1ebfu b\u1ea1n mu\u1ed1n chuy\u1ec3n \u0111\u1ebfn B\u1ec9 v\u1edbi m\u1ee5c \u0111\u00edch h\u1ecdc t\u1eadp, b\u1ea1n ph\u1ea3i n\u1ed9p \u0111\u01a1n xin th\u1ecb th\u1ef1c du h\u1ecdc. Th\u1ecb th\u1ef1c du h\u1ecdc B\u1ec9 \u0111\u01b0\u1ee3c c\u1ea5p trong m\u1ed9t ho\u1eb7c hai n\u0103m; tuy nhi\u00ean, n\u00f3 ph\u1ee5 thu\u1ed9c v\u00e0o ch\u01b0\u01a1ng tr\u00ecnh h\u1ecdc c\u1ee7a b\u1ea1n.<\/p>\n<p style=\"text-align: justify;\">Khi \u0111\u1ebfn B\u1ec9, b\u1ea1n c\u00f3 t\u00e1m ng\u00e0y \u0111\u1ec3 \u0111\u0103ng k\u00fd t\u1ea1i v\u0103n ph\u00f2ng h\u00e0nh ch\u00ednh \u0111\u1ecba ph\u01b0\u01a1ng v\u00e0 nh\u1eadn th\u1ebb c\u01b0 tr\u00fa.\u00a0Trong qu\u00e1 tr\u00ecnh h\u1ecdc, th\u1ebb n\u00e0y s\u1ebd cho ph\u00e9p b\u1ea1n \u1edf l\u1ea1i B\u1ec9.\u00a0Gi\u1ea5y ph\u00e9p c\u01b0 tr\u00fa c\u00f3 th\u1ec3 \u0111\u01b0\u1ee3c gia h\u1ea1n h\u00e0ng n\u0103m cho \u0111\u1ebfn khi k\u1ebft th\u00fac kh\u00f3a h\u1ecdc c\u1ee7a b\u1ea1n.<\/p>\n<p style=\"text-align: justify;\"><strong>Chuy\u1ec3n \u0111\u1ebfn B\u1ec9 \u0111\u1ec3 \u0111o\u00e0n t\u1ee5 gia \u0111\u00ecnh<\/strong><\/p>\n<p style=\"text-align: justify;\">B\u1ea1n c\u00f3 th\u1ec3 \u0111o\u00e0n t\u1ee5 v\u1edbi th\u00e0nh vi\u00ean gia \u0111\u00ecnh c\u1ee7a m\u00ecnh t\u1ea1i B\u1ec9 b\u1eb1ng c\u00e1ch n\u1ed9p \u0111\u01a1n xin th\u1ecb th\u1ef1c gia \u0111\u00ecnh. Khi \u0111\u1ebfn B\u1ec9, b\u1ea1n ph\u1ea3i l\u1ea5y ch\u1ee9ng minh nh\u00e2n d\u00e2n c\u1ee7a ng\u01b0\u1eddi n\u01b0\u1edbc ngo\u00e0i t\u1ea1i t\u00f2a th\u1ecb ch\u00ednh \u0111\u1ecba ph\u01b0\u01a1ng (maison commone\/gemeentehuis). Sau \u0111\u00f3, b\u1ea1n \u0111\u00e3 \u0111\u0103ng k\u00fd v\u00e0 s\u1ebd nh\u1eadn \u0111\u01b0\u1ee3c gi\u1ea5y ph\u00e9p c\u01b0 tr\u00fa. Hi\u1ec7u l\u1ef1c c\u1ee7a gi\u1ea5y ph\u00e9p c\u01b0 tr\u00fa c\u1ee7a b\u1ea1n ph\u1ee5 thu\u1ed9c v\u00e0o t\u00ecnh tr\u1ea1ng c\u1ee7a th\u00e0nh vi\u00ean gia \u0111\u00ecnh b\u1ea1n.<\/p>\n<p style=\"text-align: justify;\">C\u00e1c th\u00e0nh vi\u00ean gia \u0111\u00ecnh \u0111\u1ee7 \u0111i\u1ec1u ki\u1ec7n \u0111\u1ec3 \u0111\u01b0\u1ee3c c\u1ea5p th\u1ecb th\u1ef1c gia \u0111\u00ecnh l\u00e0:<\/p>\n<p style=\"text-align: justify;\">&#8211; V\u1ee3\/ch\u1ed3ng ho\u1eb7c \u0111\u1ed1i t\u00e1c d\u00e2n s\u1ef1.<\/p>\n<p style=\"text-align: justify;\">&#8211; Con c\u00e1i ph\u1ee5 thu\u1ed9c (18 tu\u1ed5i tr\u1edf xu\u1ed1ng).<\/p>\n<p style=\"text-align: justify;\">&#8211; Con c\u00e1i ph\u1ee5 thu\u1ed9c tr\u00ean 18 tu\u1ed5i.<\/p>\n<p style=\"text-align: justify;\"><strong>5. Khi n\u00e0o t\u00f4i c\u00f3 th\u1ec3 \u0111\u1ee7 \u0111i\u1ec1u ki\u1ec7n \u0111\u1ec3 \u0111\u01b0\u1ee3c th\u01b0\u1eddng tr\u00fa?<\/strong><\/p>\n<p style=\"text-align: justify;\">Sau 5 n\u0103m c\u01b0 tr\u00fa li\u00ean t\u1ee5c t\u1ea1i B\u1ec9,\u00a0<strong>c\u00f4ng d\u00e2n EU\/EEA ho\u1eb7c Th\u1ee5y S\u0129<\/strong>\u00a0c\u00f3 \u0111\u1ee7 \u0111i\u1ec1u ki\u1ec7n \u0111\u1ec3 \u0111\u01b0\u1ee3c\u00a0c\u1ea5p th\u01b0\u1eddng tr\u00fa.<\/p>\n<p style=\"text-align: justify;\">Ngo\u00e0i ra,\u00a0<strong>c\u00e1c c\u00f4ng d\u00e2n kh\u00f4ng thu\u1ed9c EU\/EEA v\u00e0 Th\u1ee5y S\u0129<\/strong>\u00a0c\u00f3 th\u1ec3 n\u1ed9p \u0111\u01a1n xin gi\u1ea5y ph\u00e9p th\u01b0\u1eddng tr\u00fa t\u1ea1i B\u1ec9 sau 5 n\u0103m c\u01b0 tr\u00fa t\u1ea1i qu\u1ed1c gia n\u00e0y.\u00a0Tuy nhi\u00ean, h\u1ecd ph\u1ea3i n\u1ed9p \u0111\u01a1n t\u1ea1i v\u0103n ph\u00f2ng \u0111\u1ecba ph\u01b0\u01a1ng.<\/p>\n<p style=\"text-align: justify;\"><strong>6. T\u00f4i c\u1ea7n s\u1ed1ng \u1edf B\u1ec9 bao l\u00e2u \u0111\u1ec3 c\u00f3 \u0111\u01b0\u1ee3c quy\u1ec1n c\u00f4ng d\u00e2n?<\/strong><\/p>\n<p style=\"text-align: justify;\">\u0110\u1ec3 c\u00f3 \u0111\u01b0\u1ee3c quy\u1ec1n c\u00f4ng d\u00e2n \u1edf B\u1ec9, b\u1ea1n c\u1ea7n ph\u1ea3i s\u1ed1ng \u1edf B\u1ec9 \u00edt nh\u1ea5t 5 n\u0103m kh\u00f4ng b\u1ecb gi\u00e1n \u0111o\u1ea1n. C\u00e1c con \u0111\u01b0\u1eddng kh\u00e1c \u0111\u1ec3 gi\u00e0nh \u0111\u01b0\u1ee3c quy\u1ec1n c\u00f4ng d\u00e2n l\u00e0:<\/p>\n<p style=\"text-align: justify;\"><strong>&#8211; B\u1edfi quy\u1ec1n sinh ra. <\/strong>N\u1ebfu b\u1ea1n sinh ra \u1edf B\u1ec9 ho\u1eb7c b\u1edfi m\u1ed9t c\u00f4ng d\u00e2n B\u1ec9, b\u1ea1n c\u00f3 th\u1ec3 gi\u00e0nh \u0111\u01b0\u1ee3c quy\u1ec1n c\u00f4ng d\u00e2n theo quy\u1ec1n khai sinh.<\/p>\n<p style=\"text-align: justify;\"><strong>&#8211; B\u1eb1ng h\u00f4n nh\u00e2n. <\/strong>B\u1ea1n c\u00f3 th\u1ec3 gi\u00e0nh \u0111\u01b0\u1ee3c quy\u1ec1n c\u00f4ng d\u00e2n th\u00f4ng qua h\u00f4n nh\u00e2n n\u1ebfu b\u1ea1n k\u1ebft h\u00f4n v\u1edbi m\u1ed9t c\u00f4ng d\u00e2n B\u1ec9 v\u00e0 b\u1ea1n ph\u1ea3i s\u1ed1ng 5 n\u0103m \u1edf B\u1ec9.\u00a0B\u1ea1n ph\u1ea3i s\u1ed1ng v\u1edbi b\u1ea1n \u0111\u1eddi c\u1ee7a m\u00ecnh \u00edt nh\u1ea5t ba n\u0103m.<\/p>\n<p style=\"text-align: justify;\"><strong>7. B\u1ec9 c\u00f3 cho ph\u00e9p c\u00f3 hai qu\u1ed1c t\u1ecbch kh\u00f4ng?<\/strong><\/p>\n<p style=\"text-align: justify;\"><strong>B\u1ec9 cho ph\u00e9p c\u00f3 hai qu\u1ed1c t\u1ecbch.\u00a0<\/strong>Ngay c\u1ea3 khi b\u1ea1n c\u00f3 qu\u1ed1c t\u1ecbch \u1edf m\u1ed9t qu\u1ed1c gia kh\u00e1c, B\u1ec9 s\u1ebd kh\u00f4ng y\u00eau c\u1ea7u b\u1ea1n ph\u1ea3i t\u1eeb b\u1ecf qu\u1ed1c t\u1ecbch \u0111\u00f3.\u00a0Tuy nhi\u00ean, m\u1ed9t s\u1ed1 qu\u1ed1c gia kh\u00f4ng cho ph\u00e9p c\u00f3 hai qu\u1ed1c t\u1ecbch, v\u00ec v\u1eady b\u1ea1n c\u00f3 th\u1ec3 ph\u1ea3i l\u1ef1a ch\u1ecdn gi\u1eefa qu\u1ed1c t\u1ecbch B\u1ec9 v\u00e0 qu\u1ed1c t\u1ecbch c\u1ee7a m\u00ecnh.<\/p>\n[\/vc_column_text][\/vc_column][\/vc_row]\n<\/div>","protected":false},"excerpt":{"rendered":"<p>[vc_row css=&#8221;.vc_custom_1748318424098{margin-top: -30px !important;}&#8221;][vc_column][\/vc_column][\/vc_row][vc_row][vc_column][vc_column_text css=&#8221;&#8221;] B\u1ec9 ch\u1eafc ch\u1eafn l\u00e0 m\u1ed9t trong nh\u1eefng vi\u00ean ng\u1ecdc ti\u1ec1m \u1ea9n c\u1ee7a ch\u00e2u \u00c2u;\u00a0N\u1eb1m \u1edf trung t\u00e2m ch\u00e2u \u00c2u v\u00e0 l\u00e0 n\u01a1i \u0111\u1eb7t tr\u1ee5 s\u1edf c\u1ee7a Li\u00ean minh ch\u00e2u \u00c2u v\u00e0 NATO, B\u1ec9 l\u00e0 n\u01a1i h\u1ed9i t\u1ee5 qu\u1ed1c t\u1ebf.\u00a0V\u00ec v\u1eady, n\u00f3 \u0111\u01b0\u1ee3c nhi\u1ec1u ng\u01b0\u1eddi coi l\u00e0 m\u1ed9t trong nh\u1eefng qu\u1ed1c [&hellip;]<\/p>\n","protected":false},"author":4,"featured_media":0,"parent":0,"menu_order":0,"comment_status":"closed","ping_status":"closed","template":"","meta":{"footnotes":""},"class_list":["post-9314","page","type-page","status-publish","hentry"],"_links":{"self":[{"href":"https:\/\/immico.vn\/vi\/wp-json\/wp\/v2\/pages\/9314","targetHints":{"allow":["GET"]}}],"collection":[{"href":"https:\/\/immico.vn\/vi\/wp-json\/wp\/v2\/pages"}],"about":[{"href":"https:\/\/immico.vn\/vi\/wp-json\/wp\/v2\/types\/page"}],"author":[{"embeddable":true,"href":"https:\/\/immico.vn\/vi\/wp-json\/wp\/v2\/users\/4"}],"replies":[{"embeddable":true,"href":"https:\/\/immico.vn\/vi\/wp-json\/wp\/v2\/comments?post=9314"}],"version-history":[{"count":6,"href":"https:\/\/immico.vn\/vi\/wp-json\/wp\/v2\/pages\/9314\/revisions"}],"predecessor-version":[{"id":10603,"href":"https:\/\/immico.vn\/vi\/wp-json\/wp\/v2\/pages\/9314\/revisions\/10603"}],"wp:attachment":[{"href":"https:\/\/immico.vn\/vi\/wp-json\/wp\/v2\/media?parent=9314"}],"curies":[{"name":"wp","href":"https:\/\/api.w.org\/{rel}","templated":true}]}}