{"id":9318,"date":"2023-12-25T04:52:33","date_gmt":"2023-12-25T04:52:33","guid":{"rendered":"https:\/\/immico.vn\/?page_id=9318\/"},"modified":"2025-05-27T03:50:40","modified_gmt":"2025-05-27T03:50:40","slug":"dinh-cu-dan-mach-denmark","status":"publish","type":"page","link":"https:\/\/immico.vn\/vi\/dinh-cu-dan-mach-denmark\/","title":{"rendered":"\u0110\u1ecbnh c\u01b0 \u0110an M\u1ea1ch (Denmark)"},"content":{"rendered":"<div class=\"wpb-content-wrapper\">[vc_row css=&#8221;.vc_custom_1748317826891{margin-top: -30px !important;}&#8221;][vc_column]<div class=\"shortcode-wrapper shortcode-title clearfix hb-animate-element hb-fade-in\"><p style=\"color:#9a4c3c!important;border-color:#9a4c3c\" class=\"hb-text-large aligncenter\">\u0110\u1ecbnh c\u01b0 \u0110an M\u1ea1ch (Denmark)<br \/>\n<\/p><\/div>[\/vc_column][\/vc_row][vc_row][vc_column][vc_column_text css=&#8221;&#8221;]\n<p style=\"text-align: justify;\">L\u00e0 m\u1ed9t qu\u1ed1c gia B\u1eafc \u00c2u n\u1ed5i ti\u1ebfng v\u1edbi vi\u1ec7c coi tr\u1ecdng s\u1ef1 b\u00ecnh \u0111\u1eb3ng, cung c\u1ea5p c\u00e1c d\u1ecbch v\u1ee5 xu\u1ea5t s\u1eafc v\u00e0 gi\u00e1 c\u1ea3 ph\u1ea3i ch\u0103ng c\u0169ng nh\u01b0 c\u00f3 c\u1ea3nh quan \u0111\u1eb9p, \u0110an M\u1ea1ch mang \u0111\u1ebfn cho ng\u01b0\u1eddi d\u00e2n r\u1ea5t nhi\u1ec1u \u0111i\u1ec1u \u0111\u00e1ng mong \u0111\u1ee3i n\u1ebfu h\u1ecd chuy\u1ec3n \u0111\u1ebfn \u0111\u00f3.<br \/>\nN\u1ebfu b\u1ea1n \u0111ang c\u00e2n nh\u1eafc vi\u1ec7c chuy\u1ec3n \u0111\u1ebfn \u0110an M\u1ea1ch, b\u1ea1n s\u1ebd c\u00f3 nhi\u1ec1u c\u00e2u h\u1ecfi v\u1ec1 quy tr\u00ecnh. B\u1ea1n c\u00f3 th\u1ec3 chuy\u1ec3n \u0111\u1ebfn \u0110an M\u1ea1ch kh\u00f4ng? T\u1ea1i sao b\u1ea1n n\u00ean chuy\u1ec3n \u0111\u1ebfn \u0110an M\u1ea1ch? B\u1ea1n c\u1ea7n l\u00e0m g\u00ec tr\u01b0\u1edbc? B\u00e0i vi\u1ebft n\u00e0y s\u1ebd cung c\u1ea5p th\u00f4ng tin quan tr\u1ecdng v\u1ec1 nh\u1eefng \u0111i\u1ec1u b\u1ea1n ph\u1ea3i bi\u1ebft tr\u01b0\u1edbc khi chuy\u1ec3n \u0111\u1ebfn \u0110an M\u1ea1ch.<br \/>\n<strong>1. Ai c\u00f3 th\u1ec3 chuy\u1ec3n \u0111\u1ebfn \u0110an M\u1ea1ch?<\/strong><br \/>\nB\u1ea5t c\u1ee9 ai mu\u1ed1n d\u00e0nh cu\u1ed9c s\u1ed1ng c\u1ee7a m\u00ecnh \u1edf \u0110an M\u1ea1ch \u0111\u1ec1u c\u00f3 th\u1ec3 chuy\u1ec3n \u0111\u1ebfn \u0111\u00f3. Tuy nhi\u00ean, kh\u00f4ng ph\u1ea3i ai c\u0169ng c\u00f3 th\u1ec3 di chuy\u1ec3n t\u1ef1 do. M\u1ed9t s\u1ed1 c\u00f4ng d\u00e2n \u0111\u01b0\u1ee3c y\u00eau c\u1ea7u ph\u1ea3i xin th\u1ecb th\u1ef1c \u0110an M\u1ea1ch \u0111\u1ec3 nh\u1eadp c\u1ea3nh v\u00e0o n\u01b0\u1edbc n\u00e0y.<br \/>\nB\u1ea1n s\u1ebd kh\u00f4ng c\u1ea7n th\u1ecb th\u1ef1c n\u1ebfu:<br \/>\n\u2022 N\u1ebfu b\u1ea1n l\u00e0 c\u00f4ng d\u00e2n EU \/ EEA \/ Th\u1ee5y S\u0129.<br \/>\n\u2022 N\u1ebfu b\u1ea1n l\u00e0 c\u00f4ng d\u00e2n B\u1eafc \u00c2u.<br \/>\n\u2022 B\u1ea1n \u0111\u1ebfn t\u1eeb m\u1ed9t qu\u1ed1c gia c\u00f3 th\u1ecfa thu\u1eadn Schengen mi\u1ec5n th\u1ecb th\u1ef1c .<br \/>\n<strong>2. L\u00e0m c\u00e1ch n\u00e0o \u0111\u1ec3 chuy\u1ec3n \u0111\u1ebfn \u0110an M\u1ea1ch v\u1edbi t\u01b0 c\u00e1ch l\u00e0 C\u00f4ng d\u00e2n EU\/EEA\/Th\u1ee5y S\u0129 ho\u1eb7c B\u1eafc \u00c2u?<\/strong><br \/>\nB\u1ea1n c\u00f3 th\u1ec3 v\u00e0o \u0110an M\u1ea1ch m\u1ed9t c\u00e1ch t\u1ef1 do v\u1edbi t\u01b0 c\u00e1ch l\u00e0 c\u00f4ng d\u00e2n EU\/EEA\/Th\u1ee5y S\u0129 ho\u1eb7c B\u1eafc \u00c2u. Tuy nhi\u00ean, n\u1ebfu b\u1ea1n d\u1ef1 \u0111\u1ecbnh \u1edf l\u1ea1i \u0111\u1ea5t n\u01b0\u1edbc n\u00e0y l\u00e2u h\u01a1n ba th\u00e1ng, b\u1ea1n ph\u1ea3i c\u00f3 gi\u1ea5y t\u1edd c\u01b0 tr\u00fa t\u1ea1i EU.<br \/>\nNgo\u00e0i ra, khi c\u01b0 tr\u00fa t\u1ea1i \u0110an M\u1ea1ch, b\u1ea1n s\u1ebd c\u1ea7n c\u00f3 s\u1ed1 H\u1ec7 th\u1ed1ng \u0111\u0103ng k\u00fd d\u00e2n s\u1ef1 (CPR). \u0110\u1ec3 c\u00f3 \u0111\u01b0\u1ee3c s\u1ed1 n\u00e0y, b\u1ea1n ph\u1ea3i xu\u1ea5t tr\u00ecnh gi\u1ea5y t\u1edd c\u01b0 tr\u00fa t\u1ea1i EU c\u1ee7a m\u00ecnh cho ch\u00ednh quy\u1ec1n th\u00e0nh ph\u1ed1 n\u01a1i b\u1ea1n c\u01b0 tr\u00fa.<br \/>\n<strong>3. L\u00e0m th\u1ebf n\u00e0o \u0111\u1ec3 chuy\u1ec3n \u0111\u1ebfn \u0110an M\u1ea1ch v\u1edbi t\u01b0 c\u00e1ch l\u00e0 C\u00f4ng d\u00e2n n\u01b0\u1edbc th\u1ee9 ba?<\/strong><br \/>\nN\u1ebfu b\u1ea1n mu\u1ed1n chuy\u1ec3n \u0111\u1ebfn \u0110an M\u1ea1ch v\u1edbi t\u01b0 c\u00e1ch l\u00e0 c\u00f4ng d\u00e2n n\u01b0\u1edbc th\u1ee9 ba, b\u1ea1n ph\u1ea3i n\u1ed9p \u0111\u01a1n xin th\u1ecb th\u1ef1c \u0110an M\u1ea1ch.<br \/>\nN\u1ebfu b\u1ea1n \u0111\u1ecbnh chuy\u1ec3n \u0111\u1ebfn \u0111\u00f3 v\u00e0 \u1edf l\u1ea1i l\u00e2u h\u01a1n ba th\u00e1ng, b\u1ea1n ph\u1ea3i xin gi\u1ea5y ph\u00e9p c\u01b0 tr\u00fa. B\u1ea1n ch\u1ec9 c\u00f3 th\u1ec3 nh\u1eadn \u0111\u01b0\u1ee3c gi\u1ea5y ph\u00e9p c\u01b0 tr\u00fa n\u1ebfu ban \u0111\u1ea7u b\u1ea1n \u0111\u00e3 n\u1ed9p \u0111\u01a1n xin th\u1ecb th\u1ef1c d\u00e0i h\u1ea1n \u1edf \u0110an M\u1ea1ch cho ph\u00e9p b\u1ea1n l\u00e0m vi\u1ec7c, h\u1ecdc t\u1eadp ho\u1eb7c s\u1ed1ng \u1edf \u0110an M\u1ea1ch trong h\u01a1n 90 ng\u00e0y.<br \/>\n\u0110\u00e2y l\u00e0 c\u00e1ch b\u1ea1n c\u00f3 th\u1ec3 chuy\u1ec3n \u0111\u1ebfn \u0110an M\u1ea1ch trong th\u1eddi gian d\u00e0i h\u01a1n ba th\u00e1ng:<br \/>\n&#8211; V\u00ec m\u1ee5c \u0111\u00edch c\u00f4ng vi\u1ec7c.<br \/>\n&#8211; V\u00ec m\u1ee5c \u0111\u00edch \u0111o\u00e0n t\u1ee5 gia \u0111\u00ecnh.<br \/>\n&#8211; V\u00ec m\u1ee5c \u0111\u00edch h\u1ecdc t\u1eadp.<br \/>\n<strong>Chuy\u1ec3n \u0111\u1ebfn \u0110an M\u1ea1ch \u0111\u1ec3 l\u00e0m vi\u1ec7c<\/strong><br \/>\nN\u1ebfu b\u1ea1n mu\u1ed1n chuy\u1ec3n \u0111\u1ebfn \u0110an M\u1ea1ch \u0111\u1ec3 l\u00e0m vi\u1ec7c, b\u1ea1n ph\u1ea3i xin th\u1ecb th\u1ef1c l\u00e0m vi\u1ec7c d\u00e0i h\u1ea1n. Qu\u00e1 tr\u00ecnh \u0111\u0103ng k\u00fd di\u1ec5n ra tr\u1ef1c tuy\u1ebfn th\u00f4ng qua C\u01a1 quan Tuy\u1ec3n d\u1ee5ng v\u00e0 H\u1ed9i nh\u1eadp Qu\u1ed1c t\u1ebf \u0110an M\u1ea1ch- SIRI. Khi xin visa l\u00e0m vi\u1ec7c, b\u1ea1n c\u0169ng t\u1ef1 \u0111\u1ed9ng n\u1ed9p \u0111\u01a1n xin gi\u1ea5y ph\u00e9p c\u01b0 tr\u00fa. B\u1ea1n c\u00f3 th\u1ec3 \u1edf l\u1ea1i \u0110an M\u1ea1ch v\u1edbi th\u1ecb th\u1ef1c l\u00e0m vi\u1ec7c trong c\u00f9ng th\u1eddi gian v\u1edbi th\u1eddi h\u1ea1n h\u1ee3p \u0111\u1ed3ng.<br \/>\nB\u1ea1n c\u00f3 th\u1ec3 \u0111\u1ebfn \u0110an M\u1ea1ch sau khi \u0111\u01a1n xin th\u1ecb th\u1ef1c l\u00e0m vi\u1ec7c c\u1ee7a b\u1ea1n \u0111\u01b0\u1ee3c ch\u1ea5p thu\u1eadn. \u0110\u1ec3 \u0111\u1ecbnh c\u01b0 \u1edf \u0110an M\u1ea1ch, b\u1ea1n c\u1ea7n \u0111\u0103ng k\u00fd \u0111\u1ecba ch\u1ec9 \u1edf \u0110an M\u1ea1ch c\u1ee7a m\u00ecnh v\u1edbi ch\u00ednh quy\u1ec1n th\u00e0nh ph\u1ed1 n\u01a1i b\u1ea1n sinh s\u1ed1ng. B\u1ea1n s\u1ebd nh\u1eadn \u0111\u01b0\u1ee3c CPR c\u1ee7a \u0110an M\u1ea1ch (s\u1ed1 \u0111\u0103ng k\u00fd c\u00e1 nh\u00e2n) khi \u0111\u0103ng k\u00fd.<br \/>\n<strong>Chuy\u1ec3n \u0111\u1ebfn \u0110an M\u1ea1ch \u0111\u1ec3 \u0111o\u00e0n t\u1ee5 gia \u0111\u00ecnh<\/strong><br \/>\nN\u1ebfu b\u1ea1n mu\u1ed1n chuy\u1ec3n \u0111\u1ebfn \u0110an M\u1ea1ch \u0111\u1ec3 \u0111o\u00e0n t\u1ee5 gia \u0111\u00ecnh, b\u1ea1n ph\u1ea3i n\u1ed9p \u0111\u01a1n xin th\u1ecb th\u1ef1c gia \u0111\u00ecnh v\u00e0 \u0111\u00e1p \u1ee9ng m\u1ed9t s\u1ed1 y\u00eau c\u1ea7u:<br \/>\n&#8211; B\u1ea1n l\u00e0 v\u1ee3\/ch\u1ed3ng c\u1ee7a m\u1ed9t c\u00f4ng d\u00e2n \u0110an M\u1ea1ch.<br \/>\n&#8211; B\u1ea1n l\u00e0 con ch\u01b0a th\u00e0nh ni\u00ean c\u1ee7a m\u1ed9t c\u00f4ng d\u00e2n \u0110an M\u1ea1ch.<br \/>\n&#8211; B\u1ea1n l\u00e0 v\u1ee3\/ch\u1ed3ng c\u1ee7a ng\u01b0\u1eddi \u0111ang h\u1ecdc t\u1eadp\/l\u00e0m vi\u1ec7c t\u1ea1i \u0110an M\u1ea1ch c\u00f3 gi\u1ea5y ph\u00e9p c\u01b0 tr\u00fa h\u1ee3p l\u1ec7.<br \/>\n&#8211; B\u1ea1n l\u00e0 con ch\u01b0a th\u00e0nh ni\u00ean c\u1ee7a m\u1ed9t ng\u01b0\u1eddi \u0111ang h\u1ecdc t\u1eadp\/l\u00e0m vi\u1ec7c t\u1ea1i \u0110an M\u1ea1ch c\u00f3 gi\u1ea5y ph\u00e9p c\u01b0 tr\u00fa h\u1ee3p l\u1ec7.<br \/>\n\u0110\u1ecba ch\u1ec9 \u1edf \u0110an M\u1ea1ch c\u1ee7a b\u1ea1n ph\u1ea3i \u0111\u01b0\u1ee3c \u0111\u0103ng k\u00fd v\u1edbi ch\u00ednh quy\u1ec1n \u0111\u1ecba ph\u01b0\u01a1ng khi b\u1ea1n \u0111\u1ebfn \u0110an M\u1ea1ch. Vi\u1ec7c \u0111\u0103ng k\u00fd \u0111\u1ecba ch\u1ec9 c\u1ee7a b\u1ea1n c\u0169ng s\u1ebd gi\u00fap b\u1ea1n nh\u1eadn \u0111\u01b0\u1ee3c m\u00e3 s\u1ed1 nh\u1eadn d\u1ea1ng c\u00e1 nh\u00e2n (CPR) c\u1ee7a \u0110an M\u1ea1ch.<br \/>\nSau khi \u0111\u01a1n xin \u0111o\u00e0n t\u1ee5 gia \u0111\u00ecnh c\u1ee7a b\u1ea1n \u0111\u01b0\u1ee3c ch\u1ea5p thu\u1eadn, C\u01a1 quan Tuy\u1ec3n d\u1ee5ng v\u00e0 H\u1ed9i nh\u1eadp Qu\u1ed1c t\u1ebf \u0110an M\u1ea1ch- SIRI s\u1ebd c\u1ea5p cho b\u1ea1n gi\u1ea5y ph\u00e9p c\u01b0 tr\u00fa t\u1ea1m th\u1eddi. Mi\u1ec5n l\u00e0 b\u1ea1n ti\u1ebfp t\u1ee5c \u0111\u00e1p \u1ee9ng c\u00e1c y\u00eau c\u1ea7u v\u1ec1 c\u01b0 tr\u00fa, b\u1ea1n lu\u00f4n c\u00f3 th\u1ec3 n\u1ed9p \u0111\u01a1n xin gia h\u1ea1n.<br \/>\n<strong>Chuy\u1ec3n \u0111\u1ebfn \u0110an M\u1ea1ch \u0111\u1ec3 du h\u1ecdc<\/strong><br \/>\nB\u1ea1n c\u0169ng c\u00f3 th\u1ec3 chuy\u1ec3n \u0111\u1ebfn \u0110an M\u1ea1ch khi c\u00f2n l\u00e0 sinh vi\u00ean. L\u00e0 c\u00f4ng d\u00e2n c\u1ee7a n\u01b0\u1edbc th\u1ee9 ba, b\u1ea1n ph\u1ea3i n\u1ed9p \u0111\u01a1n xin th\u1ecb th\u1ef1c du h\u1ecdc. T\u01b0\u01a1ng t\u1ef1 nh\u01b0 c\u00e1c visa tr\u01b0\u1edbc \u0111\u00e2y, khi xin visa du h\u1ecdc, b\u1ea1n t\u1ef1 \u0111\u1ed9ng n\u1ed9p \u0111\u01a1n xin gi\u1ea5y ph\u00e9p c\u01b0 tr\u00fa. B\u1ea1n c\u00f3 th\u1ec3 \u1edf l\u1ea1i \u0110an M\u1ea1ch trong th\u1eddi gian ch\u01b0\u01a1ng tr\u00ecnh h\u1ecdc k\u00e9o d\u00e0i. B\u1ea1n c\u00f3 th\u1ec3 n\u1ed9p \u0111\u01a1n xin gia h\u1ea1n gi\u1ea5y ph\u00e9p c\u01b0 tr\u00fa n\u1ebfu c\u00f3 b\u1ea5t k\u1ef3 l\u00fd do c\u01a1 b\u1ea3n n\u00e0o.<br \/>\nSau khi v\u00e0o \u0110an M\u1ea1ch, tr\u01b0\u1edbc ti\u00ean b\u1ea1n c\u1ea7n \u0111\u0103ng k\u00fd \u0111\u1ecba ch\u1ec9 \u1edf \u0110an M\u1ea1ch c\u1ee7a m\u00ecnh v\u1edbi ch\u00ednh quy\u1ec1n \u0111\u1ecba ph\u01b0\u01a1ng; sau \u0111\u00f3, b\u1ea1n s\u1ebd nh\u1eadn \u0111\u01b0\u1ee3c s\u1ed1 CPR c\u1ee7a \u0110an M\u1ea1ch.<br \/>\nH\u01a1n n\u1eefa, b\u1ea1n c\u0169ng c\u00f3 th\u1ec3 \u1edf l\u1ea1i \u0110an M\u1ea1ch sau khi t\u1ed1t nghi\u1ec7p. B\u1ea1n s\u1ebd \u0111\u01b0\u1ee3c c\u1ea5p gi\u1ea5y ph\u00e9p c\u01b0 tr\u00fa trong s\u00e1u th\u00e1ng \u0111\u1ec3 t\u00ecm vi\u1ec7c l\u00e0m. N\u1ebfu t\u00ecm \u0111\u01b0\u1ee3c vi\u1ec7c l\u00e0m, b\u1ea1n ph\u1ea3i xin gi\u1ea5y ph\u00e9p lao \u0111\u1ed9ng v\u00e0 gi\u1ea5y ph\u00e9p c\u01b0 tr\u00fa m\u1edbi.<br \/>\n<strong>4. L\u00e0m th\u1ebf n\u00e0o t\u00f4i c\u00f3 th\u1ec3 tr\u1edf th\u00e0nh th\u01b0\u1eddng tr\u00fa nh\u00e2n \u1edf \u0110an M\u1ea1ch?<\/strong><br \/>\nB\u1ea1n c\u00f3 th\u1ec3 n\u1ed9p \u0111\u01a1n xin th\u1ecb th\u1ef1c th\u01b0\u1eddng tr\u00fa n\u1ebfu b\u1ea1n s\u1ed1ng th\u01b0\u1eddng xuy\u00ean \u1edf \u0110an M\u1ea1ch t\u1eeb 8 n\u0103m tr\u1edf l\u00ean. N\u1ebfu m\u1ed9t ng\u01b0\u1eddi mu\u1ed1n l\u00e0m vi\u1ec7c, h\u1ecdc t\u1eadp ho\u1eb7c \u0111o\u00e0n t\u1ee5 gia \u0111\u00ecnh \u1edf \u0110an M\u1ea1ch, h\u1ecd ph\u1ea3i c\u00f3 gi\u1ea5y ph\u00e9p th\u01b0\u1eddng tr\u00fa.<br \/>\nB\u1ea1n ph\u1ea3i n\u1ed9p \u0111\u01a1n th\u00f4ng qua C\u01a1 quan Di tr\u00fa \u0110an M\u1ea1ch ho\u1eb7c C\u01a1 quan Tuy\u1ec3n d\u1ee5ng v\u00e0 H\u1ed9i nh\u1eadp Qu\u1ed1c t\u1ebf \u0110an M\u1ea1ch- SIRI.<br \/>\n<strong>5. L\u00e0m th\u1ebf n\u00e0o \u0111\u1ec3 c\u00f3 \u0111\u01b0\u1ee3c quy\u1ec1n c\u00f4ng d\u00e2n \u1edf \u0110an M\u1ea1ch?<\/strong><br \/>\n\u1ede \u0110an M\u1ea1ch, b\u1ea1n c\u00f3 th\u1ec3 nh\u1eadn qu\u1ed1c t\u1ecbch b\u1eb1ng c\u00e1ch truy g\u1ed1c, nh\u1eadp t\u1ecbch v\u00e0 khai b\u00e1o (\u00e1p d\u1ee5ng cho c\u00f4ng d\u00e2n B\u1eafc \u00c2u).<br \/>\n&#8211; B\u1ea1n c\u00f3 th\u1ec3 c\u00f3 \u0111\u01b0\u1ee3c quy\u1ec1n c\u00f4ng d\u00e2n theo d\u00f2ng d\u00f5i n\u1ebfu m\u1ed9t trong hai cha m\u1eb9 c\u1ee7a b\u1ea1n l\u00e0 c\u00f4ng d\u00e2n \u0110an M\u1ea1ch.<br \/>\n&#8211; C\u00f4ng d\u00e2n B\u1eafc \u00c2u c\u00f3 th\u1ec3 nh\u1eadn qu\u1ed1c t\u1ecbch \u1edf \u0110an M\u1ea1ch b\u1eb1ng c\u00e1ch g\u1eedi t\u1edd khai t\u1edbi B\u1ed9 Di tr\u00fa v\u00e0 H\u1ed9i nh\u1eadp, Thanh tra Qu\u1ed1c gia \u1edf Qu\u1ea7n \u0111\u1ea3o Faroe ho\u1eb7c Thanh tra Qu\u1ed1c gia \u1edf Greenland. H\u1ecd ph\u1ea3i c\u00f3 h\u1ed9 kh\u1ea9u th\u01b0\u1eddng tr\u00fa t\u1ea1i \u0110an M\u1ea1ch trong b\u1ea3y n\u0103m qua.<br \/>\n&#8211; B\u1ea1n c\u00f3 th\u1ec3 nh\u1eadn qu\u1ed1c t\u1ecbch b\u1eb1ng c\u00e1ch nh\u1eadp t\u1ecbch n\u1ebfu b\u1ea1n \u0111\u00e3 c\u01b0 tr\u00fa h\u1ee3p ph\u00e1p t\u1ea1i \u0110an M\u1ea1ch \u00edt nh\u1ea5t 8 n\u0103m.<br \/>\n<strong>6. \u0110an M\u1ea1ch c\u00f3 cho ph\u00e9p song t\u1ecbch kh\u00f4ng?<\/strong><br \/>\nB\u1ea1n \u0111\u01b0\u1ee3c ph\u00e9p gi\u1eef hai qu\u1ed1c t\u1ecbch \u1edf \u0110an M\u1ea1ch. \u0110an M\u1ea1ch \u0111\u00e3 cho ph\u00e9p c\u00f3 hai qu\u1ed1c t\u1ecbch k\u1ec3 t\u1eeb ng\u00e0y 1 th\u00e1ng 9 n\u0103m 2015. \u0110i\u1ec1u n\u00e0y ng\u1ee5 \u00fd r\u1eb1ng n\u1ebfu b\u1ea1n t\u1eebng l\u00e0 c\u00f4ng d\u00e2n \u0110an M\u1ea1ch v\u00e0 tr\u1edf th\u00e0nh c\u00f4ng d\u00e2n \u0110an M\u1ea1ch l\u1ea7n n\u1eefa, b\u1ea1n s\u1ebd gi\u1eef nguy\u00ean qu\u1ed1c t\u1ecbch tr\u01b0\u1edbc \u0111\u00e2y v\u00e0 c\u00f3 \u0111\u01b0\u1ee3c hai qu\u1ed1c t\u1ecbch.<br \/>\nT\u01b0\u01a1ng t\u1ef1, c\u00f4ng d\u00e2n n\u01b0\u1edbc th\u1ee9 ba c\u00f3 th\u1ec3 tr\u1edf th\u00e0nh c\u00f4ng d\u00e2n \u0110an M\u1ea1ch. Tuy nhi\u00ean, b\u1ea1n ph\u1ea3i \u0111\u1ea3m b\u1ea3o qu\u1ed1c t\u1ecbch hi\u1ec7n t\u1ea1i c\u1ee7a b\u1ea1n c\u0169ng cho ph\u00e9p c\u00f3 hai qu\u1ed1c t\u1ecbch.<br \/>\n<strong>7. S\u1ef1 th\u1eadt th\u00fa v\u1ecb v\u1ec1 \u0110an M\u1ea1ch<\/strong><br \/>\nM\u1ed9t s\u1ed1 s\u1ef1 th\u1eadt th\u00fa v\u1ecb b\u1ea1n n\u00ean bi\u1ebft v\u1ec1 \u0110an M\u1ea1ch l\u00e0:<br \/>\n&#8211; \u0110an M\u1ea1ch l\u00e0 v\u01b0\u01a1ng qu\u1ed1c l\u00e2u \u0111\u1eddi nh\u1ea5t tr\u00ean th\u1ebf gi\u1edbi.<br \/>\n&#8211; L\u00e1 c\u1edd c\u1ee7a \u0110an M\u1ea1ch l\u00e0 l\u00e1 c\u1edd l\u00e2u \u0111\u1eddi nh\u1ea5t tr\u00ean th\u1ebf gi\u1edbi.<br \/>\n&#8211; \u0110an M\u1ea1ch l\u00e0 m\u1ed9t trong nh\u1eefng qu\u1ed1c gia ph\u1eb3ng nh\u1ea5t th\u1ebf gi\u1edbi.<br \/>\n&#8211; Hai trong s\u1ed1 nh\u1eefng c\u00f4ng vi\u00ean gi\u1ea3i tr\u00ed l\u00e2u \u0111\u1eddi nh\u1ea5t tr\u00ean th\u1ebf gi\u1edbi \u0111\u1ec1u \u1edf \u0110an M\u1ea1ch.<br \/>\n&#8211; C\u00f4ng d\u00e2n \u0110an M\u1ea1ch l\u00e0 nh\u1eefng ng\u01b0\u1eddi h\u1ea1nh ph\u00fac nh\u1ea5t th\u1ebf gi\u1edbi.<br \/>\n&#8211; LEGO c\u00f3 ngu\u1ed3n g\u1ed1c \u1edf \u0110an M\u1ea1ch.<\/p>\n[\/vc_column_text][\/vc_column][\/vc_row]\n<\/div>","protected":false},"excerpt":{"rendered":"<p>[vc_row css=&#8221;.vc_custom_1748317826891{margin-top: -30px !important;}&#8221;][vc_column][\/vc_column][\/vc_row][vc_row][vc_column][vc_column_text css=&#8221;&#8221;] L\u00e0 m\u1ed9t qu\u1ed1c gia B\u1eafc \u00c2u n\u1ed5i ti\u1ebfng v\u1edbi vi\u1ec7c coi tr\u1ecdng s\u1ef1 b\u00ecnh \u0111\u1eb3ng, cung c\u1ea5p c\u00e1c d\u1ecbch v\u1ee5 xu\u1ea5t s\u1eafc v\u00e0 gi\u00e1 c\u1ea3 ph\u1ea3i ch\u0103ng c\u0169ng nh\u01b0 c\u00f3 c\u1ea3nh quan \u0111\u1eb9p, \u0110an M\u1ea1ch mang \u0111\u1ebfn cho ng\u01b0\u1eddi d\u00e2n r\u1ea5t nhi\u1ec1u \u0111i\u1ec1u \u0111\u00e1ng mong \u0111\u1ee3i n\u1ebfu h\u1ecd chuy\u1ec3n \u0111\u1ebfn [&hellip;]<\/p>\n","protected":false},"author":4,"featured_media":0,"parent":0,"menu_order":0,"comment_status":"closed","ping_status":"closed","template":"","meta":{"footnotes":""},"class_list":["post-9318","page","type-page","status-publish","hentry"],"_links":{"self":[{"href":"https:\/\/immico.vn\/vi\/wp-json\/wp\/v2\/pages\/9318","targetHints":{"allow":["GET"]}}],"collection":[{"href":"https:\/\/immico.vn\/vi\/wp-json\/wp\/v2\/pages"}],"about":[{"href":"https:\/\/immico.vn\/vi\/wp-json\/wp\/v2\/types\/page"}],"author":[{"embeddable":true,"href":"https:\/\/immico.vn\/vi\/wp-json\/wp\/v2\/users\/4"}],"replies":[{"embeddable":true,"href":"https:\/\/immico.vn\/vi\/wp-json\/wp\/v2\/comments?post=9318"}],"version-history":[{"count":5,"href":"https:\/\/immico.vn\/vi\/wp-json\/wp\/v2\/pages\/9318\/revisions"}],"predecessor-version":[{"id":10558,"href":"https:\/\/immico.vn\/vi\/wp-json\/wp\/v2\/pages\/9318\/revisions\/10558"}],"wp:attachment":[{"href":"https:\/\/immico.vn\/vi\/wp-json\/wp\/v2\/media?parent=9318"}],"curies":[{"name":"wp","href":"https:\/\/api.w.org\/{rel}","templated":true}]}}