{"id":9320,"date":"2023-12-25T04:53:06","date_gmt":"2023-12-25T04:53:06","guid":{"rendered":"https:\/\/immico.vn\/?page_id=9320\/"},"modified":"2025-05-27T04:23:18","modified_gmt":"2025-05-27T04:23:18","slug":"dinh-cu-cong-hoa-dominicana-dominican-republic","status":"publish","type":"page","link":"https:\/\/immico.vn\/vi\/dinh-cu-cong-hoa-dominicana-dominican-republic\/","title":{"rendered":"\u0110\u1ecbnh c\u01b0 C\u1ed9ng h\u00f2a Dominicana (Dominican Republic)"},"content":{"rendered":"<div class=\"wpb-content-wrapper\">[vc_row css=&#8221;.vc_custom_1748319788231{margin-top: -30px !important;}&#8221;][vc_column]<div class=\"shortcode-wrapper shortcode-title clearfix hb-animate-element hb-fade-in\"><p style=\"color:#9a4c3c!important;border-color:#9a4c3c\" class=\"hb-text-large aligncenter\">\u0110\u1ecbnh c\u01b0 C\u1ed9ng h\u00f2a Dominicana (Dominican Republic)<\/p><\/div>[\/vc_column][\/vc_row][vc_row][vc_column][vc_column_text css=&#8221;&#8221;]\n<p style=\"text-align: justify;\">N\u1ebfu b\u1ea1n \u0111ang c\u00e2n nh\u1eafc vi\u1ec7c chuy\u1ec3n \u0111\u1ebfn C\u1ed9ng h\u00f2a Dominica th\u00ec kh\u00f4ng c\u00f3 g\u00ec ng\u1ea1c nhi\u00ean.\u00a0V\u1edbi nh\u1eefng khu ngh\u1ec9 d\u01b0\u1ee1ng sang tr\u1ecdng, nh\u1eefng b\u00e3i bi\u1ec3n hoang s\u01a1 v\u00e0 chi ph\u00ed sinh ho\u1ea1t th\u1ea5p, \u0111\u1ea5t n\u01b0\u1edbc n\u00e0y \u0111\u00e3 thu h\u00fat ng\u01b0\u1eddi n\u01b0\u1edbc ngo\u00e0i t\u1eeb kh\u1eafp n\u01a1i tr\u00ean th\u1ebf gi\u1edbi.\u00a0Ngo\u00e0i ra, c\u00f3 kho\u1ea3ng 450.000 ng\u01b0\u1eddi s\u1ed1ng tr\u00ean \u0111\u1ea3o qu\u1ed1c n\u00e0y sinh ra \u1edf n\u01a1i kh\u00e1c, chi\u1ebfm 4,5% t\u1ed5ng d\u00e2n s\u1ed1.<\/p>\n<p style=\"text-align: justify;\">N\u1ebfu b\u1ea1n \u0111ang c\u00e2n nh\u1eafc vi\u1ec7c chuy\u1ec3n \u0111\u1ebfn \u0111\u00f3, b\u1ea1n ph\u1ea3i \u0111\u1ea3m b\u1ea3o r\u1eb1ng b\u1ea1n \u0111\u00e3 thu th\u1eadp t\u1ea5t c\u1ea3 c\u00e1c th\u00f4ng tin c\u1ea7n thi\u1ebft.\u00a0B\u00e0i vi\u1ebft n\u00e0y s\u1ebd gi\u00fap b\u1ea1n tr\u1ea3 l\u1eddi t\u1ea5t c\u1ea3 c\u00e1c c\u00e2u h\u1ecfi quan tr\u1ecdng nh\u1ea5t.<\/p>\n<p style=\"text-align: justify;\"><strong>1. S\u1ef1 th\u1eadt v\u1ec1 C\u1ed9ng h\u00f2a Dominica<\/strong><\/p>\n<p style=\"text-align: justify;\">D\u01b0\u1edbi \u0111\u00e2y l\u00e0 m\u1ed9t s\u1ed1 s\u1ef1 th\u1eadt th\u00fa v\u1ecb v\u1ec1 C\u1ed9ng h\u00f2a Dominica:<\/p>\n<table width=\"640\">\n<tbody>\n<tr>\n<td width=\"322\">Di\u1ec7n t\u00edch<\/td>\n<td width=\"313\">18.619 km2<\/td>\n<\/tr>\n<tr>\n<td width=\"322\">D\u00e2n s\u1ed1<\/td>\n<td width=\"313\">10,8 tri\u1ec7u<\/td>\n<\/tr>\n<tr>\n<td width=\"322\">Th\u1ee7 \u0111\u00f4<\/td>\n<td width=\"313\">Santo Domingo<\/td>\n<\/tr>\n<tr>\n<td width=\"322\">Ng\u00f4n ng\u1eef ch\u00ednh th\u1ee9c<\/td>\n<td width=\"313\">T\u00e2y Ban Nha<\/td>\n<\/tr>\n<tr>\n<td width=\"322\">Ti\u1ec1n t\u1ec7<\/td>\n<td width=\"313\">Peso Dominica (DOP)<\/td>\n<\/tr>\n<tr>\n<td width=\"322\">H\u1ec7 th\u1ed1ng ch\u00ednh tr\u1ecb<\/td>\n<td width=\"313\">C\u1ed9ng h\u00f2a t\u1ed5ng th\u1ed1ng th\u1ed1ng nh\u1ea5t<\/td>\n<\/tr>\n<tr>\n<td width=\"322\">T\u00f4n gi\u00e1o Ch\u00ednh<\/td>\n<td width=\"313\">Kit\u00f4 gi\u00e1o<\/td>\n<\/tr>\n<tr>\n<td width=\"322\">Nh\u00e2n kh\u1ea9u h\u1ecdc<\/td>\n<td width=\"313\">73% ch\u1ee7ng t\u1ed9c h\u1ed7n h\u1ee3p, 16% da tr\u1eafng, 11% da \u0111en<\/td>\n<\/tr>\n<tr>\n<td width=\"322\">D\u00e2n s\u1ed1 sinh \u1edf n\u01b0\u1edbc ngo\u00e0i<\/td>\n<td width=\"313\">Kho\u1ea3ng 4,5%<\/td>\n<\/tr>\n<\/tbody>\n<\/table>\n<p style=\"text-align: justify;\"><strong>2. L\u00e0m th\u1ebf n\u00e0o c\u00f3 th\u1ec3 di chuy\u1ec3n \u0111\u1ebfn C\u1ed9ng h\u00f2a Dominica?<\/strong><\/p>\n<p style=\"text-align: justify;\">N\u1ebfu b\u1ea1n l\u00e0 c\u00f4ng d\u00e2n c\u1ee7a qu\u1ed1c gia y\u00eau c\u1ea7u xin th\u1ecb th\u1ef1c v\u00e0o C\u1ed9ng h\u00f2a Dominica \u0111\u1ec3 chuy\u1ec3n \u0111\u1ebfn \u0111\u00f3, b\u1ea1n ph\u1ea3i xin th\u1ecb th\u1ef1c d\u00e0i h\u1ea1n.\u00a0Visa d\u00e0i h\u1ea1n s\u1ebd cho ph\u00e9p b\u1ea1n \u1edf l\u1ea1i trong m\u1ed9t n\u0103m, v\u00e0 n\u1ebfu b\u1ea1n mu\u1ed1n \u1edf l\u1ea1i l\u00e2u h\u01a1n, b\u1ea1n ph\u1ea3i xin gi\u1ea5y ph\u00e9p c\u01b0 tr\u00fa.<\/p>\n<p style=\"text-align: justify;\"><strong>Chuy\u1ec3n \u0111\u1ebfn C\u1ed9ng h\u00f2a Dominica \u0111\u1ec3 l\u00e0m vi\u1ec7c<\/strong><\/p>\n<p style=\"text-align: justify;\">Chuy\u1ec3n \u0111\u1ebfn C\u1ed9ng h\u00f2a Dominica \u0111\u1ec3 l\u00e0m vi\u1ec7c \u0111\u00f2i h\u1ecfi ph\u1ea3i xin th\u1ecb th\u1ef1c l\u00e0m vi\u1ec7c (kinh doanh). C\u1ed9ng h\u00f2a Dominica cung c\u1ea5p hai lo\u1ea1i th\u1ecb th\u1ef1c lao \u0111\u1ed9ng &#8216;<em>Visa de Negocios&#8217;<\/em>\u00a0(visa kinh doanh) v\u00e0\u00a0<em>Visa de Negocios con Fines Laborales<\/em>\u00a0(visa kinh doanh v\u00ec m\u1ee5c \u0111\u00edch lao \u0111\u1ed9ng).\u00a0\u0110\u1ec3 chuy\u1ec3n \u0111\u1ebfn \u0111\u00f3, b\u1ea1n ph\u1ea3i n\u1ed9p \u0111\u01a1n xin Visa de Negocios con Fines Laborales (visa kinh doanh v\u00ec m\u1ee5c \u0111\u00edch lao \u0111\u1ed9ng), c\u00f3 gi\u00e1 tr\u1ecb trong m\u1ed9t n\u0103m.<\/p>\n<p style=\"text-align: justify;\">Ngo\u00e0i ra, b\u1ea1n ph\u1ea3i xin gi\u1ea5y ph\u00e9p c\u01b0 tr\u00fa t\u1ea1m th\u1eddi\u00a0<em>(Visa de Residencia)<\/em>. B\u1ea1n ph\u1ea3i n\u1ed9p \u0111\u01a1n tr\u01b0\u1edbc cho l\u00e3nh s\u1ef1 qu\u00e1n C\u1ed9ng h\u00f2a Dominica. B\u1ea1n c\u0169ng c\u00f3 th\u1ec3 n\u1ed9p \u0111\u01a1n xin gi\u1ea5y ph\u00e9p c\u01b0 tr\u00fa trong n\u01b0\u1edbc t\u1ea1i T\u1ed5ng c\u1ee5c Di c\u01b0 (<em>Direcci\u00f3n General de Migraci\u00f3n<\/em>).<\/p>\n<p style=\"text-align: justify;\"><strong>Chuy\u1ec3n \u0111\u1ebfn C\u1ed9ng h\u00f2a Dominica \u0111\u1ec3 h\u1ecdc t\u1eadp<\/strong><\/p>\n<p style=\"text-align: justify;\">N\u1ebfu b\u1ea1n \u0111\u00e3 \u0111\u01b0\u1ee3c nh\u1eadn v\u00e0o m\u1ed9t ch\u01b0\u01a1ng tr\u00ecnh gi\u00e1o d\u1ee5c c\u1ee7a C\u1ed9ng h\u00f2a Dominica, b\u1ea1n c\u00f3 th\u1ec3 chuy\u1ec3n \u0111\u1ebfn \u0111\u00f3 \u0111\u1ec3 h\u1ecdc.\u00a0\u0110\u1ea7u ti\u00ean, b\u1ea1n ph\u1ea3i xin visa du h\u1ecdc.\u00a0Th\u1ecb th\u1ef1c \u0111\u01b0\u1ee3c c\u1ea5p d\u1ef1a tr\u00ean th\u1eddi gian c\u1ee7a ch\u01b0\u01a1ng tr\u00ecnh h\u1ecdc c\u1ee7a b\u1ea1n.\u00a0Ch\u1ec9 c\u1ea7n \u0111\u00e1p \u1ee9ng \u0111\u1ee7 y\u00eau c\u1ea7u, b\u1ea1n c\u00f3 th\u1ec3 gia h\u1ea1n visa.<\/p>\n<p style=\"text-align: justify;\">H\u01a1n n\u1eefa, b\u1ea1n ph\u1ea3i n\u1ed9p \u0111\u01a1n xin gi\u1ea5y ph\u00e9p c\u01b0 tr\u00fa t\u1ea1m th\u1eddi t\u1ea1i T\u1ed5ng c\u1ee5c Di c\u01b0 C\u1ed9ng h\u00f2a Dominica.\u00a0Gi\u1ea5y ph\u00e9p th\u01b0\u1eddng \u0111\u01b0\u1ee3c c\u1ea5p trong m\u1ed9t n\u0103m v\u00e0 b\u1ea1n c\u00f3 th\u1ec3 gia h\u1ea1n.<\/p>\n<p style=\"text-align: justify;\"><strong>Chuy\u1ec3n \u0111\u1ebfn C\u1ed9ng h\u00f2a Dominica \u0111\u1ec3 \u0111o\u00e0n t\u1ee5 gia \u0111\u00ecnh<\/strong><\/p>\n<p style=\"text-align: justify;\">N\u1ebfu b\u1ea1n l\u00e0 v\u1ee3\/ch\u1ed3ng ho\u1eb7c con d\u01b0\u1edbi 18 tu\u1ed5i c\u1ee7a c\u00f4ng d\u00e2n Dominica ho\u1eb7c ng\u01b0\u1eddi n\u01b0\u1edbc ngo\u00e0i c\u00f3 gi\u1ea5y ph\u00e9p c\u01b0 tr\u00fa v\u0129nh vi\u1ec5n, b\u1ea1n c\u00f3 th\u1ec3 chuy\u1ec3n \u0111\u1ebfn C\u1ed9ng h\u00f2a Dominica \u0111\u1ec3 \u0111o\u00e0n t\u1ee5 gia \u0111\u00ecnh.\u00a0Tuy nhi\u00ean, b\u1ea1n ph\u1ea3i n\u1ed9p \u0111\u01a1n xin th\u1ecb th\u1ef1c \u0111o\u00e0n t\u1ee5 gia \u0111\u00ecnh \u0111\u1ec3 \u0111o\u00e0n t\u1ee5 v\u1edbi gia \u0111\u00ecnh.<\/p>\n<p style=\"text-align: justify;\">\u0110\u1ec3 \u0111\u1ee7 \u0111i\u1ec1u ki\u1ec7n xin th\u1ecb th\u1ef1c \u0111o\u00e0n t\u1ee5 gia \u0111\u00ecnh, c\u00e1c th\u00e0nh vi\u00ean gia \u0111\u00ecnh c\u1ee7a b\u1ea1n &#8211; nh\u1eefng ng\u01b0\u1eddi tham gia ph\u1ea3i s\u1ed1ng \u1edf C\u1ed9ng h\u00f2a Dominica t\u1ed1i thi\u1ec3u m\u1ed9t n\u0103m theo gi\u1ea5y ph\u00e9p c\u01b0 tr\u00fa t\u1ea1m th\u1eddi.<\/p>\n<p style=\"text-align: justify;\"><strong>Chuy\u1ec3n \u0111\u1ebfn C\u1ed9ng h\u00f2a Dominica \u0111\u1ec3 ngh\u1ec9 h\u01b0u<\/strong><\/p>\n<p style=\"text-align: justify;\">\u0110\u1ec3 ngh\u1ec9 h\u01b0u \u1edf C\u1ed9ng h\u00f2a Dominica, b\u1ea1n ph\u1ea3i n\u1ed9p \u0111\u01a1n xin\u00a0th\u1ecb th\u1ef1c ngh\u1ec9 h\u01b0u\u00a0<em>(visa h\u01b0u tr\u00ed)<\/em>\u00a0.\u00a0\u0110\u1ec3 \u0111\u1ee7 \u0111i\u1ec1u ki\u1ec7n xin th\u1ecb th\u1ef1c, b\u1ea1n ph\u1ea3i nh\u1eadn \u0111\u01b0\u1ee3c l\u01b0\u01a1ng h\u01b0u h\u00e0ng th\u00e1ng ho\u1eb7c ti\u1ec1n h\u01b0u tr\u00ed t\u1ed1i thi\u1ec3u l\u00e0 1.500 USD (1.750 USD cho c\u00e1c c\u1eb7p v\u1ee3 ch\u1ed3ng).\u00a0B\u1ea1n c\u0169ng c\u00f3 th\u1ec3 nh\u1eadp c\u1ea3nh v\u00e0o n\u01b0\u1edbc n\u00e0y b\u1eb1ng m\u1ed9t lo\u1ea1i th\u1ecb th\u1ef1c kh\u00e1c v\u00e0 n\u1ed9p \u0111\u01a1n xin th\u1ecb th\u1ef1c ngh\u1ec9 h\u01b0u t\u1ea1i T\u1ed5ng c\u1ee5c Di tr\u00fa.<\/p>\n<p style=\"text-align: justify;\">Th\u1ecb th\u1ef1c ngh\u1ec9 h\u01b0u \u0111\u01b0\u1ee3c c\u1ea5p trong hai n\u0103m t\u1ea1i C\u1ed9ng h\u00f2a Dominica.\u00a0Khi \u0111\u1ebfn n\u01b0\u1edbc n\u00e0y, b\u1ea1n s\u1ebd c\u00f3 30 ng\u00e0y \u0111\u1ec3 n\u1ed9p \u0110\u01a1n xin c\u01b0 tr\u00fa t\u1ea1m th\u1eddi t\u1ea1i T\u1ed5ng c\u1ee5c Di c\u01b0.<\/p>\n<p style=\"text-align: justify;\"><strong>3. L\u00e0m th\u1ebf n\u00e0o c\u00f3 th\u1ec3 tr\u1edf th\u00e0nh th\u01b0\u1eddng tr\u00fa nh\u00e2n t\u1ea1i C\u1ed9ng h\u00f2a Dominica?<\/strong><\/p>\n<p style=\"text-align: justify;\">Sau khi c\u01b0 tr\u00fa h\u1ee3p ph\u00e1p t\u1ea1i C\u1ed9ng h\u00f2a Dominica v\u1edbi gi\u1ea5y ph\u00e9p c\u01b0 tr\u00fa t\u1ea1m th\u1eddi\u00a0<strong>trong 5 n\u0103m<\/strong>, b\u1ea1n c\u00f3 th\u1ec3 tr\u1edf th\u00e0nh th\u01b0\u1eddng tr\u00fa nh\u00e2n.\u00a0Qu\u00e1 tr\u00ecnh n\u1ed9p \u0111\u01a1n xin gi\u1ea5y ph\u00e9p th\u01b0\u1eddng tr\u00fa m\u1ea5t s\u00e1u th\u00e1ng;\u00a0b\u1ea1n ph\u1ea3i n\u1ed9p \u0111\u01a1n tr\u01b0\u1edbc khi gi\u1ea5y ph\u00e9p c\u01b0 tr\u00fa t\u1ea1m th\u1eddi c\u1ee7a b\u1ea1n h\u1ebft h\u1ea1n.\u00a0Vi\u1ec7c n\u1ed9p \u0111\u01a1n di\u1ec5n ra t\u1ea1i T\u1ed5ng c\u1ee5c Di c\u01b0 C\u1ed9ng h\u00f2a Dominica.<\/p>\n<p style=\"text-align: justify;\">L\u00e0 th\u01b0\u1eddng tr\u00fa nh\u00e2n, b\u1ea1n ph\u1ea3i gia h\u1ea1n th\u1ebb c\u01b0 tr\u00fa 12 th\u00e1ng m\u1ed9t l\u1ea7n, sau \u0111\u00f3 b\u1ed1n n\u0103m m\u1ed9t l\u1ea7n.\u00a0Cu\u1ed1i c\u00f9ng, b\u1ea1n s\u1ebd \u0111\u01b0\u1ee3c c\u1ea5p th\u1ebb c\u01b0 tr\u00fa kh\u00f4ng th\u1ec3 gia h\u1ea1n sau m\u01b0\u1eddi n\u0103m.<\/p>\n<p style=\"text-align: justify;\"><strong>4. L\u00e0m th\u1ebf n\u00e0o c\u00f3 th\u1ec3 tr\u1edf th\u00e0nh c\u00f4ng d\u00e2n C\u1ed9ng h\u00f2a Dominica?<\/strong><\/p>\n<p style=\"text-align: justify;\">B\u1ea1n c\u00f3 th\u1ec3 tr\u1edf th\u00e0nh c\u00f4ng d\u00e2n C\u1ed9ng h\u00f2a Dominica sau hai n\u0103m c\u00f3 gi\u1ea5y ph\u00e9p c\u01b0 tr\u00fa v\u0129nh vi\u1ec5n.\u00a0Sau \u0111\u00f3, b\u1ea1n c\u00f3 th\u1ec3 n\u1ed9p \u0111\u01a1n xin qu\u1ed1c t\u1ecbch t\u1ea1i B\u1ed9 N\u1ed9i v\u1ee5.<\/p>\n<p style=\"text-align: justify;\">Sau \u0111\u00f3, b\u1ea1n s\u1ebd tr\u1ea3i qua m\u1ed9t cu\u1ed9c ph\u1ecfng v\u1ea5n b\u1eb1ng ti\u1ebfng T\u00e2y Ban Nha.\u00a0Cu\u1ed1i c\u00f9ng, sau n\u0103m th\u00e1ng, b\u1ea1n s\u1ebd \u0111\u01b0\u1ee3c tri\u1ec7u t\u1eadp \u0111\u1ec3 tuy\u00ean th\u1ec7 nh\u1eadp qu\u1ed1c t\u1ecbch do Ch\u1ee7 t\u1ecbch n\u01b0\u1edbc c\u1ea5p.<\/p>\n<p style=\"text-align: justify;\"><strong>5. C\u1ed9ng h\u00f2a Dominica c\u00f3 cho ph\u00e9p c\u00f3 hai qu\u1ed1c t\u1ecbch kh\u00f4ng?<\/strong><\/p>\n<p style=\"text-align: justify;\">C\u1ed9ng h\u00f2a Dominica cho ph\u00e9p c\u00f4ng d\u00e2n c\u00f3 hai qu\u1ed1c t\u1ecbch.\u00a0H\u01a1n n\u1eefa, b\u1ea1n kh\u00f4ng b\u1eaft bu\u1ed9c ph\u1ea3i t\u1eeb b\u1ecf quy\u1ec1n c\u00f4ng d\u00e2n c\u1ee7a \u0111\u1ea5t n\u01b0\u1edbc m\u00ecnh \u0111\u1ec3 c\u00f3 \u0111\u01b0\u1ee3c qu\u1ed1c t\u1ecbch Dominica.\u00a0Tuy nhi\u00ean, b\u1ea1n ph\u1ea3i \u0111\u1ea3m b\u1ea3o r\u1eb1ng qu\u1ed1c gia xu\u1ea5t x\u1ee9 c\u1ee7a b\u1ea1n cho ph\u00e9p c\u00f3 hai qu\u1ed1c t\u1ecbch tr\u01b0\u1edbc khi n\u1ed9p \u0111\u01a1n.<\/p>\n[\/vc_column_text][\/vc_column][\/vc_row]\n<\/div>","protected":false},"excerpt":{"rendered":"<p>[vc_row css=&#8221;.vc_custom_1748319788231{margin-top: -30px !important;}&#8221;][vc_column][\/vc_column][\/vc_row][vc_row][vc_column][vc_column_text css=&#8221;&#8221;] N\u1ebfu b\u1ea1n \u0111ang c\u00e2n nh\u1eafc vi\u1ec7c chuy\u1ec3n \u0111\u1ebfn C\u1ed9ng h\u00f2a Dominica th\u00ec kh\u00f4ng c\u00f3 g\u00ec ng\u1ea1c nhi\u00ean.\u00a0V\u1edbi nh\u1eefng khu ngh\u1ec9 d\u01b0\u1ee1ng sang tr\u1ecdng, nh\u1eefng b\u00e3i bi\u1ec3n hoang s\u01a1 v\u00e0 chi ph\u00ed sinh ho\u1ea1t th\u1ea5p, \u0111\u1ea5t n\u01b0\u1edbc n\u00e0y \u0111\u00e3 thu h\u00fat ng\u01b0\u1eddi n\u01b0\u1edbc ngo\u00e0i t\u1eeb kh\u1eafp n\u01a1i tr\u00ean th\u1ebf gi\u1edbi.\u00a0Ngo\u00e0i ra, [&hellip;]<\/p>\n","protected":false},"author":4,"featured_media":0,"parent":0,"menu_order":0,"comment_status":"closed","ping_status":"closed","template":"","meta":{"footnotes":""},"class_list":["post-9320","page","type-page","status-publish","hentry"],"_links":{"self":[{"href":"https:\/\/immico.vn\/vi\/wp-json\/wp\/v2\/pages\/9320","targetHints":{"allow":["GET"]}}],"collection":[{"href":"https:\/\/immico.vn\/vi\/wp-json\/wp\/v2\/pages"}],"about":[{"href":"https:\/\/immico.vn\/vi\/wp-json\/wp\/v2\/types\/page"}],"author":[{"embeddable":true,"href":"https:\/\/immico.vn\/vi\/wp-json\/wp\/v2\/users\/4"}],"replies":[{"embeddable":true,"href":"https:\/\/immico.vn\/vi\/wp-json\/wp\/v2\/comments?post=9320"}],"version-history":[{"count":6,"href":"https:\/\/immico.vn\/vi\/wp-json\/wp\/v2\/pages\/9320\/revisions"}],"predecessor-version":[{"id":10590,"href":"https:\/\/immico.vn\/vi\/wp-json\/wp\/v2\/pages\/9320\/revisions\/10590"}],"wp:attachment":[{"href":"https:\/\/immico.vn\/vi\/wp-json\/wp\/v2\/media?parent=9320"}],"curies":[{"name":"wp","href":"https:\/\/api.w.org\/{rel}","templated":true}]}}