{"id":9322,"date":"2023-12-25T04:53:47","date_gmt":"2023-12-25T04:53:47","guid":{"rendered":"https:\/\/immico.vn\/?page_id=9322\/"},"modified":"2025-05-27T03:42:54","modified_gmt":"2025-05-27T03:42:54","slug":"dinh-cu-phan-lan-finland","status":"publish","type":"page","link":"https:\/\/immico.vn\/vi\/dinh-cu-phan-lan-finland\/","title":{"rendered":"\u0110\u1ecbnh c\u01b0 Ph\u1ea7n Lan (Finland)"},"content":{"rendered":"<div class=\"wpb-content-wrapper\">[vc_row css=&#8221;.vc_custom_1748317360394{margin-top: -30px !important;}&#8221;][vc_column]<div class=\"shortcode-wrapper shortcode-title clearfix hb-animate-element hb-fade-in\"><p style=\"color:#9a4c3c!important;border-color:#9a4c3c\" class=\"hb-text-large aligncenter\">\u0110\u1ecbnh c\u01b0 Ph\u1ea7n Lan (Finland)<\/p><\/div>[\/vc_column][\/vc_row][vc_row][vc_column][vc_column_text css=&#8221;&#8221;]\n<p style=\"text-align: justify;\">N\u1eb1m \u1edf B\u1eafc \u00c2u, Ph\u1ea7n Lan l\u00e0 n\u01a1i c\u00f3 h\u00e0ng ng\u00e0n h\u1ed3 n\u01b0\u1edbc v\u00e0 nh\u1eefng khu r\u1eebng, ng\u1ecdn \u0111\u1ed3i tuy\u1ec7t \u0111\u1eb9p.\u00a0\u0110\u1ea5t n\u01b0\u1edbc B\u1eafc \u00c2u xinh \u0111\u1eb9p l\u00e0 m\u1ed9t trong nh\u1eefng qu\u1ed1c gia ph\u00e1t tri\u1ec3n v\u00e0 ti\u00ean ti\u1ebfn nh\u1ea5t th\u1ebf gi\u1edbi, x\u1ebfp h\u1ea1ng cao v\u1ec1 nh\u00e2n quy\u1ec1n, m\u00f4i tr\u01b0\u1eddng s\u1ed1ng v\u00e0 b\u00ecnh \u0111\u1eb3ng gi\u1edbi.<\/p>\n<p style=\"text-align: justify;\">\u0110\u1ea5t n\u01b0\u1edbc n\u00e0y c\u00f2n \u0111\u01b0\u1ee3c bi\u1ebft \u0111\u1ebfn v\u1edbi h\u1ec7 th\u1ed1ng gi\u00e1o d\u1ee5c v\u00e0 ch\u0103m s\u00f3c s\u1ee9c kh\u1ecfe h\u00e0ng \u0111\u1ea7u, s\u1ef1 c\u00e2n b\u1eb1ng gi\u1eefa c\u00f4ng vi\u1ec7c v\u00e0 cu\u1ed9c s\u1ed1ng v\u00e0 m\u1ee9c s\u1ed1ng cao.\u00a0\u0110i\u1ec1u n\u00e0y \u0111\u00e3 thu h\u00fat h\u00e0ng tri\u1ec7u ng\u01b0\u1eddi t\u1eeb kh\u1eafp n\u01a1i tr\u00ean th\u1ebf gi\u1edbi chuy\u1ec3n \u0111\u1ebfn Ph\u1ea7n Lan l\u00e2u d\u00e0i, \u0111\u1eb7c bi\u1ec7t l\u00e0 nh\u1eefng c\u00e1 nh\u00e2n mu\u1ed1n ph\u00e1t tri\u1ec3n c\u00e1 nh\u00e2n v\u00e0 ngh\u1ec1 nghi\u1ec7p.<\/p>\n<p style=\"text-align: justify;\"><strong>1. C\u00f3 c\u1ea7n Visa \u0111\u1ec3 chuy\u1ec3n \u0111\u1ebfn Ph\u1ea7n Lan kh\u00f4ng?<\/strong><\/p>\n<p style=\"text-align: justify;\">Vi\u1ec7c b\u1ea1n c\u00f3 c\u1ea7n visa \u0111\u1ec3 \u0111\u1ebfn Ph\u1ea7n Lan hay kh\u00f4ng ph\u1ee5 thu\u1ed9c r\u1ea5t nhi\u1ec1u v\u00e0o qu\u1ed1c t\u1ecbch c\u1ee7a b\u1ea1n nh\u01b0 \u0111\u01b0\u1ee3c n\u00eau d\u01b0\u1edbi \u0111\u00e2y:<\/p>\n<ul style=\"text-align: justify;\">\n<li style=\"list-style-type: none;\">\n<ul>\n<li><strong>C\u00f4ng d\u00e2n EU\/EEA v\u00e0 Th\u1ee5y S\u0129 <\/strong>c\u00f3 th\u1ec3 di chuy\u1ec3n \u0111\u1ebfn Ph\u1ea7n Lan ch\u1ec9 b\u1eb1ng ch\u1ee9ng minh nh\u00e2n d\u00e2n ho\u1eb7c h\u1ed9 chi\u1ebfu EU h\u1ee3p l\u1ec7.<\/li>\n<li><strong>C\u00f4ng d\u00e2n kh\u00f4ng thu\u1ed9c EU\/EEA\/Th\u1ee5y S\u0129 <\/strong>s\u1ebd c\u1ea7n th\u1ecb th\u1ef1c nh\u1eadp c\u1ea3nh n\u1ebfu h\u1ecd mu\u1ed1n \u1edf l\u1ea1i Ph\u1ea7n Lan h\u01a1n ba th\u00e1ng.<\/li>\n<\/ul>\n<\/li>\n<\/ul>\n<p style=\"text-align: justify;\"><strong>2. L\u00e0m c\u00e1ch n\u00e0o t\u00f4i c\u00f3 th\u1ec3 chuy\u1ec3n \u0111\u1ebfn Ph\u1ea7n Lan v\u1edbi t\u01b0 c\u00e1ch l\u00e0 c\u00f4ng d\u00e2n EU?<\/strong><\/p>\n<p style=\"text-align: justify;\">N\u1ebfu b\u1ea1n l\u00e0 c\u00f4ng d\u00e2n EU\/EEA v\u00e0 Th\u1ee5y S\u0129, b\u1ea1n c\u00f3 th\u1ec3 \u0111\u1ebfn Ph\u1ea7n Lan m\u00e0 kh\u00f4ng c\u1ea7n th\u1ecb th\u1ef1c, tuy nhi\u00ean,\u00a0<em>b\u1ea1n ph\u1ea3i n\u1ed9p \u0111\u01a1n \u0111\u0103ng k\u00fd EU n\u1ebfu mu\u1ed1n c\u01b0 tr\u00fa \u1edf Ph\u1ea7n Lan l\u00e2u h\u01a1n ba th\u00e1ng<\/em>.\u00a0Sau khi g\u1eedi \u0111\u0103ng k\u00fd, b\u1ea1n s\u1ebd nh\u1eadn \u0111\u01b0\u1ee3c m\u00e3 nh\u1eadn d\u1ea1ng c\u00e1 nh\u00e2n v\u00e0 vi\u1ec7c l\u01b0u tr\u00fa c\u1ee7a b\u1ea1n \u1edf Ph\u1ea7n Lan s\u1ebd h\u1ee3p ph\u00e1p.<\/p>\n<p style=\"text-align: justify;\">L\u00e0 c\u00f4ng d\u00e2n EU mu\u1ed1n c\u01b0 tr\u00fa t\u1ea1i Ph\u1ea7n Lan, b\u1ea1n ph\u1ea3i l\u00e0 m\u1ed9t trong nh\u1eefng ng\u01b0\u1eddi sau:<\/p>\n<ul style=\"text-align: justify;\">\n<li style=\"list-style-type: none;\">\n<ul>\n<li>M\u1ed9t ng\u01b0\u1eddi c\u00f3 vi\u1ec7c l\u00e0m.<\/li>\n<li>Ng\u01b0\u1eddi t\u1ef1 kinh doanh.<\/li>\n<li>M\u1ed9t th\u00e0nh vi\u00ean trong gia \u0111\u00ecnh.<\/li>\n<li>M\u1ed9t h\u1ecdc sinh.<\/li>\n<\/ul>\n<\/li>\n<\/ul>\n<p style=\"text-align: justify;\">C\u00f4ng d\u00e2n EU c\u0169ng c\u00f3 quy\u1ec1n b\u1eaft \u0111\u1ea7u l\u00e0m vi\u1ec7c ngay sau khi v\u00e0o Ph\u1ea7n Lan.<\/p>\n<p style=\"text-align: justify;\"><strong>3. L\u00e0m c\u00e1ch n\u00e0o t\u00f4i c\u00f3 th\u1ec3 chuy\u1ec3n \u0111\u1ebfn Ph\u1ea7n Lan v\u1edbi t\u01b0 c\u00e1ch l\u00e0 c\u00f4ng d\u00e2n ngo\u00e0i EU?<\/strong><\/p>\n<p style=\"text-align: justify;\">\u0110\u1ec3 \u1edf l\u1ea1i Ph\u1ea7n Lan l\u00e2u h\u01a1n 3 th\u00e1ng (90 ng\u00e0y), b\u1ea1n c\u1ea7n ph\u1ea3i xin th\u1ecb th\u1ef1c d\u00e0i h\u1ea1n.\u00a0Ph\u1ea7n Lan cung c\u1ea5p c\u00e1c lo\u1ea1i th\u1ecb th\u1ef1c d\u00e0i h\u1ea1n kh\u00e1c nhau m\u00e0 b\u1ea1n c\u00f3 th\u1ec3 n\u1ed9p \u0111\u01a1n t\u00f9y thu\u1ed9c v\u00e0o m\u1ee5c \u0111\u00edch du l\u1ecbch Ph\u1ea7n Lan c\u1ee7a b\u1ea1n.\u00a0B\u00ean c\u1ea1nh visa nh\u1eadp c\u1ea3nh,\u00a0b\u1ea1n c\u0169ng c\u1ea7n ph\u1ea3i c\u00f3 gi\u1ea5y ph\u00e9p c\u01b0 tr\u00fa\u00a0sau khi \u0111\u1ebfn n\u01b0\u1edbc n\u00e0y.\u00a0Lo\u1ea1i gi\u1ea5y ph\u00e9p c\u01b0 tr\u00fa c\u0169ng ph\u1ee5 thu\u1ed9c v\u00e0o lo\u1ea1i th\u1ecb th\u1ef1c b\u1ea1n c\u00f3 \u0111\u01b0\u1ee3c.<\/p>\n<p style=\"text-align: justify;\"><strong>Chuy\u1ec3n \u0111\u1ebfn Ph\u1ea7n Lan \u0111\u1ec3 l\u00e0m vi\u1ec7c<\/strong><\/p>\n<p style=\"text-align: justify;\">N\u1ebfu b\u1ea1n nh\u1eadn \u0111\u01b0\u1ee3c l\u1eddi m\u1eddi l\u00e0m vi\u1ec7c t\u1eeb m\u1ed9t nh\u00e0 tuy\u1ec3n d\u1ee5ng \u1edf Ph\u1ea7n Lan, b\u1ea1n c\u1ea7n ph\u1ea3i c\u00f3 th\u1ecb th\u1ef1c l\u00e0m vi\u1ec7c. Sau khi c\u00f3 \u0111\u01b0\u1ee3c visa l\u00e0m vi\u1ec7c, b\u1ea1n c\u1ea7n ph\u1ea3i xin gi\u1ea5y ph\u00e9p c\u01b0 tr\u00fa. Lo\u1ea1i gi\u1ea5y ph\u00e9p c\u01b0 tr\u00fa b\u1ea1n c\u1ea7n xin t\u00f9y thu\u1ed9c v\u00e0o lo\u1ea1i c\u00f4ng vi\u1ec7c b\u1ea1n s\u1ebd l\u00e0m trong th\u1eddi gian \u1edf Ph\u1ea7n Lan.<\/p>\n<p style=\"text-align: justify;\">N\u1ebfu b\u1ea1n chuy\u1ec3n \u0111\u1ebfn Ph\u1ea7n Lan \u0111\u1ec3 l\u00e0m m\u1ed9t ngh\u1ec1 \u0111ang thi\u1ebfu nh\u00e0 tuy\u1ec3n d\u1ee5ng, b\u1ea1n c\u1ea7n ph\u1ea3i c\u00f3\u00a0Th\u1ebb xanh Li\u00ean minh Ch\u00e2u \u00c2u.\u00a0\u0110\u1ec3 \u0111\u1ee7 \u0111i\u1ec1u ki\u1ec7n nh\u1eadn Th\u1ebb xanh EU, b\u1ea1n c\u1ea7n ki\u1ec3m tra xem b\u1ea1n c\u00f3 \u0111\u00e1p \u1ee9ng \u0111\u01b0\u1ee3c tr\u00ecnh \u0111\u1ed9 chuy\u00ean m\u00f4n v\u00e0 kinh nghi\u1ec7m l\u00e0m vi\u1ec7c c\u1ea7n thi\u1ebft trong l\u0129nh v\u1ef1c b\u1ea1n s\u1eafp l\u00e0m vi\u1ec7c hay kh\u00f4ng.<\/p>\n<p style=\"text-align: justify;\"><strong>Chuy\u1ec3n \u0111\u1ebfn Ph\u1ea7n Lan \u0111\u1ec3 h\u1ecdc t\u1eadp<\/strong><\/p>\n<p style=\"text-align: justify;\">N\u1ebfu b\u1ea1n \u0111\u01b0\u1ee3c ch\u1ea5p nh\u1eadn v\u00e0o m\u1ed9t ch\u01b0\u01a1ng tr\u00ecnh h\u1ecdc t\u1ea1i m\u1ed9t c\u01a1 s\u1edf gi\u00e1o d\u1ee5c Ph\u1ea7n Lan, b\u1ea1n c\u1ea7n ph\u1ea3i c\u00f3\u00a0th\u1ecb th\u1ef1c du h\u1ecdc\u00a0\u0111\u1ec3 nh\u1eadp c\u1ea3nh v\u00e0o n\u01b0\u1edbc n\u00e0y.\u00a0C\u01a1 s\u1edf gi\u00e1o d\u1ee5c m\u00e0 b\u1ea1n \u0111\u01b0\u1ee3c nh\u1eadn v\u00e0o c\u00f3 th\u1ec3 l\u00e0 tr\u01b0\u1eddng \u0111\u1ea1i h\u1ecdc, tr\u01b0\u1eddng \u0111\u1ea1i h\u1ecdc khoa h\u1ecdc \u1ee9ng d\u1ee5ng, tr\u01b0\u1eddng trung h\u1ecdc ph\u1ed5 th\u00f4ng ho\u1eb7c c\u01a1 s\u1edf gi\u00e1o d\u1ee5c ngh\u1ec1 nghi\u1ec7p.<\/p>\n<p style=\"text-align: justify;\">Sau khi \u0111\u01b0\u1ee3c c\u1ea5p visa du h\u1ecdc, b\u1ea1n c\u00f3 th\u1ec3 xin gi\u1ea5y ph\u00e9p c\u01b0 tr\u00fa t\u1ea1i c\u01a1 quan \u0111\u1ea1i di\u1ec7n ngo\u1ea1i giao Ph\u1ea7n Lan.\u00a0B\u1ea1n c\u00f3 th\u1ec3 n\u1ed9p \u0111\u01a1n xin gi\u1ea5y ph\u00e9p A ho\u1eb7c gi\u1ea5y ph\u00e9p B.<\/p>\n<p style=\"text-align: justify;\">Th\u1ecb th\u1ef1c sinh vi\u00ean c\u00f3 gi\u00e1 tr\u1ecb trong th\u1eddi h\u1ea1n hai n\u0103m v\u00e0 s\u1ebd cho ph\u00e9p b\u1ea1n l\u00e0m vi\u1ec7c t\u1ed1i \u0111a 30 gi\u1edd m\u1ed7i tu\u1ea7n.\u00a0B\u1ea1n c\u0169ng \u0111\u01b0\u1ee3c ph\u00e9p mang theo c\u00e1c th\u00e0nh vi\u00ean trong gia \u0111\u00ecnh \u0111\u1ebfn Ph\u1ea7n Lan.<\/p>\n<p style=\"text-align: justify;\"><strong>Chuy\u1ec3n \u0111\u1ebfn Ph\u1ea7n Lan \u0111\u1ec3 \u0111o\u00e0n t\u1ee5 gia \u0111\u00ecnh<\/strong><\/p>\n<p style=\"text-align: justify;\">C\u00f4ng d\u00e2n ngo\u00e0i EU c\u00f3 th\u00e0nh vi\u00ean gia \u0111\u00ecnh \u1edf Ph\u1ea7n Lan c\u00f3 th\u1ec3 \u0111o\u00e0n t\u1ee5 v\u1edbi ng\u01b0\u1eddi th\u00e2n c\u1ee7a h\u1ecd b\u1eb1ng c\u00e1ch n\u1ed9p \u0111\u01a1n xin th\u1ecb th\u1ef1c gia \u0111\u00ecnh t\u1ea1i c\u01a1 quan ngo\u1ea1i giao Ph\u1ea7n Lan t\u1ea1i \u0111\u1ecba ph\u01b0\u01a1ng (\u0111\u1ea1i s\u1ee9 qu\u00e1n\/l\u00e3nh s\u1ef1 qu\u00e1n).\u00a0Th\u1ecb th\u1ef1c gia \u0111\u00ecnh \u0111\u01b0\u1ee3c c\u1ea5p cho c\u00e1c th\u00e0nh vi\u00ean gia \u0111\u00ecnh sau:<\/p>\n<ul style=\"text-align: justify;\">\n<li style=\"list-style-type: none;\">\n<ul>\n<li>Ng\u01b0\u1eddi v\u1ee3\/ch\u1ed3ng.<\/li>\n<li>M\u1ed9t \u0111\u1ed1i t\u00e1c chung s\u1ed1ng.<\/li>\n<li>Ng\u01b0\u1eddi gi\u00e1m h\u1ed9 h\u1ee3p ph\u00e1p (khi ng\u01b0\u1eddi n\u1ed9p \u0111\u01a1n d\u01b0\u1edbi 18 tu\u1ed5i).<\/li>\n<li>M\u1ed9t \u0111\u1ee9a tr\u1ebb.<\/li>\n<\/ul>\n<\/li>\n<\/ul>\n<p style=\"text-align: justify;\">Tuy nhi\u00ean, b\u1ea1n c\u00f3 th\u1ec3 xin gi\u1ea5y ph\u00e9p c\u01b0 tr\u00fa \u0111\u1ec3 \u0111o\u00e0n t\u1ee5 gia \u0111\u00ecnh n\u1ebfu b\u1ea1n c\u00f3 th\u00e0nh vi\u00ean gia \u0111\u00ecnh s\u1ed1ng \u1edf Ph\u1ea7n Lan c\u00f3 gi\u1ea5y ph\u00e9p c\u01b0 tr\u00fa.\u00a0Do \u0111\u00f3, th\u00e0nh vi\u00ean gia \u0111\u00ecnh s\u1ed1ng \u1edf Ph\u1ea7n Lan, \u0111\u1ed3ng th\u1eddi s\u1ebd l\u00e0 ng\u01b0\u1eddi b\u1ea3o l\u00e3nh c\u1ee7a b\u1ea1n, ph\u1ea3i n\u1ed9p \u0111\u01a1n xin gi\u1ea5y ph\u00e9p c\u01b0 tr\u00fa tr\u01b0\u1edbc ho\u1eb7c c\u00f9ng l\u00fac v\u1edbi vi\u1ec7c b\u1ea1n n\u1ed9p \u0111\u01a1n xin th\u1ecb th\u1ef1c gia \u0111\u00ecnh.<\/p>\n<p style=\"text-align: justify;\">Sau khi th\u1ecb th\u1ef1c gia \u0111\u00ecnh c\u1ee7a b\u1ea1n \u0111\u01b0\u1ee3c c\u1ea5p, b\u1ea1n c\u00f3 th\u1ec3 \u0111\u1ebfn Ph\u1ea7n Lan v\u00e0 \u0111\u0103ng k\u00fd t\u1ea1i v\u0103n ph\u00f2ng \u0111\u0103ng k\u00fd \u0111\u1ecba ph\u01b0\u01a1ng.<\/p>\n<p style=\"text-align: justify;\">Lo\u1ea1i th\u1ecb th\u1ef1c n\u00e0y c\u00f3 gi\u00e1 tr\u1ecb trong m\u1ed9t n\u0103m (12 th\u00e1ng) v\u00e0 c\u00f3 th\u1ec3 \u0111\u01b0\u1ee3c gia h\u1ea1n t\u00f9y thu\u1ed9c v\u00e0o lo\u1ea1i gi\u1ea5y ph\u00e9p b\u1ea1n c\u00f3.<\/p>\n<p style=\"text-align: justify;\"><strong>4. Ph\u1ea7n Lan c\u00f3 cho ph\u00e9p song t\u1ecbch kh\u00f4ng?<\/strong><\/p>\n<p style=\"text-align: justify;\">Ph\u1ea7n Lan ch\u1ea5p nh\u1eadn hai qu\u1ed1c t\u1ecbch, c\u00f3 ngh\u0129a l\u00e0 b\u1ea1n c\u00f3 th\u1ec3 l\u00e0 c\u00f4ng d\u00e2n Ph\u1ea7n Lan v\u00e0 c\u00f3 qu\u1ed1c t\u1ecbch \u1edf m\u1ed9t qu\u1ed1c gia kh\u00e1c.\u00a0N\u1ebfu b\u1ea1n c\u00f3 qu\u1ed1c t\u1ecbch kh\u00e1c ngo\u00e0i qu\u1ed1c t\u1ecbch Ph\u1ea7n Lan, ch\u00ednh quy\u1ec1n Ph\u1ea7n Lan s\u1ebd coi b\u1ea1n l\u00e0 c\u00f4ng d\u00e2n Ph\u1ea7n Lan \u1edf Ph\u1ea7n Lan v\u00e0 n\u01b0\u1edbc ngo\u00e0i.<\/p>\n<p style=\"text-align: justify;\">Tuy nhi\u00ean, c\u00e1c qu\u1ed1c gia kh\u00e1c c\u00f3 th\u1ec3 kh\u00f4ng ch\u1ea5p nh\u1eadn hai qu\u1ed1c t\u1ecbch v\u00e0 do \u0111\u00f3, n\u1ebfu ch\u00ednh quy\u1ec1n c\u1ee7a qu\u1ed1c gia m\u00e0 b\u1ea1n hi\u1ec7n l\u00e0 c\u00f4ng d\u00e2n kh\u00f4ng ch\u1ea5p nh\u1eadn hai qu\u1ed1c t\u1ecbch, b\u1ea1n s\u1ebd ph\u1ea3i t\u1eeb b\u1ecf m\u1ed9t trong hai qu\u1ed1c t\u1ecbch.\u00a0\u0110i\u1ec1u n\u00e0y c\u00f3 ngh\u0129a l\u00e0 b\u1ea1n ph\u1ea3i l\u1ef1a ch\u1ecdn gi\u1eefa qu\u1ed1c t\u1ecbch hi\u1ec7n t\u1ea1i v\u00e0 qu\u1ed1c t\u1ecbch Ph\u1ea7n Lan.<\/p>\n<p style=\"text-align: justify;\"><strong>5. T\u00f4i c\u00f3 th\u1ec3 mang \u0111\u1ed3 \u0111\u1ea1c c\u00e1 nh\u00e2n c\u1ee7a m\u00ecnh \u0111\u1ebfn Ph\u1ea7n Lan kh\u00f4ng?<\/strong><\/p>\n<p style=\"text-align: justify;\">B\u1ea1n c\u00f3 th\u1ec3 mang \u0111\u1ed3 \u0111\u1ea1c c\u00e1 nh\u00e2n c\u1ee7a m\u00ecnh \u0111\u1ebfn Ph\u1ea7n Lan mi\u1ec5n thu\u1ebf h\u1ea3i quan v\u00e0 thu\u1ebf gi\u00e1 tr\u1ecb gia t\u0103ng, tuy nhi\u00ean, \u0111\u1ec3 l\u00e0m \u0111\u01b0\u1ee3c \u0111i\u1ec1u \u0111\u00f3, b\u1ea1n ph\u1ea3i \u0111\u00e1p \u1ee9ng c\u00e1c y\u00eau c\u1ea7u sau:<\/p>\n<ul style=\"text-align: justify;\">\n<li style=\"list-style-type: none;\">\n<ul>\n<li>B\u1ea1n \u0111\u00e3 l\u00e0 c\u01b0 d\u00e2n b\u00ean ngo\u00e0i EU trong \u00edt nh\u1ea5t 12 th\u00e1ng.<\/li>\n<li>B\u1ea1n \u0111\u00e3 s\u1eed d\u1ee5ng \u0111\u1ed3 \u0111\u1ea1c c\u1ee7a m\u00ecnh \u00edt nh\u1ea5t s\u00e1u th\u00e1ng tr\u01b0\u1edbc khi \u0111\u1ebfn Ph\u1ea7n Lan.<\/li>\n<li>\u0110\u1ed3 \u0111\u1ea1c c\u1ee7a b\u1ea1n s\u1ebd \u0111\u01b0\u1ee3c s\u1eed d\u1ee5ng gi\u1ed1ng nh\u01b0 c\u00e1ch n\u00f3 \u0111\u01b0\u1ee3c s\u1eed d\u1ee5ng \u1edf n\u01a1i b\u1ea1n c\u01b0 tr\u00fa tr\u01b0\u1edbc \u0111\u00e2y.<\/li>\n<\/ul>\n<\/li>\n<\/ul>\n<p style=\"text-align: justify;\"><strong>C\u00e1c v\u1eadt d\u1ee5ng \u0111\u01b0\u1ee3c li\u1ec7t k\u00ea d\u01b0\u1edbi \u0111\u00e2y \u0111\u01b0\u1ee3c coi l\u00e0 \u0111\u1ed3 d\u00f9ng c\u00e1 nh\u00e2n:<\/strong><\/p>\n<ul>\n<li style=\"list-style-type: none;\">\n<ul>\n<li style=\"text-align: justify;\">H\u1ed9 gia \u0111\u00ecnh (qu\u1ea7n \u00e1o, \u0111\u1ed3 n\u1ed9i th\u1ea5t, s\u00e1ch, thi\u1ebft b\u1ecb, v.v.).<\/li>\n<li style=\"text-align: justify;\">Xe \u0111\u1ea1p v\u00e0 xe m\u00e1y, xe c\u01a1 gi\u1edbi v\u00e0 xe mo\u00f3c d\u00f9ng cho m\u1ee5c \u0111\u00edch c\u00e1 nh\u00e2n, xe l\u1eef h\u00e0nh, thuy\u1ec1n gi\u1ea3i tr\u00ed v\u00e0 m\u00e1y bay t\u01b0 nh\u00e2n<\/li>\n<li style=\"text-align: justify;\">V\u1eadt nu\u00f4i trong nh\u00e0 v\u00e0 y\u00ean ng\u1ef1a.<\/li>\n<li style=\"text-align: justify;\">D\u1ee5ng c\u1ee5 c\u1ea7m tay \u0111\u01b0\u1ee3c ng\u01b0\u1eddi li\u00ean quan y\u00eau c\u1ea7u \u0111\u1ec3 th\u1ef1c h\u00e0nh ngh\u1ec7 thu\u1eadt \u1ee9ng d\u1ee5ng ho\u1eb7c ngh\u1ec7 thu\u1eadt t\u1ef1 do.<\/li>\n<\/ul>\n<\/li>\n<\/ul>\n[\/vc_column_text][\/vc_column][\/vc_row]\n<\/div>","protected":false},"excerpt":{"rendered":"<p>[vc_row css=&#8221;.vc_custom_1748317360394{margin-top: -30px !important;}&#8221;][vc_column][\/vc_column][\/vc_row][vc_row][vc_column][vc_column_text css=&#8221;&#8221;] N\u1eb1m \u1edf B\u1eafc \u00c2u, Ph\u1ea7n Lan l\u00e0 n\u01a1i c\u00f3 h\u00e0ng ng\u00e0n h\u1ed3 n\u01b0\u1edbc v\u00e0 nh\u1eefng khu r\u1eebng, ng\u1ecdn \u0111\u1ed3i tuy\u1ec7t \u0111\u1eb9p.\u00a0\u0110\u1ea5t n\u01b0\u1edbc B\u1eafc \u00c2u xinh \u0111\u1eb9p l\u00e0 m\u1ed9t trong nh\u1eefng qu\u1ed1c gia ph\u00e1t tri\u1ec3n v\u00e0 ti\u00ean ti\u1ebfn nh\u1ea5t th\u1ebf gi\u1edbi, x\u1ebfp h\u1ea1ng cao v\u1ec1 nh\u00e2n quy\u1ec1n, m\u00f4i tr\u01b0\u1eddng s\u1ed1ng v\u00e0 [&hellip;]<\/p>\n","protected":false},"author":4,"featured_media":0,"parent":0,"menu_order":0,"comment_status":"closed","ping_status":"closed","template":"","meta":{"footnotes":""},"class_list":["post-9322","page","type-page","status-publish","hentry"],"_links":{"self":[{"href":"https:\/\/immico.vn\/vi\/wp-json\/wp\/v2\/pages\/9322","targetHints":{"allow":["GET"]}}],"collection":[{"href":"https:\/\/immico.vn\/vi\/wp-json\/wp\/v2\/pages"}],"about":[{"href":"https:\/\/immico.vn\/vi\/wp-json\/wp\/v2\/types\/page"}],"author":[{"embeddable":true,"href":"https:\/\/immico.vn\/vi\/wp-json\/wp\/v2\/users\/4"}],"replies":[{"embeddable":true,"href":"https:\/\/immico.vn\/vi\/wp-json\/wp\/v2\/comments?post=9322"}],"version-history":[{"count":5,"href":"https:\/\/immico.vn\/vi\/wp-json\/wp\/v2\/pages\/9322\/revisions"}],"predecessor-version":[{"id":10551,"href":"https:\/\/immico.vn\/vi\/wp-json\/wp\/v2\/pages\/9322\/revisions\/10551"}],"wp:attachment":[{"href":"https:\/\/immico.vn\/vi\/wp-json\/wp\/v2\/media?parent=9322"}],"curies":[{"name":"wp","href":"https:\/\/api.w.org\/{rel}","templated":true}]}}