{"id":9324,"date":"2023-12-25T04:54:45","date_gmt":"2023-12-25T04:54:45","guid":{"rendered":"https:\/\/immico.vn\/?page_id=9324\/"},"modified":"2025-05-27T04:18:49","modified_gmt":"2025-05-27T04:18:49","slug":"dinh-cu-mexico","status":"publish","type":"page","link":"https:\/\/immico.vn\/vi\/dinh-cu-mexico\/","title":{"rendered":"\u0110\u1ecbnh c\u01b0 Mexico"},"content":{"rendered":"<div class=\"wpb-content-wrapper\">[vc_row css=&#8221;.vc_custom_1748319522819{margin-top: -30px !important;}&#8221;][vc_column]<div class=\"shortcode-wrapper shortcode-title clearfix hb-animate-element hb-fade-in\"><p style=\"color:#9a4c3c!important;border-color:#9a4c3c\" class=\"hb-text-large aligncenter\">\u0110\u1ecbnh c\u01b0 Mexico<\/p><\/div>[\/vc_column][\/vc_row][vc_row][vc_column][vc_column_text css=&#8221;&#8221;]\n<p style=\"text-align: justify;\">M\u1ecdi ng\u01b0\u1eddi c\u00f3 \u00fd \u0111\u1ecbnh chuy\u1ec3n \u0111\u1ebfn Mexico trong th\u1eddi gian d\u00e0i h\u01a1n s\u00e1u th\u00e1ng \u0111\u1ec1u ph\u1ea3i c\u00f3 Visa th\u01b0\u1eddng tr\u00fa v\u00e0 Th\u1ebb c\u01b0 tr\u00fa, t\u00f9y thu\u1ed9c v\u00e0o th\u1eddi gian v\u00e0 m\u1ee5c \u0111\u00edch l\u01b0u tr\u00fa c\u1ee7a h\u1ecd.\u00a0Ng\u01b0\u1eddi n\u01b0\u1edbc ngo\u00e0i mu\u1ed1n \u0111\u1ecbnh c\u01b0 l\u00e2u d\u00e0i \u1edf Mexico ph\u1ea3i c\u00f3\u00a0<strong>Th\u1ebb th\u01b0\u1eddng tr\u00fa Mexico<\/strong>.<\/p>\n<p style=\"text-align: justify;\">Th\u1ebb th\u01b0\u1eddng tr\u00fa cho Mexico l\u00e0 m\u1ed9t l\u1ef1a ch\u1ecdn ph\u1ed5 bi\u1ebfn \u0111\u1ed1i v\u1edbi nh\u1eefng ng\u01b0\u1eddi v\u1ec1 h\u01b0u v\u00ec n\u00f3 \u0111\u01b0\u1ee3c c\u1ea5p sau khi h\u1ecd c\u00f3 \u0111\u01b0\u1ee3c\u00a0Visa H\u01b0u tr\u00ed Mexico\u00a0v\u00e0 chuy\u1ec3n \u0111\u1ebfn Mexico.<\/p>\n<p style=\"text-align: justify;\"><strong>1. L\u1ee3i \u00edch c\u1ee7a Th\u1ebb th\u01b0\u1eddng tr\u00fa Mexico<\/strong><\/p>\n<p style=\"text-align: justify;\">Th\u1ebb th\u01b0\u1eddng tr\u00fa mang l\u1ea1i cho ng\u01b0\u1eddi s\u1edf h\u1eefu c\u00e1c quy\u1ec1n t\u01b0\u01a1ng t\u1ef1 nh\u01b0 m\u1ed9t c\u00f4ng d\u00e2n Mexico th\u1ef1c s\u1ef1, ngo\u1ea1i tr\u1eeb quy\u1ec1n b\u1ea7u c\u1eed.\u00a0Nh\u01b0 v\u1eady, v\u1edbi Th\u1ebb th\u01b0\u1eddng tr\u00fa Mexico:<\/p>\n<p style=\"text-align: justify;\">&#8211; B\u1ea1n \u0111\u01b0\u1ee3c ph\u00e9p l\u00e0m vi\u1ec7c m\u00e0 kh\u00f4ng c\u1ea7n ph\u1ea3i c\u00f3 gi\u1ea5y ph\u00e9p lao \u0111\u1ed9ng<\/p>\n<p style=\"text-align: justify;\">&#8211; B\u1ea1n c\u00f3 th\u1ec3 \u0111\u0103ng k\u00fd b\u1ea3o hi\u1ec3m y t\u1ebf mi\u1ec5n ph\u00ed. T\u1ea1i \u0111\u00e2y b\u1ea1n c\u00f3 th\u1ec3 t\u00ecm th\u1ea5y th\u00f4ng tin chi ti\u1ebft v\u1ec1 h\u1ec7 th\u1ed1ng ch\u0103m s\u00f3c s\u1ee9c kh\u1ecfe v\u00e0 b\u1ea3o hi\u1ec3m y t\u1ebf c\u1ee7a Mexico d\u00e0nh cho ng\u01b0\u1eddi n\u01b0\u1edbc ngo\u00e0i.<\/p>\n<p style=\"text-align: justify;\">&#8211; B\u1ea1n ch\u1ec9 ph\u1ea3i n\u1ed9p \u0111\u01a1n m\u1ed9t l\u1ea7n \u2013 v\u00ec n\u00f3 l\u00e0 v\u00f4 th\u1eddi h\u1ea1n n\u00ean kh\u00f4ng c\u1ea7n ph\u1ea3i gia h\u1ea1n m\u1ed9t \u0111\u1ebfn hai n\u0103m m\u1ed9t l\u1ea7n<\/p>\n<p style=\"text-align: justify;\">&#8211; B\u1ea1n c\u00f3 th\u1ec3 v\u00e0o v\u00e0 r\u1eddi Mexico bao nhi\u00eau l\u1ea7n t\u00f9y th\u00edch<\/p>\n<p style=\"text-align: justify;\"><strong>2. L\u00e0m th\u1ebf n\u00e0o \u0111\u1ec3 tr\u1edf th\u00e0nh c\u01b0 d\u00e2n Mexico?<\/strong><\/p>\n<p style=\"text-align: justify;\">B\u1ea1n c\u00f3 th\u1ec3 tr\u1edf th\u00e0nh c\u01b0 d\u00e2n Mexico n\u1ebfu \u0111\u00e1p \u1ee9ng m\u1ed9t trong c\u00e1c \u0111i\u1ec1u ki\u1ec7n sau:<\/p>\n<p style=\"text-align: justify;\">&#8211; B\u1ea1n c\u00f3 quan h\u1ec7 gia \u0111\u00ecnh \u1edf Mexico<\/p>\n<p style=\"text-align: justify;\">&#8211; B\u1ea1n \u0111\u00e3 t\u00ecm \u0111\u01b0\u1ee3c vi\u1ec7c l\u00e0m \u1edf Mexico<\/p>\n<p style=\"text-align: justify;\">&#8211; B\u1ea1n c\u00f3 \u00fd \u0111\u1ecbnh ngh\u1ec9 h\u01b0u \u1edf Mexico<\/p>\n<p style=\"text-align: justify;\">&#8211; B\u1ea1n b\u1eaft \u0111\u1ea7u h\u1ecdc t\u1ea1i m\u1ed9t c\u01a1 s\u1edf gi\u00e1o d\u1ee5c Mexico<\/p>\n<p style=\"text-align: justify;\">&#8211; B\u1ea1n \u0111\u00e3 t\u00edch l\u0169y \u0111\u01b0\u1ee3c \u00edt nh\u1ea5t b\u1ed1n n\u0103m t\u1ea1m tr\u00fa v\u00e0 hi\u1ec7n \u0111\u1ee7 \u0111i\u1ec1u ki\u1ec7n \u0111\u1ec3 tr\u1edf th\u00e0nh th\u01b0\u1eddng tr\u00fa nh\u00e2n<\/p>\n<p style=\"text-align: justify;\">L\u00e0 m\u1ed9t c\u00f4ng d\u00e2n n\u01b0\u1edbc ngo\u00e0i, b\u1ea1n s\u1ebd nh\u1eadn \u0111\u01b0\u1ee3c n\u01a1i c\u01b0 tr\u00fa t\u1ea1m th\u1eddi \u1edf Mexico (Th\u1ebb t\u1ea1m tr\u00fa) n\u1ebfu b\u1ea1n t\u00ecm \u0111\u01b0\u1ee3c vi\u1ec7c l\u00e0m, mu\u1ed1n \u0111o\u00e0n t\u1ee5 v\u1edbi m\u1ed9t th\u00e0nh vi\u00ean gia \u0111\u00ecnh c\u0169ng l\u00e0 c\u01b0 d\u00e2n t\u1ea1m th\u1eddi ho\u1eb7c b\u1ea1n b\u1eaft \u0111\u1ea7u h\u1ecdc t\u1eadp \u1edf Mexico.\u00a0Th\u1ebb t\u1ea1m tr\u00fa \u1edf Mexico ban \u0111\u1ea7u c\u00f3 gi\u00e1 tr\u1ecb trong m\u1ed9t n\u0103m v\u00e0 c\u00f3 th\u1ec3 \u0111\u01b0\u1ee3c gia h\u1ea1n t\u1ed1i \u0111a b\u1ed1n n\u0103m.\u00a0Sau b\u1ed1n n\u0103m, b\u1ea1n c\u00f3 th\u1ec3 n\u1ed9p \u0111\u01a1n xin th\u01b0\u1eddng tr\u00fa (Th\u1ebb th\u01b0\u1eddng tr\u00fa Mexico).<\/p>\n<p style=\"text-align: justify;\">Tuy nhi\u00ean, t\u00f9y thu\u1ed9c v\u00e0o tr\u01b0\u1eddng h\u1ee3p c\u1ee7a b\u1ea1n, b\u1ea1n c\u00f3 th\u1ec3 \u0111\u1ee7 \u0111i\u1ec1u ki\u1ec7n \u0111\u1ec3 \u0111\u01b0\u1ee3c th\u01b0\u1eddng tr\u00fa ngay t\u1eeb \u0111\u1ea7u.<\/p>\n<p style=\"text-align: justify;\"><strong>3. Ai \u0111\u1ee7 \u0111i\u1ec1u ki\u1ec7n nh\u1eadn Th\u1ebb th\u01b0\u1eddng tr\u00fa Mexico?<\/strong><\/p>\n<p style=\"text-align: justify;\">B\u1ea1n \u0111\u1ee7 \u0111i\u1ec1u ki\u1ec7n nh\u1eadn Th\u1ebb th\u01b0\u1eddng tr\u00fa Mexico n\u1ebfu b\u1ea1n \u0111\u00e1p \u1ee9ng m\u1ed9t trong c\u00e1c y\u00eau c\u1ea7u sau:<\/p>\n<p style=\"text-align: justify;\">&#8211; B\u1ea1n <strong>\u0111\u00e3 ngh\u1ec9 h\u01b0u <\/strong>v\u00e0 c\u00f3 \u00fd \u0111\u1ecbnh s\u1ed1ng \u1edf Mexico v\u0129nh vi\u1ec5n m\u00e0 kh\u00f4ng c\u00f3 vi\u1ec7c l\u00e0m\/thu nh\u1eadp t\u1eeb Mexico (Visa H\u01b0u tr\u00ed Mexico)<\/p>\n<p style=\"text-align: justify;\">&#8211; B\u1ea1n c\u00f3 <strong>quan h\u1ec7 gia \u0111\u00ecnh th\u00e2n thi\u1ebft <\/strong>\u1edf Mexico:<\/p>\n<p style=\"padding-left: 40px; text-align: justify;\">+ B\u1ea1n c\u00f3 con l\u00e0 c\u00f4ng d\u00e2n Mexico ho\u1eb7c th\u01b0\u1eddng tr\u00fa nh\u00e2n<\/p>\n<p style=\"padding-left: 40px; text-align: justify;\">+ B\u1ea1n l\u00e0 tr\u1ebb em ho\u1eb7c thanh thi\u1ebfu ni\u00ean v\u00e0 b\u1ea1n c\u00f3 cha m\u1eb9 l\u00e0 c\u00f4ng d\u00e2n Mexico ho\u1eb7c th\u01b0\u1eddng tr\u00fa nh\u00e2n<\/p>\n<p style=\"padding-left: 40px; text-align: justify;\">+ B\u1ea1n l\u00e0 tr\u1ebb em ho\u1eb7c thanh thi\u1ebfu ni\u00ean v\u00e0 b\u1ea1n c\u00f3 cha m\u1eb9 k\u1ebf l\u00e0 c\u00f4ng d\u00e2n Mexico ho\u1eb7c th\u01b0\u1eddng tr\u00fa nh\u00e2n<\/p>\n<p style=\"padding-left: 40px; text-align: justify;\">+ B\u1ea1n l\u00e0 anh ch\u1ecb em c\u1ee7a m\u1ed9t c\u00f4ng d\u00e2n Mexico ho\u1eb7c th\u01b0\u1eddng tr\u00fa nh\u00e2n<\/p>\n<p style=\"text-align: justify;\">&#8211; B\u1ea1n \u0111\u00e3 s\u1ed1ng \u1edf Mexico <strong>\u00edt nh\u1ea5t b\u1ed1n n\u0103m <\/strong>v\u1edbi Th\u1ebb t\u1ea1m tr\u00fa<\/p>\n<p style=\"text-align: justify;\">&#8211; B\u1ea1n \u0111\u00e3 s\u1ed1ng \u1edf Mexico <strong>\u00edt nh\u1ea5t hai n\u0103m<\/strong>v\u1edbi Th\u1ebb t\u1ea1m tr\u00fa \u0111\u01b0\u1ee3c c\u1ea5p tr\u00ean c\u01a1 s\u1edf k\u1ebft h\u00f4n v\u1edbi c\u00f4ng d\u00e2n Mexico ho\u1eb7c th\u01b0\u1eddng tr\u00fa nh\u00e2n<\/p>\n<p style=\"text-align: justify;\"><strong>4. Th\u1eddi h\u1ea1n c\u1ee7a Th\u1ebb th\u01b0\u1eddng tr\u00fa Mexico l\u00e0 bao l\u00e2u?<\/strong><\/p>\n<p style=\"text-align: justify;\">Th\u1ebb th\u01b0\u1eddng tr\u00fa \u1edf Mexico kh\u00f4ng c\u00f3 th\u1eddi h\u1ea1n s\u1eed d\u1ee5ng &#8211; n\u00f3 \u0111\u01b0\u1ee3c c\u1ea5p trong m\u1ed9t kho\u1ea3ng th\u1eddi gian kh\u00f4ng x\u00e1c \u0111\u1ecbnh.\u00a0Nh\u01b0 v\u1eady, n\u00f3 kh\u00f4ng ph\u1ea3i \u0111\u01b0\u1ee3c gia h\u1ea1n v\u00e0i n\u0103m m\u1ed9t l\u1ea7n nh\u01b0 Th\u1ebb t\u1ea1m tr\u00fa.<\/p>\n<p style=\"text-align: justify;\"><strong>5. L\u00e0m th\u1ebf n\u00e0o \u0111\u1ec3 n\u1ed9p \u0111\u01a1n xin Th\u1ebb th\u01b0\u1eddng tr\u00fa Mexico?<\/strong><\/p>\n<p style=\"text-align: justify;\">B\u1ea1n ph\u1ea3i n\u1ed9p \u0111\u01a1n xin Th\u1ebb th\u01b0\u1eddng tr\u00fa Mexico t\u1ea1i Vi\u1ec7n Nh\u1eadp c\u01b0 Qu\u1ed1c gia (<em>Instituto Nacional de Migracion<\/em>\u00a0(INM)) khi \u0111\u1ebfn Mexico.\u00a0Tr\u01b0\u1edbc \u0111\u00f3, b\u1ea1n ph\u1ea3i n\u1ed9p \u0111\u01a1n xin Visa th\u01b0\u1eddng tr\u00fa t\u1ea1i \u0111\u1ea1i s\u1ee9 qu\u00e1n Mexico \u1edf n\u01b0\u1edbc b\u1ea1n, t\u00f9y thu\u1ed9c v\u00e0o m\u1ee5c \u0111\u00edch du l\u1ecbch c\u1ee7a b\u1ea1n.<\/p>\n<p style=\"text-align: justify;\"><strong>Chuy\u1ec3n \u0111\u1ed5i Visa th\u01b0\u1eddng tr\u00fa th\u00e0nh Th\u1ebb th\u01b0\u1eddng tr\u00fa Mexico<\/strong><\/p>\n<p style=\"text-align: justify;\">Trong v\u00f2ng 30 ng\u00e0y k\u1ec3 t\u1eeb ng\u00e0y \u0111\u1ebfn Mexico, b\u1ea1n ph\u1ea3i n\u1ed9p \u0111\u01a1n xin chuy\u1ec3n \u0111\u1ed5i Visa th\u01b0\u1eddng tr\u00fa c\u1ee7a m\u00ecnh th\u00e0nh Th\u1ebb th\u01b0\u1eddng tr\u00fa Mexico<em>.\u00a0<\/em>\u0110\u00f3 l\u00e0 Th\u1ebb cho ph\u00e9p b\u1ea1n s\u1ed1ng l\u00e2u d\u00e0i \u1edf Mexico ch\u1ee9 kh\u00f4ng ph\u1ea3i th\u1ecb th\u1ef1c.<\/p>\n<p style=\"text-align: justify;\"><strong>\u0110\u1ed5i Th\u1ebb t\u1ea1m tr\u00fa th\u00e0nh Th\u1ebb th\u01b0\u1eddng tr\u00fa<\/strong><\/p>\n<p style=\"text-align: justify;\">N\u1ebfu b\u1ea1n \u0111ang s\u1ed1ng \u1edf Mexico b\u1eb1ng Th\u1ebb t\u1ea1m tr\u00fa, khi Th\u1ebb hi\u1ec7n t\u1ea1i c\u1ee7a b\u1ea1n s\u1eafp h\u1ebft h\u1ea1n, b\u1ea1n ph\u1ea3i n\u1ed9p \u0111\u01a1n t\u1ea1i INM \u0111\u1ec3 chuy\u1ec3n th\u1ebb th\u00e0nh Th\u1ebb th\u01b0\u1eddng tr\u00fa (v\u1edbi \u0111i\u1ec1u ki\u1ec7n b\u1ea1n \u0111\u00e3 s\u1ed1ng \u1edf Mexico v\u1edbi t\u01b0 c\u00e1ch l\u00e0 c\u01b0 d\u00e2n t\u1ea1m th\u1eddi trong b\u1ed1n n\u0103m).\u00a0B\u1ea1n ph\u1ea3i n\u1ed9p \u0111\u01a1n \u00edt nh\u1ea5t 30 ng\u00e0y tr\u01b0\u1edbc khi th\u1ebb c\u01b0 tr\u00fa hi\u1ec7n t\u1ea1i c\u1ee7a b\u1ea1n h\u1ebft h\u1ea1n.<\/p>\n<p style=\"text-align: justify;\"><strong>6. Th\u1eddi gian x\u1eed l\u00fd Th\u1ebb th\u01b0\u1eddng tr\u00fa Mexico<\/strong><\/p>\n<p style=\"text-align: justify;\">Visa th\u01b0\u1eddng tr\u00fa Mexico m\u1ea5t kho\u1ea3ng 10 \u2013 15 ng\u00e0y l\u00e0m vi\u1ec7c \u0111\u1ec3 \u0111\u01b0\u1ee3c x\u1eed l\u00fd, b\u1eaft \u0111\u1ea7u t\u1eeb ng\u00e0y b\u1ea1n n\u1ed9p h\u1ed3 s\u01a1 \u0111\u00e3 ho\u00e0n ch\u1ec9nh t\u1ea1i Vi\u1ec7n Di tr\u00fa Qu\u1ed1c gia.<\/p>\n<p style=\"text-align: justify;\"><strong>7. Ph\u00ed th\u1ecb th\u1ef1c\/th\u1ebb th\u01b0\u1eddng tr\u00fa Mexico<\/strong><\/p>\n<p style=\"text-align: justify;\">L\u1ec7 ph\u00ed visa Mexico l\u00e0 kho\u1ea3ng 36 USD, nh\u01b0ng c\u00f3 th\u1ec3 thay \u0111\u1ed5i m\u1ed9t ch\u00fat t\u00f9y thu\u1ed9c v\u00e0o qu\u1ed1c gia b\u1ea1n \u0111\u0103ng k\u00fd.\u00a0Ph\u01b0\u01a1ng th\u1ee9c thanh to\u00e1n b\u1eaft bu\u1ed9c c\u0169ng thay \u0111\u1ed5i: m\u1ed9t s\u1ed1 \u0111\u1ea1i s\u1ee9 qu\u00e1n c\u00f3 th\u1ec3 y\u00eau c\u1ea7u b\u1ea1n thanh to\u00e1n b\u1eb1ng ti\u1ec1n m\u1eb7t, trong khi nh\u1eefng \u0111\u1ea1i s\u1ee9 qu\u00e1n kh\u00e1c y\u00eau c\u1ea7u chuy\u1ec3n kho\u1ea3n ng\u00e2n h\u00e0ng.<\/p>\n<p style=\"text-align: justify;\">Ngo\u00e0i ra, khi n\u1ed9p \u0111\u01a1n xin Th\u1ebb th\u01b0\u1eddng tr\u00fa t\u1ea1i Vi\u1ec7n Nh\u1eadp c\u01b0 Qu\u1ed1c gia, b\u1ea1n c\u0169ng ph\u1ea3i tr\u1ea3 ph\u00ed cho Th\u1ebb (kho\u1ea3ng 5.000 Peso Mexico ho\u1eb7c 250 USD).<\/p>\n<p style=\"text-align: justify;\"><strong>8. Y\u00eau c\u1ea7u \u0111\u1ed1i v\u1edbi Th\u1ebb th\u01b0\u1eddng tr\u00fa Mexico<\/strong><\/p>\n<p style=\"text-align: justify;\">Khi b\u1ea1n n\u1ed9p \u0111\u01a1n xin Th\u01b0\u1eddng tr\u00fa t\u1ea1i Mexico, b\u1ea1n ph\u1ea3i c\u00f3 m\u1ed9t s\u1ed1 t\u00e0i li\u1ec7u h\u1ed7 tr\u1ee3 cho \u0111\u01a1n \u0111\u0103ng k\u00fd c\u1ee7a m\u00ecnh, ch\u1eb3ng h\u1ea1n nh\u01b0:<\/p>\n<p style=\"text-align: justify;\">&#8211; M\u1eabu \u0111\u01a1n xin th\u1ecb th\u1ef1c Mexico \u0111\u00e3 ho\u00e0n th\u00e0nh v\u00e0 c\u00f3 ch\u1eef k\u00fd<\/p>\n<p style=\"text-align: justify;\">&#8211; H\u1ed9 chi\u1ebfu c\u1ee7a b\u1ea1n c\u00f9ng v\u1edbi b\u1ea3n sao c\u1ee7a c\u00e1c trang li\u00ean quan (trang \u0111\u1ea7u ti\u00ean v\u00e0 trang cu\u1ed1i c\u00f9ng, b\u1ea5t k\u1ef3 th\u1ecb th\u1ef1c v\u00e0 tem n\u00e0o b\u1ea1n \u0111\u00e3 nh\u1eadn \u0111\u01b0\u1ee3c)<\/p>\n<p style=\"text-align: justify;\">&#8211; \u1ea2nh c\u1ee1 h\u1ed9 chi\u1ebfu, n\u1ec1n tr\u1eafng, ch\u1ee5p trong s\u00e1u th\u00e1ng qua.<\/p>\n<p style=\"text-align: justify;\">&#8211; Thanh to\u00e1n ph\u00ed th\u1ecb th\u1ef1c<\/p>\n<p style=\"text-align: justify;\">&#8211; \u0110\u00e3 \u0111\u1eb7t v\u00e9 m\u00e1y bay. B\u1ea1n kh\u00f4ng th\u1ef1c s\u1ef1 ph\u1ea3i <em>tr\u1ea3<\/em>ti\u1ec1n v\u00e9 cho \u0111\u1ebfn khi \u0111\u01a1n xin th\u1ecb th\u1ef1c c\u1ee7a b\u1ea1n \u0111\u01b0\u1ee3c ch\u1ea5p thu\u1eadn.<\/p>\n<p style=\"text-align: justify;\">&#8211; C\u00e1c t\u00e0i li\u1ec7u b\u1ed5 sung li\u00ean quan \u0111\u1ebfn m\u1ee5c \u0111\u00edch du l\u1ecbch c\u1ee7a b\u1ea1n, nh\u01b0 chi ti\u1ebft d\u01b0\u1edbi \u0111\u00e2y:<\/p>\n<p style=\"text-align: justify;\"><strong>Y\u00eau c\u1ea7u \u0111\u1ed1i v\u1edbi Visa th\u01b0\u1eddng tr\u00fa Mexico cho s\u1ef1 \u0111o\u00e0n k\u1ebft gia \u0111\u00ecnh<\/strong><\/p>\n<p style=\"text-align: justify;\">N\u1ebfu b\u1ea1n \u0111ang n\u1ed9p \u0111\u01a1n xin th\u01b0\u1eddng tr\u00fa t\u1ea1i Mexico v\u1edbi l\u00fd do \u0111o\u00e0n t\u1ee5 gia \u0111\u00ecnh, b\u1ea1n ph\u1ea3i xu\u1ea5t tr\u00ecnh c\u00e1c t\u00e0i li\u1ec7u sau:<\/p>\n<p style=\"text-align: justify;\">&#8211; N\u1ebfu b\u1ea1n l\u00e0 cha m\u1eb9 c\u1ee7a m\u1ed9t c\u00f4ng d\u00e2n\/th\u01b0\u1eddng tr\u00fa nh\u00e2n Mexico: Gi\u1ea5y khai sinh c\u1ee7a con b\u1ea1n, ghi r\u00f5 t\u00ean c\u1ee7a b\u1ea1n (b\u1ea3n g\u1ed1c v\u00e0 b\u1ea3n sao)<\/p>\n<p style=\"text-align: justify;\">&#8211; N\u1ebfu b\u1ea1n l\u00e0 con c\u1ee7a c\u00f4ng d\u00e2n\/th\u01b0\u1eddng tr\u00fa nh\u00e2n Mexico: Gi\u1ea5y khai sinh c\u1ee7a b\u1ea1n (b\u1ea3n g\u1ed1c v\u00e0 b\u1ea3n sao)<\/p>\n<p style=\"text-align: justify;\">&#8211; N\u1ebfu b\u1ea1n l\u00e0 anh ch\u1ecb em c\u1ee7a c\u00f4ng d\u00e2n\/th\u01b0\u1eddng tr\u00fa nh\u00e2n Mexico: Gi\u1ea5y khai sinh c\u1ee7a c\u1ea3 b\u1ea1n v\u00e0 anh ch\u1ecb em c\u1ee7a b\u1ea1n (b\u1ea3n g\u1ed1c v\u00e0 b\u1ea3n sao)<\/p>\n<p style=\"text-align: justify;\">&#8211; N\u1ebfu b\u1ea1n l\u00e0 con c\u1ee7a v\u1ee3\/ch\u1ed3ng\/b\u1ea1n \u0111\u1eddi chung s\u1ed1ng c\u1ee7a c\u00f4ng d\u00e2n\/th\u01b0\u1eddng tr\u00fa nh\u00e2n Mexico:<\/p>\n<p style=\"padding-left: 40px; text-align: justify;\">+ B\u1eb1ng ch\u1ee9ng v\u1ec1 cu\u1ed9c h\u00f4n nh\u00e2n\/ s\u1ef1 k\u1ebft h\u1ee3p th\u00f4ng lu\u1eadt c\u1ee7a cha m\u1eb9 b\u1ea1n<\/p>\n<p style=\"padding-left: 40px; text-align: justify;\">+ Gi\u1ea5y khai sinh c\u1ee7a b\u1ea1n<\/p>\n<p style=\"text-align: justify;\">&#8211; N\u1ebfu th\u00e0nh vi\u00ean gia \u0111\u00ecnh c\u1ee7a b\u1ea1n c\u00f3 Th\u1ebb th\u01b0\u1eddng tr\u00fa Mexico: Th\u1ebb th\u01b0\u1eddng tr\u00fa h\u1ee3p l\u1ec7 c\u1ee7a h\u1ecd (b\u1ea3n g\u1ed1c v\u00e0 b\u1ea3n sao)<\/p>\n<p style=\"text-align: justify;\">&#8211; B\u1eb1ng ch\u1ee9ng th\u00e0nh vi\u00ean gia \u0111\u00ecnh c\u1ee7a b\u1ea1n c\u00f3 th\u1ec3 h\u1ed7 tr\u1ee3 b\u1ea1n trong th\u1eddi gian l\u01b0u tr\u00fa:<\/p>\n<p style=\"padding-left: 40px; text-align: justify;\">+ B\u00e1o c\u00e1o ng\u00e2n h\u00e0ng ho\u1eb7c bi\u00ean lai \u0111\u1ea7u t\u01b0 (b\u1ea3n g\u1ed1c v\u00e0 b\u1ea3n sao)<\/p>\n<p style=\"padding-left: 40px; text-align: justify;\">+ B\u1eb1ng ch\u1ee9ng th\u00e0nh vi\u00ean gia \u0111\u00ecnh b\u1ea1n c\u00f3 thu nh\u1eadp th\u00f4ng qua vi\u1ec7c l\u00e0m ho\u1eb7c \u0111\u1ea7u t\u01b0<\/p>\n<p style=\"text-align: justify;\"><strong>Ghi nh\u1edb:<\/strong><\/p>\n<p style=\"text-align: justify;\">&#8211; T\u1ea5t c\u1ea3 c\u00e1c t\u00e0i li\u1ec7u ch\u00ednh th\u1ee9c b\u1ea1n g\u1eedi (gi\u1ea5y khai sinh, gi\u1ea5y \u0111\u0103ng k\u00fd k\u1ebft h\u00f4n, v.v.) ph\u1ea3i \u0111\u01b0\u1ee3c h\u1ee3p ph\u00e1p h\u00f3a tr\u01b0\u1edbc \u0111\u00f3 th\u00f4ng qua Apostille ho\u1eb7c \u0111\u1ea1i s\u1ee9 qu\u00e1n Mexico.<\/p>\n<p style=\"text-align: justify;\">&#8211; T\u1ea5t c\u1ea3 c\u00e1c t\u00e0i li\u1ec7u b\u1ea1n g\u1eedi ph\u1ea3i b\u1eb1ng ti\u1ebfng Anh ho\u1eb7c ti\u1ebfng T\u00e2y Ban Nha. N\u1ebfu kh\u00f4ng, b\u1ea1n ph\u1ea3i d\u1ecbch ch\u00fang v\u00e0 n\u1ed9p c\u1ea3 b\u1ea3n g\u1ed1c v\u00e0 b\u1ea3n d\u1ecbch.<\/p>\n<p style=\"text-align: justify;\">&#8211; \u0110\u00e2y kh\u00f4ng ph\u1ea3i l\u00e0 danh s\u00e1ch \u0111\u1ea7y \u0111\u1ee7 c\u00e1c y\u00eau c\u1ea7u. \u0110\u1ea1i s\u1ee9 qu\u00e1n Mexico c\u00f3 th\u1ec3 y\u00eau c\u1ea7u b\u1ea5t k\u1ef3 t\u00e0i li\u1ec7u b\u1ed5 sung n\u00e0o m\u00e0 h\u1ecd th\u1ea5y ph\u00f9 h\u1ee3p.<\/p>\n<p style=\"text-align: justify;\"><strong>9. \u0110i\u1ec1u g\u00ec x\u1ea3y ra n\u1ebfu b\u1ea1n l\u00e0m m\u1ea5t\/ l\u00e0m h\u1ecfng Th\u1ebb c\u01b0 tr\u00fa Mexico c\u1ee7a m\u00ecnh?<\/strong><\/p>\n<p style=\"text-align: justify;\">N\u1ebfu b\u1ea1n b\u1ecb m\u1ea5t ho\u1eb7c h\u01b0 h\u1ecfng Th\u1ebb c\u01b0 tr\u00fa Mexico, b\u1ea1n ph\u1ea3i \u0111\u1ebfn v\u0103n ph\u00f2ng nh\u1eadp c\u01b0 \u0111\u1ecba ph\u01b0\u01a1ng v\u00e0 n\u1ed9p \u0111\u01a1n xin thay th\u1ebf.\u00a0B\u1ea1n ph\u1ea3i mang theo nh\u1eefng gi\u1ea5y t\u1edd sau:<\/p>\n<p style=\"text-align: justify;\">&#8211; H\u1ed9 chi\u1ebfu c\u1ee7a b\u1ea1n (b\u1ea3n g\u1ed1c v\u00e0 b\u1ea3n sao)<\/p>\n<p style=\"text-align: justify;\">&#8211; Ph\u00ed thay th\u1ebf th\u1ebb c\u01b0 tr\u00fa<\/p>\n<p style=\"text-align: justify;\">&#8211; Ba b\u1ee9c \u1ea3nh, hai b\u1ee9c ch\u1ee5p m\u1eb7t tr\u01b0\u1edbc v\u00e0 m\u1ed9t b\u1ee9c ch\u1ee5p t\u1eeb m\u1eb7t b\u00ean tr\u00e1i c\u1ee7a b\u1ea1n<\/p>\n<p style=\"text-align: justify;\">&#8211; N\u1ebfu th\u1ebb c\u01b0 tr\u00fa c\u1ee7a b\u1ea1n b\u1ecb h\u1ecfng: N\u1ed9p Th\u1ebb du l\u1ecbch (FMM) v\u00e0 Visa nh\u1eadp c\u1ea3nh c\u00f9ng v\u1edbi th\u1ebb c\u01b0 tr\u00fa<\/p>\n<p style=\"text-align: justify;\">&#8211; N\u1ebfu th\u1ebb c\u01b0 tr\u00fa c\u1ee7a b\u1ea1n b\u1ecb \u0111\u00e1nh c\u1eafp\/m\u1ea5t: H\u00e3y n\u1ed9p Th\u1ebb du l\u1ecbch (FMM) v\u00e0 Visa nh\u1eadp c\u1ea3nh c\u1ee7a b\u1ea1n<\/p>\n<p style=\"text-align: justify;\">&#8211; M\u1eabu \u0111\u01a1n xin l\u01b0u tr\u00fa l\u00e0m th\u1ee7 t\u1ee5c nh\u1eadp c\u1ea3nh<\/p>\n<p style=\"text-align: justify;\">&#8211; B\u1ea5t k\u1ef3 t\u00e0i li\u1ec7u b\u1ed5 sung n\u00e0o m\u00e0 v\u0103n ph\u00f2ng nh\u1eadp c\u01b0 c\u00f3 th\u1ec3 y\u00eau c\u1ea7u<\/p>\n<p style=\"text-align: justify;\">N\u1ebfu b\u1ea1n b\u1ecb m\u1ea5t ho\u1eb7c h\u01b0 h\u1ecfng Th\u1ebb c\u01b0 tr\u00fa Mexico khi \u0111ang \u1edf n\u01b0\u1edbc ngo\u00e0i, b\u1ea1n ph\u1ea3i \u0111\u1ebfn \u0111\u1ea1i s\u1ee9 qu\u00e1n Mexico \u0111\u1ec3 y\u00eau c\u1ea7u c\u1ea5p l\u1ea1i.<\/p>\n<p style=\"text-align: justify;\"><strong>10. Th\u01b0\u1eddng tr\u00fa nh\u00e2n Mexico tr\u1edf th\u00e0nh c\u00f4ng d\u00e2n Mexico<\/strong><\/p>\n<p style=\"text-align: justify;\">B\u1ea1n c\u00f3 th\u1ec3 n\u1ed9p \u0111\u01a1n xin qu\u1ed1c t\u1ecbch Mexico sau 5 n\u0103m c\u01b0 tr\u00fa \u1edf Mexico, b\u1ea5t k\u1ec3 b\u1ea1n s\u1ed1ng nh\u01b0 m\u1ed9t th\u01b0\u1eddng tr\u00fa nh\u00e2n t\u1ea1m th\u1eddi hay th\u01b0\u1eddng tr\u00fa.\u00a0Mexico cho ph\u00e9p c\u00f3 hai qu\u1ed1c t\u1ecbch, do \u0111\u00f3 b\u1ea1n th\u1eadm ch\u00ed kh\u00f4ng c\u1ea7n ph\u1ea3i t\u1eeb b\u1ecf quy\u1ec1n c\u00f4ng d\u00e2n hi\u1ec7n t\u1ea1i c\u1ee7a m\u00ecnh \u0111\u1ec3 c\u00f3 \u0111\u01b0\u1ee3c n\u00f3.<\/p>\n<p style=\"text-align: justify;\">L\u00e0 m\u1ed9t c\u00f4ng d\u00e2n, b\u1ea1n s\u1ebd c\u00f3 to\u00e0n quy\u1ec1n b\u1ea7u c\u1eed v\u00e0 sinh s\u1ed1ng m\u00e0 kh\u00f4ng s\u1ee3 b\u1ecb tr\u1ee5c xu\u1ea5t.\u00a0H\u1ed9 chi\u1ebfu Mexico c\u0169ng l\u00e0 m\u1ed9t trong nh\u1eefng h\u1ed9 chi\u1ebfu m\u1ea1nh nh\u1ea5t, cho ph\u00e9p nh\u1eadp c\u1ea3nh mi\u1ec5n th\u1ecb th\u1ef1c t\u1edbi h\u01a1n 100 qu\u1ed1c gia.<\/p>\n[\/vc_column_text][\/vc_column][\/vc_row]\n<\/div>","protected":false},"excerpt":{"rendered":"<p>[vc_row css=&#8221;.vc_custom_1748319522819{margin-top: -30px !important;}&#8221;][vc_column][\/vc_column][\/vc_row][vc_row][vc_column][vc_column_text css=&#8221;&#8221;] M\u1ecdi ng\u01b0\u1eddi c\u00f3 \u00fd \u0111\u1ecbnh chuy\u1ec3n \u0111\u1ebfn Mexico trong th\u1eddi gian d\u00e0i h\u01a1n s\u00e1u th\u00e1ng \u0111\u1ec1u ph\u1ea3i c\u00f3 Visa th\u01b0\u1eddng tr\u00fa v\u00e0 Th\u1ebb c\u01b0 tr\u00fa, t\u00f9y thu\u1ed9c v\u00e0o th\u1eddi gian v\u00e0 m\u1ee5c \u0111\u00edch l\u01b0u tr\u00fa c\u1ee7a h\u1ecd.\u00a0Ng\u01b0\u1eddi n\u01b0\u1edbc ngo\u00e0i mu\u1ed1n \u0111\u1ecbnh c\u01b0 l\u00e2u d\u00e0i \u1edf Mexico ph\u1ea3i c\u00f3\u00a0Th\u1ebb th\u01b0\u1eddng tr\u00fa [&hellip;]<\/p>\n","protected":false},"author":4,"featured_media":0,"parent":0,"menu_order":0,"comment_status":"closed","ping_status":"closed","template":"","meta":{"footnotes":""},"class_list":["post-9324","page","type-page","status-publish","hentry"],"_links":{"self":[{"href":"https:\/\/immico.vn\/vi\/wp-json\/wp\/v2\/pages\/9324","targetHints":{"allow":["GET"]}}],"collection":[{"href":"https:\/\/immico.vn\/vi\/wp-json\/wp\/v2\/pages"}],"about":[{"href":"https:\/\/immico.vn\/vi\/wp-json\/wp\/v2\/types\/page"}],"author":[{"embeddable":true,"href":"https:\/\/immico.vn\/vi\/wp-json\/wp\/v2\/users\/4"}],"replies":[{"embeddable":true,"href":"https:\/\/immico.vn\/vi\/wp-json\/wp\/v2\/comments?post=9324"}],"version-history":[{"count":5,"href":"https:\/\/immico.vn\/vi\/wp-json\/wp\/v2\/pages\/9324\/revisions"}],"predecessor-version":[{"id":10584,"href":"https:\/\/immico.vn\/vi\/wp-json\/wp\/v2\/pages\/9324\/revisions\/10584"}],"wp:attachment":[{"href":"https:\/\/immico.vn\/vi\/wp-json\/wp\/v2\/media?parent=9324"}],"curies":[{"name":"wp","href":"https:\/\/api.w.org\/{rel}","templated":true}]}}