{"id":9748,"date":"2024-06-02T06:04:59","date_gmt":"2024-06-02T06:04:59","guid":{"rendered":"https:\/\/immico.vn\/?page_id=9748\/"},"modified":"2025-06-11T07:40:42","modified_gmt":"2025-06-11T07:40:42","slug":"dinh-cu-cac-quoc-gia","status":"publish","type":"page","link":"https:\/\/immico.vn\/vi\/dinh-cu-cac-quoc-gia\/","title":{"rendered":"\u0110\u1ecaNH C\u01af C\u00c1C QU\u1ed0C GIA"},"content":{"rendered":"<div class=\"wpb-content-wrapper\">[vc_row top_margin=&#8221;0&#8243; bottom_margin=&#8221;0&#8243; css=&#8221;.vc_custom_1499912039446{margin-top: -30px !important;}&#8221;][vc_column]<div class=\"shortcode-wrapper shortcode-title clearfix hb-animate-element hb-fade-in\"><p style=\"color:#9a4c3c!important;border-color:#9a4c3c\" class=\"hb-text-large aligncenter\">T\u01b0 V\u1ea5n \u0110\u1ecbnh C\u01b0 C\u00e1c Qu\u1ed1c Gia<\/p><\/div>[\/vc_column][\/vc_row][vc_row][vc_column width=&#8221;1\/4&#8243;]<div class=\"shortcode-wrapper shortcode-content-box clearfix\"><div class=\"hb-box-cont\"><div class=\"hb-box-cont-body\"><a href=\"https:\/\/immico.vn\/vi\/tu-van-dinh-cu-uc-va-cac-loai-visa-uc\/\">\u0110\u1ecbnh C\u01b0 \u00dac (Australia)<\/a><\/p>\n<p><a href=\"https:\/\/immico.vn\/vi\/dinh-cu-dai-loan-taiwan\/\">\u0110\u1ecbnh c\u01b0 \u0110\u00e0i Loan (Taiwan)<\/a><\/p>\n<p><a href=\"https:\/\/immico.vn\/vi\/dinh-cu-han-quoc-korea\/\">\u0110\u1ecbnh c\u01b0 H\u00e0n Qu\u1ed1c (Korea)<\/a><\/p>\n<p><a href=\"https:\/\/immico.vn\/vi\/dinh-cu-nhat-ban-japan\/\">\u0110\u1ecbnh c\u01b0 Nh\u1eadt B\u1ea3n (Japan)<\/a><\/p>\n<p><a href=\"https:\/\/immico.vn\/vi\/dinh-cu-phan-lan-finland\/\">\u0110\u1ecbnh c\u01b0 Ph\u1ea7n Lan (Finland)<\/a><\/p>\n<p><a href=\"https:\/\/immico.vn\/vi\/dinh-cu-new-zealand\/\">\u0110\u1ecbnh c\u01b0 New Zealand<\/a><\/p>\n<p><a href=\"https:\/\/immico.vn\/vi\/dinh-cu-anh-england\/\">\u0110\u1ecbnh c\u01b0 Anh (England)<\/a><\/div><\/div><\/div>[\/vc_column][vc_column width=&#8221;1\/4&#8243;]<div class=\"shortcode-wrapper shortcode-content-box clearfix\"><div class=\"hb-box-cont\"><div class=\"hb-box-cont-body\"><a href=\"https:\/\/immico.vn\/vi\/tu-van-dinh-cu-va-cac-loai-visa-canada\/\">\u0110\u1ecbnh C\u01b0 Canada<\/a><\/p>\n<p><a href=\"https:\/\/immico.vn\/vi\/dinh-cu-thuy-si-switzerland\/\">\u0110\u1ecbnh C\u01b0 Th\u1ee5y S\u0129 (Switzerland)<\/a><\/p>\n<p><a href=\"https:\/\/immico.vn\/vi\/dinh-cu-tho-nhi-ky-turkey\/\">\u0110\u1ecbnh c\u01b0 Th\u1ed5 Nh\u0129 K\u1ef3 (Turkey)<\/a><\/p>\n<p><a href=\"https:\/\/immico.vn\/vi\/dinh-cu-singapore\/\">\u0110\u1ecbnh c\u01b0 Singapore<\/a><\/p>\n<p><a href=\"https:\/\/immico.vn\/vi\/dinh-cu-dan-mach-denmark\/\">\u0110\u1ecbnh c\u01b0 \u0110an M\u1ea1ch (Denmark)<\/a><\/p>\n<p><a href=\"https:\/\/immico.vn\/vi\/dinh-cu-phap-france\/\">\u0110\u1ecbnh c\u01b0 Ph\u00e1p (France)<\/a><\/p>\n<p><a href=\"https:\/\/immico.vn\/vi\/dinh-cu-bi-belgium\/\">\u0110\u1ecbnh c\u01b0 B\u1ec9 (Belgium)<\/a><\/div><\/div><\/div>[vc_empty_space height=&#8221;40px&#8221;][\/vc_column][vc_column width=&#8221;1\/4&#8243;]<div class=\"shortcode-wrapper shortcode-content-box clearfix\"><div class=\"hb-box-cont\"><div class=\"hb-box-cont-body\"><a href=\"https:\/\/immico.vn\/vi\/tu-van-dinh-cu-va-cac-loai-visa-my\/\">\u0110\u1ecbnh C\u01b0 M\u1ef9<\/a><\/p>\n<p><a href=\"https:\/\/immico.vn\/vi\/dinh-cu-tay-ban-nha-spain\/\">\u0110\u1ecbnh c\u01b0 T\u00e2y Ban Nha (Spain)<\/a><\/p>\n<p><a href=\"https:\/\/immico.vn\/vi\/dinh-cu-dao-sip-cyprus\/\">\u0110\u1ecbnh c\u01b0 \u0110\u1ea3o S\u00edp (Cyprus)<\/a><\/p>\n<p><a href=\"https:\/\/immico.vn\/vi\/dinh-cu-bo-dao-nha-portugal\/\">\u0110\u1ecbnh c\u01b0 B\u1ed3 \u0110\u00e0o Nha (Portugal)<\/a><\/p>\n<p><a href=\"https:\/\/immico.vn\/vi\/dinh-cu-malta\/\">\u0110\u1ecbnh c\u01b0 Malta<\/a><\/p>\n<p><a href=\"https:\/\/immico.vn\/vi\/dinh-cu-y-italy\/\">\u0110\u1ecbnh c\u01b0 \u00dd (Italy)<\/a><\/p>\n<p><a href=\"https:\/\/immico.vn\/vi\/dinh-cu-malaysia\/\">\u0110\u1ecbnh c\u01b0 Malaysia<\/a><\/div><\/div><\/div>[\/vc_column][vc_column width=&#8221;1\/4&#8243;]<div class=\"shortcode-wrapper shortcode-content-box clearfix\"><div class=\"hb-box-cont\"><div class=\"hb-box-cont-body\"><a href=\"https:\/\/immico.vn\/vi\/dinh-cu-mexico\/\">\u0110\u1ecbnh c\u01b0 Mexico<\/a><\/p>\n<p><a href=\"https:\/\/immico.vn\/vi\/dinh-cu-trung-quoc-china\/\">\u0110\u1ecbnh c\u01b0 Trung Qu\u1ed1c (China)<\/a><\/p>\n<p><a href=\"https:\/\/immico.vn\/vi\/dinh-cu-slovakia\/\">\u0110\u1ecbnh c\u01b0 Slovakia<\/a><\/p>\n<p><a href=\"https:\/\/immico.vn\/vi\/dinh-cu-cong-hoa-dominicana-dominican-republic\/\">\u0110\u1ecbnh c\u01b0 C\u1ed9ng h\u00f2a Dominicana (Dominican Republic)<\/a><\/p>\n<p><a href=\"https:\/\/immico.vn\/vi\/dinh-cu-duc-germany-2\/\">\u0110\u1ecbnh c\u01b0 \u0110\u1ee9c (Germany)<\/a><\/p>\n<p><a href=\"https:\/\/immico.vn\/vi\/dinh-cu-ha-lan-netherlands\/\">\u0110\u1ecbnh c\u01b0 H\u00e0 Lan (Netherlands)<\/a><\/div><\/div><\/div>[\/vc_column][\/vc_row][vc_row][vc_column width=&#8221;1\/3&#8243;]<div class=\"shortcode-wrapper shortcode-icon-column clearfix hb-animate-element hb-fade-in\"><div class=\"feature-box standard-icon-box alignleft\"><div class=\"feature-box-content\"><h4 class=\"bold\"><i class=\"hb-moon-medal-2 title-icon\"><\/i>Gi\u1ea3i ph\u00e1p Di tr\u00fa \u0110\u01a1n gi\u1ea3n<\/h4>Ch\u00fang t\u00f4i cung c\u1ea5p nh\u1eefng gi\u1ea3i ph\u00e1p di tr\u00fa \u0111\u01a1n gi\u1ea3n, ph\u00f9 h\u1ee3p ri\u00eang v\u1edbi nhu c\u1ea7u c\u1ee7a b\u1ea1n, gi\u00fap qu\u00e1 tr\u00ecnh \u0111\u1ecbnh c\u01b0 di\u1ec5n ra d\u1ec5 d\u00e0ng v\u00e0 thu\u1eadn l\u1ee3i.<\/div><\/div><\/div>[\/vc_column][vc_column width=&#8221;1\/3&#8243;]<div class=\"shortcode-wrapper shortcode-icon-column clearfix hb-animate-element hb-fade-in\"><div class=\"feature-box standard-icon-box alignleft\"><div class=\"feature-box-content\"><h4 class=\"bold\"><i class=\"hb-moon-balance title-icon\"><\/i>H\u1ed7 tr\u1ee3 t\u01b0 v\u1ea5n t\u1eadn t\u00e2m<\/h4>Ch\u00fang t\u00f4i kh\u00f4ng ch\u1ec9 x\u1eed l\u00fd h\u1ed3 s\u01a1, m\u00e0 c\u00f2n h\u01b0\u1edbng \u0111\u1ebfn vi\u1ec7c x\u00e2y d\u1ef1ng m\u1ed1i quan h\u1ec7 l\u00e2u d\u00e0i, cung c\u1ea5p h\u1ed7 tr\u1ee3 li\u00ean t\u1ee5c tr\u01b0\u1edbc, trong v\u00e0 sau khi b\u1ea1n ho\u00e0n t\u1ea5t qu\u00e1 tr\u00ecnh \u0111\u1ecbnh c\u01b0.<\/div><\/div><\/div>[\/vc_column][vc_column width=&#8221;1\/3&#8243;]<div class=\"shortcode-wrapper shortcode-icon-column clearfix hb-animate-element hb-fade-in\"><div class=\"feature-box standard-icon-box alignleft\"><div class=\"feature-box-content\"><h4 class=\"bold\"><i class=\"hb-moon-coin title-icon\"><\/i>Gi\u00e1 c\u1ea3 c\u1ea1nh tranh v\u00e0 minh b\u1ea1ch<\/h4>Ch\u00fang t\u00f4i x\u00e2y d\u1ef1ng uy t\u00edn d\u1ef1a tr\u00ean s\u1ef1 tin t\u01b0\u1edfng, minh b\u1ea1ch v\u00e0 k\u1ebft qu\u1ea3 th\u1ef1c t\u1ebf. Ch\u00fang t\u00f4i cam k\u1ebft cung c\u1ea5p d\u1ecbch v\u1ee5 ch\u1ea5t l\u01b0\u1ee3ng v\u00e0 s\u1ef1 h\u00e0i l\u00f2ng c\u1ee7a kh\u00e1ch h\u00e0ng v\u1edbi chi ph\u00ed c\u1ea1nh tranh nh\u1ea5t.<\/div><\/div><\/div>[\/vc_column][\/vc_row]\n<\/div>","protected":false},"excerpt":{"rendered":"<p>[vc_row top_margin=&#8221;0&#8243; bottom_margin=&#8221;0&#8243; css=&#8221;.vc_custom_1499912039446{margin-top: -30px !important;}&#8221;][vc_column][\/vc_column][\/vc_row][vc_row][vc_column width=&#8221;1\/4&#8243;][\/vc_column][vc_column width=&#8221;1\/4&#8243;][vc_empty_space height=&#8221;40px&#8221;][\/vc_column][vc_column width=&#8221;1\/4&#8243;][\/vc_column][vc_column width=&#8221;1\/4&#8243;][\/vc_column][\/vc_row][vc_row][vc_column width=&#8221;1\/3&#8243;][\/vc_column][vc_column width=&#8221;1\/3&#8243;][\/vc_column][vc_column width=&#8221;1\/3&#8243;][\/vc_column][\/vc_row]<\/p>\n","protected":false},"author":4,"featured_media":0,"parent":0,"menu_order":0,"comment_status":"closed","ping_status":"closed","template":"","meta":{"footnotes":""},"class_list":["post-9748","page","type-page","status-publish","hentry"],"_links":{"self":[{"href":"https:\/\/immico.vn\/vi\/wp-json\/wp\/v2\/pages\/9748","targetHints":{"allow":["GET"]}}],"collection":[{"href":"https:\/\/immico.vn\/vi\/wp-json\/wp\/v2\/pages"}],"about":[{"href":"https:\/\/immico.vn\/vi\/wp-json\/wp\/v2\/types\/page"}],"author":[{"embeddable":true,"href":"https:\/\/immico.vn\/vi\/wp-json\/wp\/v2\/users\/4"}],"replies":[{"embeddable":true,"href":"https:\/\/immico.vn\/vi\/wp-json\/wp\/v2\/comments?post=9748"}],"version-history":[{"count":5,"href":"https:\/\/immico.vn\/vi\/wp-json\/wp\/v2\/pages\/9748\/revisions"}],"predecessor-version":[{"id":10686,"href":"https:\/\/immico.vn\/vi\/wp-json\/wp\/v2\/pages\/9748\/revisions\/10686"}],"wp:attachment":[{"href":"https:\/\/immico.vn\/vi\/wp-json\/wp\/v2\/media?parent=9748"}],"curies":[{"name":"wp","href":"https:\/\/api.w.org\/{rel}","templated":true}]}}